{"id":1252,"date":"2016-03-15T15:51:06","date_gmt":"2016-03-15T14:51:06","guid":{"rendered":"http:\/\/wpdev.qbiq.nl\/home\/"},"modified":"2025-12-05T12:19:04","modified_gmt":"2025-12-05T11:19:04","slug":"home","status":"publish","type":"page","link":"https:\/\/www.qbiq.nl\/de\/","title":{"rendered":"Home"},"content":{"rendered":"<h1>QbiQ macht den Weg f\u00fcr intelligente L\u00f6sungen frei<\/h1>\n<p>Designen hei\u00dft Gestalten. In M\u00f6glichkeiten zu denken, nicht in Grenzen.<\/p>\n<p>Mit den intelligenten Glaswandl\u00f6sungen und die vielf\u00e4ltige Gestaltungsm\u00f6glichkeiten von QbiQ k\u00f6nnen Sie alles umsetzen und jedes Objekt wird einzigartig sein. \u00dcberraschen Sie Ihre Klienten mit besonderen R\u00e4umen, die perfekt auf ihre W\u00fcnsche zugeschnitten sind.<\/p>\n<p>&nbsp;<\/p>\n","protected":false},"excerpt":{"rendered":"<p>QbiQ macht den Weg f\u00fcr intelligente L\u00f6sungen frei Designen hei\u00dft Gestalten. In M\u00f6glichkeiten zu denken, nicht in Grenzen. Mit den intelligenten Glaswandl\u00f6sungen und die vielf\u00e4ltige Gestaltungsm\u00f6glichkeiten von QbiQ k\u00f6nnen Sie alles umsetzen und jedes Objekt wird einzigartig sein. \u00dcberraschen Sie Ihre Klienten mit besonderen R\u00e4umen, die perfekt auf ihre W\u00fcnsche zugeschnitten sind. &nbsp;<\/p>\n","protected":false},"author":1,"featured_media":20073,"parent":0,"menu_order":0,"comment_status":"closed","ping_status":"closed","template":"","meta":{"_acf_changed":false,"footnotes":""},"class_list":["post-1252","page","type-page","status-publish","has-post-thumbnail","hentry"],"acf":[],"yoast_head":"<!-- This site is optimized with the Yoast SEO plugin v27.5 - https:\/\/yoast.com\/product\/yoast-seo-wordpress\/ -->\n<title>QbiQ Wall Systems<\/title>\n<meta name=\"robots\" content=\"index, follow, max-snippet:-1, max-image-preview:large, max-video-preview:-1\" \/>\n<link rel=\"canonical\" href=\"https:\/\/www.qbiq.nl\/de\/\" \/>\n<meta property=\"og:locale\" content=\"de_DE\" \/>\n<meta property=\"og:type\" content=\"article\" \/>\n<meta property=\"og:title\" content=\"QbiQ Wall Systems\" \/>\n<meta property=\"og:description\" content=\"QbiQ macht den Weg f\u00fcr intelligente L\u00f6sungen frei Designen hei\u00dft Gestalten. In M\u00f6glichkeiten zu denken, nicht in Grenzen. Mit den intelligenten Glaswandl\u00f6sungen und die vielf\u00e4ltige Gestaltungsm\u00f6glichkeiten von QbiQ k\u00f6nnen Sie alles umsetzen und jedes Objekt wird einzigartig sein. \u00dcberraschen Sie Ihre Klienten mit besonderen R\u00e4umen, die perfekt auf ihre W\u00fcnsche zugeschnitten sind. &nbsp;\" \/>\n<meta property=\"og:url\" content=\"https:\/\/www.qbiq.nl\/de\/\" \/>\n<meta property=\"og:site_name\" content=\"QbiQ Wall Systems\" \/>\n<meta property=\"article:publisher\" content=\"https:\/\/www.facebook.com\/qbiqwallsystems\" \/>\n<meta property=\"article:modified_time\" content=\"2025-12-05T11:19:04+00:00\" \/>\n<meta property=\"og:image\" content=\"https:\/\/www.qbiq.nl\/wp-content\/uploads\/2023\/04\/glazen_systeemwanden.jpg\" \/>\n\t<meta property=\"og:image:width\" content=\"1378\" \/>\n\t<meta property=\"og:image:height\" content=\"865\" \/>\n\t<meta property=\"og:image:type\" content=\"image\/jpeg\" \/>\n<meta name=\"twitter:card\" content=\"summary_large_image\" \/>\n<meta name=\"twitter:site\" content=\"@QbiQ1\" \/>\n<meta name=\"twitter:label1\" content=\"Gesch\u00e4tzte Lesezeit\" \/>\n\t<meta name=\"twitter:data1\" content=\"2\u00a0Minuten\" \/>\n<script type=\"application\/ld+json\" class=\"yoast-schema-graph\">{\"@context\":\"https:\\\/\\\/schema.org\",\"@graph\":[{\"@type\":\"WebPage\",\"@id\":\"https:\\\/\\\/www.qbiq.nl\\\/de\\\/\",\"url\":\"https:\\\/\\\/www.qbiq.nl\\\/de\\\/\",\"name\":\"QbiQ Wall Systems\",\"isPartOf\":{\"@id\":\"https:\\\/\\\/www.qbiq.nl\\\/?lang=en\\\/#website\"},\"primaryImageOfPage\":{\"@id\":\"https:\\\/\\\/www.qbiq.nl\\\/de\\\/#primaryimage\"},\"image\":{\"@id\":\"https:\\\/\\\/www.qbiq.nl\\\/de\\\/#primaryimage\"},\"thumbnailUrl\":\"https:\\\/\\\/www.qbiq.nl\\\/wp-content\\\/uploads\\\/2023\\\/04\\\/glazen_systeemwanden.jpg\",\"datePublished\":\"2016-03-15T14:51:06+00:00\",\"dateModified\":\"2025-12-05T11:19:04+00:00\",\"breadcrumb\":{\"@id\":\"https:\\\/\\\/www.qbiq.nl\\\/de\\\/#breadcrumb\"},\"inLanguage\":\"de\",\"potentialAction\":[{\"@type\":\"ReadAction\",\"target\":[\"https:\\\/\\\/www.qbiq.nl\\\/de\\\/\"]}]},{\"@type\":\"ImageObject\",\"inLanguage\":\"de\",\"@id\":\"https:\\\/\\\/www.qbiq.nl\\\/de\\\/#primaryimage\",\"url\":\"https:\\\/\\\/www.qbiq.nl\\\/wp-content\\\/uploads\\\/2023\\\/04\\\/glazen_systeemwanden.jpg\",\"contentUrl\":\"https:\\\/\\\/www.qbiq.nl\\\/wp-content\\\/uploads\\\/2023\\\/04\\\/glazen_systeemwanden.jpg\",\"width\":1378,\"height\":865,\"caption\":\"Systeemwanden\"},{\"@type\":\"BreadcrumbList\",\"@id\":\"https:\\\/\\\/www.qbiq.nl\\\/de\\\/#breadcrumb\",\"itemListElement\":[{\"@type\":\"ListItem\",\"position\":1,\"name\":\"Home\",\"item\":\"https:\\\/\\\/www.qbiq.nl\\\/de\\\/\"},{\"@type\":\"ListItem\",\"position\":2,\"name\":\"Home\"}]},{\"@type\":\"WebSite\",\"@id\":\"https:\\\/\\\/www.qbiq.nl\\\/?lang=en\\\/#website\",\"url\":\"https:\\\/\\\/www.qbiq.nl\\\/?lang=en\\\/\",\"name\":\"QbiQ Wall Systems\",\"description\":\"QbiQ geeft iQ de ruimte\",\"publisher\":{\"@id\":\"https:\\\/\\\/www.qbiq.nl\\\/?lang=en\\\/#organization\"},\"potentialAction\":[{\"@type\":\"SearchAction\",\"target\":{\"@type\":\"EntryPoint\",\"urlTemplate\":\"https:\\\/\\\/www.qbiq.nl\\\/?lang=en\\\/?s={search_term_string}\"},\"query-input\":{\"@type\":\"PropertyValueSpecification\",\"valueRequired\":true,\"valueName\":\"search_term_string\"}}],\"inLanguage\":\"de\"},{\"@type\":\"Organization\",\"@id\":\"https:\\\/\\\/www.qbiq.nl\\\/?lang=en\\\/#organization\",\"name\":\"QbiQ Wall Systems\",\"url\":\"https:\\\/\\\/www.qbiq.nl\\\/de\\\/\",\"logo\":{\"@type\":\"ImageObject\",\"url\":\"https:\\\/\\\/www.qbiq.nl\\\/wp-content\\\/themes\\\/qbiq\\\/public\\\/img\\\/logo.png\",\"width\":200,\"height\":60},\"image\":{\"@id\":\"https:\\\/\\\/www.qbiq.nl\\\/?lang=en\\\/#\\\/schema\\\/logo\\\/image\\\/\"},\"sameAs\":[\"https:\\\/\\\/www.facebook.com\\\/qbiqwallsystems\\\/\",\"https:\\\/\\\/www.linkedin.com\\\/company\\\/qbiqwallsystems\",\"https:\\\/\\\/www.youtube.com\\\/channel\\\/UC0-xp-sYAd3L3B6q03uvFCQ\",\"https:\\\/\\\/www.instagram.com\\\/qbiqwallsystems\\\/\"],\"telephone\":\"+31 88 50 10 500\",\"address\":{\"@type\":\"PostalAddress\",\"streetAddress\":\"Poppenbouwing 26\",\"addressLocality\":\"Nieuwegein\",\"postalCode\":\"3431 HP\",\"addressCountry\":\"NL\"}}]}<\/script>\n<!-- \/ Yoast SEO plugin. -->","yoast_head_json":{"title":"QbiQ Wall Systems","robots":{"index":"index","follow":"follow","max-snippet":"max-snippet:-1","max-image-preview":"max-image-preview:large","max-video-preview":"max-video-preview:-1"},"canonical":"https:\/\/www.qbiq.nl\/de\/","og_locale":"de_DE","og_type":"article","og_title":"QbiQ Wall Systems","og_description":"QbiQ macht den Weg f\u00fcr intelligente L\u00f6sungen frei Designen hei\u00dft Gestalten. In M\u00f6glichkeiten zu denken, nicht in Grenzen. Mit den intelligenten Glaswandl\u00f6sungen und die vielf\u00e4ltige Gestaltungsm\u00f6glichkeiten von QbiQ k\u00f6nnen Sie alles umsetzen und jedes Objekt wird einzigartig sein. \u00dcberraschen Sie Ihre Klienten mit besonderen R\u00e4umen, die perfekt auf ihre W\u00fcnsche zugeschnitten sind. &nbsp;","og_url":"https:\/\/www.qbiq.nl\/de\/","og_site_name":"QbiQ Wall Systems","article_publisher":"https:\/\/www.facebook.com\/qbiqwallsystems","article_modified_time":"2025-12-05T11:19:04+00:00","og_image":[{"width":1378,"height":865,"url":"https:\/\/www.qbiq.nl\/wp-content\/uploads\/2023\/04\/glazen_systeemwanden.jpg","type":"image\/jpeg"}],"twitter_card":"summary_large_image","twitter_site":"@QbiQ1","twitter_misc":{"Gesch\u00e4tzte Lesezeit":"2\u00a0Minuten"},"schema":{"@context":"https:\/\/schema.org","@graph":[{"@type":"WebPage","@id":"https:\/\/www.qbiq.nl\/de\/","url":"https:\/\/www.qbiq.nl\/de\/","name":"QbiQ Wall Systems","isPartOf":{"@id":"https:\/\/www.qbiq.nl\/?lang=en\/#website"},"primaryImageOfPage":{"@id":"https:\/\/www.qbiq.nl\/de\/#primaryimage"},"image":{"@id":"https:\/\/www.qbiq.nl\/de\/#primaryimage"},"thumbnailUrl":"https:\/\/www.qbiq.nl\/wp-content\/uploads\/2023\/04\/glazen_systeemwanden.jpg","datePublished":"2016-03-15T14:51:06+00:00","dateModified":"2025-12-05T11:19:04+00:00","breadcrumb":{"@id":"https:\/\/www.qbiq.nl\/de\/#breadcrumb"},"inLanguage":"de","potentialAction":[{"@type":"ReadAction","target":["https:\/\/www.qbiq.nl\/de\/"]}]},{"@type":"ImageObject","inLanguage":"de","@id":"https:\/\/www.qbiq.nl\/de\/#primaryimage","url":"https:\/\/www.qbiq.nl\/wp-content\/uploads\/2023\/04\/glazen_systeemwanden.jpg","contentUrl":"https:\/\/www.qbiq.nl\/wp-content\/uploads\/2023\/04\/glazen_systeemwanden.jpg","width":1378,"height":865,"caption":"Systeemwanden"},{"@type":"BreadcrumbList","@id":"https:\/\/www.qbiq.nl\/de\/#breadcrumb","itemListElement":[{"@type":"ListItem","position":1,"name":"Home","item":"https:\/\/www.qbiq.nl\/de\/"},{"@type":"ListItem","position":2,"name":"Home"}]},{"@type":"WebSite","@id":"https:\/\/www.qbiq.nl\/?lang=en\/#website","url":"https:\/\/www.qbiq.nl\/?lang=en\/","name":"QbiQ Wall Systems","description":"QbiQ geeft iQ de ruimte","publisher":{"@id":"https:\/\/www.qbiq.nl\/?lang=en\/#organization"},"potentialAction":[{"@type":"SearchAction","target":{"@type":"EntryPoint","urlTemplate":"https:\/\/www.qbiq.nl\/?lang=en\/?s={search_term_string}"},"query-input":{"@type":"PropertyValueSpecification","valueRequired":true,"valueName":"search_term_string"}}],"inLanguage":"de"},{"@type":"Organization","@id":"https:\/\/www.qbiq.nl\/?lang=en\/#organization","name":"QbiQ Wall Systems","url":"https:\/\/www.qbiq.nl\/de\/","logo":{"@type":"ImageObject","url":"https:\/\/www.qbiq.nl\/wp-content\/themes\/qbiq\/public\/img\/logo.png","width":200,"height":60},"image":{"@id":"https:\/\/www.qbiq.nl\/?lang=en\/#\/schema\/logo\/image\/"},"sameAs":["https:\/\/www.facebook.com\/qbiqwallsystems\/","https:\/\/www.linkedin.com\/company\/qbiqwallsystems","https:\/\/www.youtube.com\/channel\/UC0-xp-sYAd3L3B6q03uvFCQ","https:\/\/www.instagram.com\/qbiqwallsystems\/"],"telephone":"+31 88 50 10 500","address":{"@type":"PostalAddress","streetAddress":"Poppenbouwing 26","addressLocality":"Nieuwegein","postalCode":"3431 HP","addressCountry":"NL"}}]}},"_links":{"self":[{"href":"https:\/\/www.qbiq.nl\/de\/wp-json\/wp\/v2\/pages\/1252","targetHints":{"allow":["GET"]}}],"collection":[{"href":"https:\/\/www.qbiq.nl\/de\/wp-json\/wp\/v2\/pages"}],"about":[{"href":"https:\/\/www.qbiq.nl\/de\/wp-json\/wp\/v2\/types\/page"}],"author":[{"embeddable":true,"href":"https:\/\/www.qbiq.nl\/de\/wp-json\/wp\/v2\/users\/1"}],"replies":[{"embeddable":true,"href":"https:\/\/www.qbiq.nl\/de\/wp-json\/wp\/v2\/comments?post=1252"}],"version-history":[{"count":10,"href":"https:\/\/www.qbiq.nl\/de\/wp-json\/wp\/v2\/pages\/1252\/revisions"}],"predecessor-version":[{"id":23973,"href":"https:\/\/www.qbiq.nl\/de\/wp-json\/wp\/v2\/pages\/1252\/revisions\/23973"}],"wp:featuredmedia":[{"embeddable":true,"href":"https:\/\/www.qbiq.nl\/de\/wp-json\/wp\/v2\/media\/20073"}],"wp:attachment":[{"href":"https:\/\/www.qbiq.nl\/de\/wp-json\/wp\/v2\/media?parent=1252"}],"curies":[{"name":"wp","href":"https:\/\/api.w.org\/{rel}","templated":true}]}}