{"id":1277,"date":"2016-04-18T11:08:24","date_gmt":"2016-04-18T09:08:24","guid":{"rendered":"http:\/\/wpdev.qbiq.nl\/inspiration\/"},"modified":"2019-10-10T11:26:37","modified_gmt":"2019-10-10T09:26:37","slug":"inspiration","status":"publish","type":"page","link":"https:\/\/www.qbiq.nl\/de\/inspiration\/","title":{"rendered":"Inspiration"},"content":{"rendered":"<h1><strong>Qualit\u00e4t bis ins Detail<\/strong><\/h1>\n<p>Die cleveren Wand- und Glasl\u00f6sungen von QbiQ geh\u00f6ren zu tonangebenden  Projekten im In- und Ausland. Wir sind stolz auf unsere, in enger Zusammenarbeit mit unseren Auftraggebern entstandene, Projekte. Diese zeigen wir auch gern, lassen Sie sich inspirieren! Sie m\u00f6chten noch mehr sehen und wissen?<br \/>\n<a href=\"mailto:info@qbiq.nl\"><u>Vereinbaren Sie schnell einen Termin.<\/u>!<\/a><\/p>\n","protected":false},"excerpt":{"rendered":"<p>Qualit\u00e4t bis ins Detail Die cleveren Wand- und Glasl\u00f6sungen von QbiQ geh\u00f6ren zu tonangebenden Projekten im In- und Ausland. Wir sind stolz auf unsere, in enger Zusammenarbeit mit unseren Auftraggebern entstandene, Projekte. Diese zeigen wir auch gern, lassen Sie sich inspirieren! Sie m\u00f6chten noch mehr sehen und wissen? Vereinbaren Sie schnell einen Termin.!<\/p>\n","protected":false},"author":1,"featured_media":0,"parent":0,"menu_order":0,"comment_status":"closed","ping_status":"closed","template":"page-inspiratie.php","meta":{"_acf_changed":false,"footnotes":""},"class_list":["post-1277","page","type-page","status-publish","hentry"],"acf":[],"yoast_head":"<!-- This site is optimized with the Yoast SEO plugin v27.5 - https:\/\/yoast.com\/product\/yoast-seo-wordpress\/ -->\n<title>Inspiration - QbiQ Wall Systems<\/title>\n<meta name=\"robots\" content=\"index, follow, max-snippet:-1, max-image-preview:large, max-video-preview:-1\" \/>\n<link rel=\"canonical\" href=\"https:\/\/www.qbiq.nl\/inspiration\/?lang=de\" \/>\n<meta property=\"og:locale\" content=\"de_DE\" \/>\n<meta property=\"og:type\" content=\"article\" \/>\n<meta property=\"og:title\" content=\"Inspiration - QbiQ Wall Systems\" \/>\n<meta property=\"og:description\" content=\"Qualit\u00e4t bis ins Detail Die cleveren Wand- und Glasl\u00f6sungen von QbiQ geh\u00f6ren zu tonangebenden Projekten im In- und Ausland. Wir sind stolz auf unsere, in enger Zusammenarbeit mit unseren Auftraggebern entstandene, Projekte. Diese zeigen wir auch gern, lassen Sie sich inspirieren! Sie m\u00f6chten noch mehr sehen und wissen? Vereinbaren Sie schnell einen Termin.!\" \/>\n<meta property=\"og:url\" content=\"https:\/\/www.qbiq.nl\/inspiration\/?lang=de\" \/>\n<meta property=\"og:site_name\" content=\"QbiQ Wall Systems\" \/>\n<meta property=\"article:publisher\" content=\"https:\/\/www.facebook.com\/qbiqwallsystems\" \/>\n<meta property=\"article:modified_time\" content=\"2019-10-10T09:26:37+00:00\" \/>\n<meta name=\"twitter:card\" content=\"summary_large_image\" \/>\n<meta name=\"twitter:site\" content=\"@QbiQ1\" \/>\n<script type=\"application\/ld+json\" class=\"yoast-schema-graph\">{\"@context\":\"https:\\\/\\\/schema.org\",\"@graph\":[{\"@type\":\"WebPage\",\"@id\":\"https:\\\/\\\/www.qbiq.nl\\\/inspiration\\\/?lang=de\",\"url\":\"https:\\\/\\\/www.qbiq.nl\\\/inspiration\\\/?lang=de\",\"name\":\"Inspiration - QbiQ Wall Systems\",\"isPartOf\":{\"@id\":\"https:\\\/\\\/www.qbiq.nl\\\/?lang=en\\\/#website\"},\"datePublished\":\"2016-04-18T09:08:24+00:00\",\"dateModified\":\"2019-10-10T09:26:37+00:00\",\"breadcrumb\":{\"@id\":\"https:\\\/\\\/www.qbiq.nl\\\/inspiration\\\/?lang=de#breadcrumb\"},\"inLanguage\":\"de\",\"potentialAction\":[{\"@type\":\"ReadAction\",\"target\":[\"https:\\\/\\\/www.qbiq.nl\\\/inspiration\\\/?lang=de\"]}]},{\"@type\":\"BreadcrumbList\",\"@id\":\"https:\\\/\\\/www.qbiq.nl\\\/inspiration\\\/?lang=de#breadcrumb\",\"itemListElement\":[{\"@type\":\"ListItem\",\"position\":1,\"name\":\"Home\",\"item\":\"https:\\\/\\\/www.qbiq.nl\\\/de\\\/\"},{\"@type\":\"ListItem\",\"position\":2,\"name\":\"Inspiration\"}]},{\"@type\":\"WebSite\",\"@id\":\"https:\\\/\\\/www.qbiq.nl\\\/?lang=en\\\/#website\",\"url\":\"https:\\\/\\\/www.qbiq.nl\\\/?lang=en\\\/\",\"name\":\"QbiQ Wall Systems\",\"description\":\"QbiQ geeft iQ de ruimte\",\"publisher\":{\"@id\":\"https:\\\/\\\/www.qbiq.nl\\\/?lang=en\\\/#organization\"},\"potentialAction\":[{\"@type\":\"SearchAction\",\"target\":{\"@type\":\"EntryPoint\",\"urlTemplate\":\"https:\\\/\\\/www.qbiq.nl\\\/?lang=en\\\/?s={search_term_string}\"},\"query-input\":{\"@type\":\"PropertyValueSpecification\",\"valueRequired\":true,\"valueName\":\"search_term_string\"}}],\"inLanguage\":\"de\"},{\"@type\":\"Organization\",\"@id\":\"https:\\\/\\\/www.qbiq.nl\\\/?lang=en\\\/#organization\",\"name\":\"QbiQ Wall Systems\",\"url\":\"https:\\\/\\\/www.qbiq.nl\\\/de\\\/\",\"logo\":{\"@type\":\"ImageObject\",\"url\":\"https:\\\/\\\/www.qbiq.nl\\\/wp-content\\\/themes\\\/qbiq\\\/public\\\/img\\\/logo.png\",\"width\":200,\"height\":60},\"image\":{\"@id\":\"https:\\\/\\\/www.qbiq.nl\\\/?lang=en\\\/#\\\/schema\\\/logo\\\/image\\\/\"},\"sameAs\":[\"https:\\\/\\\/www.facebook.com\\\/qbiqwallsystems\\\/\",\"https:\\\/\\\/www.linkedin.com\\\/company\\\/qbiqwallsystems\",\"https:\\\/\\\/www.youtube.com\\\/channel\\\/UC0-xp-sYAd3L3B6q03uvFCQ\",\"https:\\\/\\\/www.instagram.com\\\/qbiqwallsystems\\\/\"],\"telephone\":\"+31 88 50 10 500\",\"address\":{\"@type\":\"PostalAddress\",\"streetAddress\":\"Poppenbouwing 26\",\"addressLocality\":\"Nieuwegein\",\"postalCode\":\"3431 HP\",\"addressCountry\":\"NL\"}}]}<\/script>\n<!-- \/ Yoast SEO plugin. -->","yoast_head_json":{"title":"Inspiration - QbiQ Wall Systems","robots":{"index":"index","follow":"follow","max-snippet":"max-snippet:-1","max-image-preview":"max-image-preview:large","max-video-preview":"max-video-preview:-1"},"canonical":"https:\/\/www.qbiq.nl\/inspiration\/?lang=de","og_locale":"de_DE","og_type":"article","og_title":"Inspiration - QbiQ Wall Systems","og_description":"Qualit\u00e4t bis ins Detail Die cleveren Wand- und Glasl\u00f6sungen von QbiQ geh\u00f6ren zu tonangebenden Projekten im In- und Ausland. Wir sind stolz auf unsere, in enger Zusammenarbeit mit unseren Auftraggebern entstandene, Projekte. Diese zeigen wir auch gern, lassen Sie sich inspirieren! Sie m\u00f6chten noch mehr sehen und wissen? Vereinbaren Sie schnell einen Termin.!","og_url":"https:\/\/www.qbiq.nl\/inspiration\/?lang=de","og_site_name":"QbiQ Wall Systems","article_publisher":"https:\/\/www.facebook.com\/qbiqwallsystems","article_modified_time":"2019-10-10T09:26:37+00:00","twitter_card":"summary_large_image","twitter_site":"@QbiQ1","schema":{"@context":"https:\/\/schema.org","@graph":[{"@type":"WebPage","@id":"https:\/\/www.qbiq.nl\/inspiration\/?lang=de","url":"https:\/\/www.qbiq.nl\/inspiration\/?lang=de","name":"Inspiration - QbiQ Wall Systems","isPartOf":{"@id":"https:\/\/www.qbiq.nl\/?lang=en\/#website"},"datePublished":"2016-04-18T09:08:24+00:00","dateModified":"2019-10-10T09:26:37+00:00","breadcrumb":{"@id":"https:\/\/www.qbiq.nl\/inspiration\/?lang=de#breadcrumb"},"inLanguage":"de","potentialAction":[{"@type":"ReadAction","target":["https:\/\/www.qbiq.nl\/inspiration\/?lang=de"]}]},{"@type":"BreadcrumbList","@id":"https:\/\/www.qbiq.nl\/inspiration\/?lang=de#breadcrumb","itemListElement":[{"@type":"ListItem","position":1,"name":"Home","item":"https:\/\/www.qbiq.nl\/de\/"},{"@type":"ListItem","position":2,"name":"Inspiration"}]},{"@type":"WebSite","@id":"https:\/\/www.qbiq.nl\/?lang=en\/#website","url":"https:\/\/www.qbiq.nl\/?lang=en\/","name":"QbiQ Wall Systems","description":"QbiQ geeft iQ de ruimte","publisher":{"@id":"https:\/\/www.qbiq.nl\/?lang=en\/#organization"},"potentialAction":[{"@type":"SearchAction","target":{"@type":"EntryPoint","urlTemplate":"https:\/\/www.qbiq.nl\/?lang=en\/?s={search_term_string}"},"query-input":{"@type":"PropertyValueSpecification","valueRequired":true,"valueName":"search_term_string"}}],"inLanguage":"de"},{"@type":"Organization","@id":"https:\/\/www.qbiq.nl\/?lang=en\/#organization","name":"QbiQ Wall Systems","url":"https:\/\/www.qbiq.nl\/de\/","logo":{"@type":"ImageObject","url":"https:\/\/www.qbiq.nl\/wp-content\/themes\/qbiq\/public\/img\/logo.png","width":200,"height":60},"image":{"@id":"https:\/\/www.qbiq.nl\/?lang=en\/#\/schema\/logo\/image\/"},"sameAs":["https:\/\/www.facebook.com\/qbiqwallsystems\/","https:\/\/www.linkedin.com\/company\/qbiqwallsystems","https:\/\/www.youtube.com\/channel\/UC0-xp-sYAd3L3B6q03uvFCQ","https:\/\/www.instagram.com\/qbiqwallsystems\/"],"telephone":"+31 88 50 10 500","address":{"@type":"PostalAddress","streetAddress":"Poppenbouwing 26","addressLocality":"Nieuwegein","postalCode":"3431 HP","addressCountry":"NL"}}]}},"_links":{"self":[{"href":"https:\/\/www.qbiq.nl\/de\/wp-json\/wp\/v2\/pages\/1277","targetHints":{"allow":["GET"]}}],"collection":[{"href":"https:\/\/www.qbiq.nl\/de\/wp-json\/wp\/v2\/pages"}],"about":[{"href":"https:\/\/www.qbiq.nl\/de\/wp-json\/wp\/v2\/types\/page"}],"author":[{"embeddable":true,"href":"https:\/\/www.qbiq.nl\/de\/wp-json\/wp\/v2\/users\/1"}],"replies":[{"embeddable":true,"href":"https:\/\/www.qbiq.nl\/de\/wp-json\/wp\/v2\/comments?post=1277"}],"version-history":[{"count":3,"href":"https:\/\/www.qbiq.nl\/de\/wp-json\/wp\/v2\/pages\/1277\/revisions"}],"predecessor-version":[{"id":3217,"href":"https:\/\/www.qbiq.nl\/de\/wp-json\/wp\/v2\/pages\/1277\/revisions\/3217"}],"wp:attachment":[{"href":"https:\/\/www.qbiq.nl\/de\/wp-json\/wp\/v2\/media?parent=1277"}],"curies":[{"name":"wp","href":"https:\/\/api.w.org\/{rel}","templated":true}]}}