{"id":1317,"date":"2016-03-23T10:33:12","date_gmt":"2016-03-23T09:33:12","guid":{"rendered":"http:\/\/wpdev.qbiq.nl\/duurzaam\/"},"modified":"2025-09-18T12:16:42","modified_gmt":"2025-09-18T10:16:42","slug":"nachhaltig","status":"publish","type":"page","link":"https:\/\/www.qbiq.nl\/de\/nachhaltig\/","title":{"rendered":"Cradle to Cradle\u00ae"},"content":{"rendered":"<h1 style=\"text-align: center;\">Spitzenreiter in Nachhaltigkeit, Pioniere in Kreislaufwirtschaft<\/h1>\n<p>&nbsp;<\/p>\n<p style=\"text-align: center;\">Wir bei QbiQ Wall Systems sind nicht nur stolz auf unsere jahrelange Vorreiterrolle in der Nachhaltigkeit, sondern auch auf unseren Pioniergeist, wenn es um Kreislaufwirtschaft geht.<\/p>\n<p>&nbsp;<\/p>\n<p style=\"text-align: center;\">Alle QbiQ-Wandsysteme sind hundert Prozent nachhaltig und Cradle to Cradle Certified\u00ae Silver-zertifiziert, ein Ergebnis unserer Expertise und Innovationskraft. Durch den cleveren Einsatz von Verbundglas und geschlossenen (Stahl-)Paneelen bieten sie hochwertigen akustischen Komfort in einem minimalistischen, ma\u00dfgeschneiderten Design. Die richtige Wahl des T\u00fcrtyps tr\u00e4gt wesentlich zum gew\u00fcnschten Aussehen und zur Schalld\u00e4mmung bei. Selbstverst\u00e4ndlich ist jedes Teil unserer W\u00e4nde und T\u00fcren teilbar und immer wieder verwendbar.<\/p>\n<p>&nbsp;<\/p>\n<p style=\"text-align: center;\">F\u00fcr QbiQ ist der Kreislaufgedanke mehr als nur ein Trend. Es ist eine gro\u00dfe Verantwortung gegen\u00fcber unserem Planeten, den Menschen und der Gesellschaft. Deshalb legen wir die Messlatte bewusst hoch und streben danach, mit jeder Innovation und jeder L\u00f6sung einen Unterschied zu machen. Das macht uns zum einzigen Hersteller von modularen W\u00e4nden, der sein Versprechen der Nachhaltigkeit wirklich einh\u00e4lt.<\/p>\n<p style=\"text-align: center;\">QbiQ. Die gr\u00fcne Option.<\/p>\n","protected":false},"excerpt":{"rendered":"<p>Spitzenreiter in Nachhaltigkeit, Pioniere in Kreislaufwirtschaft &nbsp; Wir bei QbiQ Wall Systems sind nicht nur stolz auf unsere jahrelange Vorreiterrolle in der Nachhaltigkeit, sondern auch auf unseren Pioniergeist, wenn es um Kreislaufwirtschaft geht. &nbsp; Alle QbiQ-Wandsysteme sind hundert Prozent nachhaltig und Cradle to Cradle Certified\u00ae Silver-zertifiziert, ein Ergebnis unserer Expertise und Innovationskraft. Durch den cleveren&#8230;<\/p>\n","protected":false},"author":1,"featured_media":0,"parent":0,"menu_order":0,"comment_status":"closed","ping_status":"closed","template":"page-duurzaam.php","meta":{"_acf_changed":false,"footnotes":""},"class_list":["post-1317","page","type-page","status-publish","hentry"],"acf":[],"yoast_head":"<!-- This site is optimized with the Yoast SEO plugin v27.5 - https:\/\/yoast.com\/product\/yoast-seo-wordpress\/ -->\n<title>Cradle to Cradle\u00ae - QbiQ Wall Systems<\/title>\n<meta name=\"robots\" content=\"index, follow, max-snippet:-1, max-image-preview:large, max-video-preview:-1\" \/>\n<link rel=\"canonical\" href=\"https:\/\/www.qbiq.nl\/de\/nachhaltig\/\" \/>\n<meta property=\"og:locale\" content=\"de_DE\" \/>\n<meta property=\"og:type\" content=\"article\" \/>\n<meta property=\"og:title\" content=\"Cradle to Cradle\u00ae - QbiQ Wall Systems\" \/>\n<meta property=\"og:description\" content=\"Spitzenreiter in Nachhaltigkeit, Pioniere in Kreislaufwirtschaft &nbsp; Wir bei QbiQ Wall Systems sind nicht nur stolz auf unsere jahrelange Vorreiterrolle in der Nachhaltigkeit, sondern auch auf unseren Pioniergeist, wenn es um Kreislaufwirtschaft geht. &nbsp; Alle QbiQ-Wandsysteme sind hundert Prozent nachhaltig und Cradle to Cradle Certified\u00ae Silver-zertifiziert, ein Ergebnis unserer Expertise und Innovationskraft. Durch den cleveren...\" \/>\n<meta property=\"og:url\" content=\"https:\/\/www.qbiq.nl\/de\/nachhaltig\/\" \/>\n<meta property=\"og:site_name\" content=\"QbiQ Wall Systems\" \/>\n<meta property=\"article:publisher\" content=\"https:\/\/www.facebook.com\/qbiqwallsystems\" \/>\n<meta property=\"article:modified_time\" content=\"2025-09-18T10:16:42+00:00\" \/>\n<meta name=\"twitter:card\" content=\"summary_large_image\" \/>\n<meta name=\"twitter:site\" content=\"@QbiQ1\" \/>\n<meta name=\"twitter:label1\" content=\"Gesch\u00e4tzte Lesezeit\" \/>\n\t<meta name=\"twitter:data1\" content=\"5\u00a0Minuten\" \/>\n<script type=\"application\/ld+json\" class=\"yoast-schema-graph\">{\"@context\":\"https:\\\/\\\/schema.org\",\"@graph\":[{\"@type\":\"WebPage\",\"@id\":\"https:\\\/\\\/www.qbiq.nl\\\/de\\\/nachhaltig\\\/\",\"url\":\"https:\\\/\\\/www.qbiq.nl\\\/de\\\/nachhaltig\\\/\",\"name\":\"Cradle to Cradle\u00ae - QbiQ Wall Systems\",\"isPartOf\":{\"@id\":\"https:\\\/\\\/www.qbiq.nl\\\/?lang=en\\\/#website\"},\"datePublished\":\"2016-03-23T09:33:12+00:00\",\"dateModified\":\"2025-09-18T10:16:42+00:00\",\"breadcrumb\":{\"@id\":\"https:\\\/\\\/www.qbiq.nl\\\/de\\\/nachhaltig\\\/#breadcrumb\"},\"inLanguage\":\"de\",\"potentialAction\":[{\"@type\":\"ReadAction\",\"target\":[\"https:\\\/\\\/www.qbiq.nl\\\/de\\\/nachhaltig\\\/\"]}]},{\"@type\":\"BreadcrumbList\",\"@id\":\"https:\\\/\\\/www.qbiq.nl\\\/de\\\/nachhaltig\\\/#breadcrumb\",\"itemListElement\":[{\"@type\":\"ListItem\",\"position\":1,\"name\":\"Home\",\"item\":\"https:\\\/\\\/www.qbiq.nl\\\/de\\\/\"},{\"@type\":\"ListItem\",\"position\":2,\"name\":\"Cradle to Cradle\u00ae\"}]},{\"@type\":\"WebSite\",\"@id\":\"https:\\\/\\\/www.qbiq.nl\\\/?lang=en\\\/#website\",\"url\":\"https:\\\/\\\/www.qbiq.nl\\\/?lang=en\\\/\",\"name\":\"QbiQ Wall Systems\",\"description\":\"QbiQ geeft iQ de ruimte\",\"publisher\":{\"@id\":\"https:\\\/\\\/www.qbiq.nl\\\/?lang=en\\\/#organization\"},\"potentialAction\":[{\"@type\":\"SearchAction\",\"target\":{\"@type\":\"EntryPoint\",\"urlTemplate\":\"https:\\\/\\\/www.qbiq.nl\\\/?lang=en\\\/?s={search_term_string}\"},\"query-input\":{\"@type\":\"PropertyValueSpecification\",\"valueRequired\":true,\"valueName\":\"search_term_string\"}}],\"inLanguage\":\"de\"},{\"@type\":\"Organization\",\"@id\":\"https:\\\/\\\/www.qbiq.nl\\\/?lang=en\\\/#organization\",\"name\":\"QbiQ Wall Systems\",\"url\":\"https:\\\/\\\/www.qbiq.nl\\\/de\\\/\",\"logo\":{\"@type\":\"ImageObject\",\"url\":\"https:\\\/\\\/www.qbiq.nl\\\/wp-content\\\/themes\\\/qbiq\\\/public\\\/img\\\/logo.png\",\"width\":200,\"height\":60},\"image\":{\"@id\":\"https:\\\/\\\/www.qbiq.nl\\\/?lang=en\\\/#\\\/schema\\\/logo\\\/image\\\/\"},\"sameAs\":[\"https:\\\/\\\/www.facebook.com\\\/qbiqwallsystems\\\/\",\"https:\\\/\\\/www.linkedin.com\\\/company\\\/qbiqwallsystems\",\"https:\\\/\\\/www.youtube.com\\\/channel\\\/UC0-xp-sYAd3L3B6q03uvFCQ\",\"https:\\\/\\\/www.instagram.com\\\/qbiqwallsystems\\\/\"],\"telephone\":\"+31 88 50 10 500\",\"address\":{\"@type\":\"PostalAddress\",\"streetAddress\":\"Poppenbouwing 26\",\"addressLocality\":\"Nieuwegein\",\"postalCode\":\"3431 HP\",\"addressCountry\":\"NL\"}}]}<\/script>\n<!-- \/ Yoast SEO plugin. -->","yoast_head_json":{"title":"Cradle to Cradle\u00ae - QbiQ Wall Systems","robots":{"index":"index","follow":"follow","max-snippet":"max-snippet:-1","max-image-preview":"max-image-preview:large","max-video-preview":"max-video-preview:-1"},"canonical":"https:\/\/www.qbiq.nl\/de\/nachhaltig\/","og_locale":"de_DE","og_type":"article","og_title":"Cradle to Cradle\u00ae - QbiQ Wall Systems","og_description":"Spitzenreiter in Nachhaltigkeit, Pioniere in Kreislaufwirtschaft &nbsp; Wir bei QbiQ Wall Systems sind nicht nur stolz auf unsere jahrelange Vorreiterrolle in der Nachhaltigkeit, sondern auch auf unseren Pioniergeist, wenn es um Kreislaufwirtschaft geht. &nbsp; Alle QbiQ-Wandsysteme sind hundert Prozent nachhaltig und Cradle to Cradle Certified\u00ae Silver-zertifiziert, ein Ergebnis unserer Expertise und Innovationskraft. Durch den cleveren...","og_url":"https:\/\/www.qbiq.nl\/de\/nachhaltig\/","og_site_name":"QbiQ Wall Systems","article_publisher":"https:\/\/www.facebook.com\/qbiqwallsystems","article_modified_time":"2025-09-18T10:16:42+00:00","twitter_card":"summary_large_image","twitter_site":"@QbiQ1","twitter_misc":{"Gesch\u00e4tzte Lesezeit":"5\u00a0Minuten"},"schema":{"@context":"https:\/\/schema.org","@graph":[{"@type":"WebPage","@id":"https:\/\/www.qbiq.nl\/de\/nachhaltig\/","url":"https:\/\/www.qbiq.nl\/de\/nachhaltig\/","name":"Cradle to Cradle\u00ae - QbiQ Wall Systems","isPartOf":{"@id":"https:\/\/www.qbiq.nl\/?lang=en\/#website"},"datePublished":"2016-03-23T09:33:12+00:00","dateModified":"2025-09-18T10:16:42+00:00","breadcrumb":{"@id":"https:\/\/www.qbiq.nl\/de\/nachhaltig\/#breadcrumb"},"inLanguage":"de","potentialAction":[{"@type":"ReadAction","target":["https:\/\/www.qbiq.nl\/de\/nachhaltig\/"]}]},{"@type":"BreadcrumbList","@id":"https:\/\/www.qbiq.nl\/de\/nachhaltig\/#breadcrumb","itemListElement":[{"@type":"ListItem","position":1,"name":"Home","item":"https:\/\/www.qbiq.nl\/de\/"},{"@type":"ListItem","position":2,"name":"Cradle to Cradle\u00ae"}]},{"@type":"WebSite","@id":"https:\/\/www.qbiq.nl\/?lang=en\/#website","url":"https:\/\/www.qbiq.nl\/?lang=en\/","name":"QbiQ Wall Systems","description":"QbiQ geeft iQ de ruimte","publisher":{"@id":"https:\/\/www.qbiq.nl\/?lang=en\/#organization"},"potentialAction":[{"@type":"SearchAction","target":{"@type":"EntryPoint","urlTemplate":"https:\/\/www.qbiq.nl\/?lang=en\/?s={search_term_string}"},"query-input":{"@type":"PropertyValueSpecification","valueRequired":true,"valueName":"search_term_string"}}],"inLanguage":"de"},{"@type":"Organization","@id":"https:\/\/www.qbiq.nl\/?lang=en\/#organization","name":"QbiQ Wall Systems","url":"https:\/\/www.qbiq.nl\/de\/","logo":{"@type":"ImageObject","url":"https:\/\/www.qbiq.nl\/wp-content\/themes\/qbiq\/public\/img\/logo.png","width":200,"height":60},"image":{"@id":"https:\/\/www.qbiq.nl\/?lang=en\/#\/schema\/logo\/image\/"},"sameAs":["https:\/\/www.facebook.com\/qbiqwallsystems\/","https:\/\/www.linkedin.com\/company\/qbiqwallsystems","https:\/\/www.youtube.com\/channel\/UC0-xp-sYAd3L3B6q03uvFCQ","https:\/\/www.instagram.com\/qbiqwallsystems\/"],"telephone":"+31 88 50 10 500","address":{"@type":"PostalAddress","streetAddress":"Poppenbouwing 26","addressLocality":"Nieuwegein","postalCode":"3431 HP","addressCountry":"NL"}}]}},"_links":{"self":[{"href":"https:\/\/www.qbiq.nl\/de\/wp-json\/wp\/v2\/pages\/1317","targetHints":{"allow":["GET"]}}],"collection":[{"href":"https:\/\/www.qbiq.nl\/de\/wp-json\/wp\/v2\/pages"}],"about":[{"href":"https:\/\/www.qbiq.nl\/de\/wp-json\/wp\/v2\/types\/page"}],"author":[{"embeddable":true,"href":"https:\/\/www.qbiq.nl\/de\/wp-json\/wp\/v2\/users\/1"}],"replies":[{"embeddable":true,"href":"https:\/\/www.qbiq.nl\/de\/wp-json\/wp\/v2\/comments?post=1317"}],"version-history":[{"count":48,"href":"https:\/\/www.qbiq.nl\/de\/wp-json\/wp\/v2\/pages\/1317\/revisions"}],"predecessor-version":[{"id":23209,"href":"https:\/\/www.qbiq.nl\/de\/wp-json\/wp\/v2\/pages\/1317\/revisions\/23209"}],"wp:attachment":[{"href":"https:\/\/www.qbiq.nl\/de\/wp-json\/wp\/v2\/media?parent=1317"}],"curies":[{"name":"wp","href":"https:\/\/api.w.org\/{rel}","templated":true}]}}