{"id":1352,"date":"2016-03-15T14:12:42","date_gmt":"2016-03-15T13:12:42","guid":{"rendered":"http:\/\/wpdev.qbiq.nl\/vacatures\/"},"modified":"2018-03-27T16:53:47","modified_gmt":"2018-03-27T14:53:47","slug":"vacatures","status":"publish","type":"page","link":"https:\/\/www.qbiq.nl\/de\/vacatures\/","title":{"rendered":"Stellenangebote"},"content":{"rendered":"<h1><strong>Bei QbiQ machen wir Platz f\u00fcr Sie<\/strong><\/h1>\n<p>M\u00f6chten Sie in einem schnell wachsenden und dynamischen Unternehmen arbeiten? Geh\u00f6ren Sie au\u00dferdem zu denen, die Chancen sehen und diese zu Herausforderungen machen? Dann ist QbiQ das Unternehmen, bei dem Sie Ihre Qualit\u00e4ten weiterentwickeln k\u00f6nnen. Bei uns steht Flexibilit\u00e4t ganz vorne \u2013 in unseren Systemen, unserer Produktion und bei unseren Menschen. Das erwarten wir auch von Ihnen.<\/p>\n<p>Das Besondere an unserem Unternehmen ist auch, dass wir Menschen au\u00dferhalb des Arbeitsmarktes die Chance auf einen vollwertigen Arbeitsplatz geben.<\/p>\n<p>&nbsp;<\/p>\n","protected":false},"excerpt":{"rendered":"<p>Bei QbiQ machen wir Platz f\u00fcr Sie M\u00f6chten Sie in einem schnell wachsenden und dynamischen Unternehmen arbeiten? Geh\u00f6ren Sie au\u00dferdem zu denen, die Chancen sehen und diese zu Herausforderungen machen? Dann ist QbiQ das Unternehmen, bei dem Sie Ihre Qualit\u00e4ten weiterentwickeln k\u00f6nnen. Bei uns steht Flexibilit\u00e4t ganz vorne \u2013 in unseren Systemen, unserer Produktion und&#8230;<\/p>\n","protected":false},"author":1,"featured_media":0,"parent":0,"menu_order":0,"comment_status":"closed","ping_status":"closed","template":"page-vacatures.php","meta":{"_acf_changed":false,"footnotes":""},"class_list":["post-1352","page","type-page","status-publish","hentry"],"acf":[],"yoast_head":"<!-- This site is optimized with the Yoast SEO plugin v27.5 - https:\/\/yoast.com\/product\/yoast-seo-wordpress\/ -->\n<title>Stellenangebote - QbiQ Wall Systems<\/title>\n<meta name=\"robots\" content=\"index, follow, max-snippet:-1, max-image-preview:large, max-video-preview:-1\" \/>\n<link rel=\"canonical\" href=\"https:\/\/www.qbiq.nl\/vacatures\/?lang=de\" \/>\n<meta property=\"og:locale\" content=\"de_DE\" \/>\n<meta property=\"og:type\" content=\"article\" \/>\n<meta property=\"og:title\" content=\"Stellenangebote - QbiQ Wall Systems\" \/>\n<meta property=\"og:description\" content=\"Bei QbiQ machen wir Platz f\u00fcr Sie M\u00f6chten Sie in einem schnell wachsenden und dynamischen Unternehmen arbeiten? Geh\u00f6ren Sie au\u00dferdem zu denen, die Chancen sehen und diese zu Herausforderungen machen? Dann ist QbiQ das Unternehmen, bei dem Sie Ihre Qualit\u00e4ten weiterentwickeln k\u00f6nnen. Bei uns steht Flexibilit\u00e4t ganz vorne \u2013 in unseren Systemen, unserer Produktion und...\" \/>\n<meta property=\"og:url\" content=\"https:\/\/www.qbiq.nl\/vacatures\/?lang=de\" \/>\n<meta property=\"og:site_name\" content=\"QbiQ Wall Systems\" \/>\n<meta property=\"article:publisher\" content=\"https:\/\/www.facebook.com\/qbiqwallsystems\" \/>\n<meta property=\"article:modified_time\" content=\"2018-03-27T14:53:47+00:00\" \/>\n<meta name=\"twitter:card\" content=\"summary_large_image\" \/>\n<meta name=\"twitter:site\" content=\"@QbiQ1\" \/>\n<script type=\"application\/ld+json\" class=\"yoast-schema-graph\">{\"@context\":\"https:\\\/\\\/schema.org\",\"@graph\":[{\"@type\":\"WebPage\",\"@id\":\"https:\\\/\\\/www.qbiq.nl\\\/vacatures\\\/?lang=de\",\"url\":\"https:\\\/\\\/www.qbiq.nl\\\/vacatures\\\/?lang=de\",\"name\":\"Stellenangebote - QbiQ Wall Systems\",\"isPartOf\":{\"@id\":\"https:\\\/\\\/www.qbiq.nl\\\/?lang=en\\\/#website\"},\"datePublished\":\"2016-03-15T13:12:42+00:00\",\"dateModified\":\"2018-03-27T14:53:47+00:00\",\"breadcrumb\":{\"@id\":\"https:\\\/\\\/www.qbiq.nl\\\/vacatures\\\/?lang=de#breadcrumb\"},\"inLanguage\":\"de\",\"potentialAction\":[{\"@type\":\"ReadAction\",\"target\":[\"https:\\\/\\\/www.qbiq.nl\\\/vacatures\\\/?lang=de\"]}]},{\"@type\":\"BreadcrumbList\",\"@id\":\"https:\\\/\\\/www.qbiq.nl\\\/vacatures\\\/?lang=de#breadcrumb\",\"itemListElement\":[{\"@type\":\"ListItem\",\"position\":1,\"name\":\"Home\",\"item\":\"https:\\\/\\\/www.qbiq.nl\\\/de\\\/\"},{\"@type\":\"ListItem\",\"position\":2,\"name\":\"Stellenangebote\"}]},{\"@type\":\"WebSite\",\"@id\":\"https:\\\/\\\/www.qbiq.nl\\\/?lang=en\\\/#website\",\"url\":\"https:\\\/\\\/www.qbiq.nl\\\/?lang=en\\\/\",\"name\":\"QbiQ Wall Systems\",\"description\":\"QbiQ geeft iQ de ruimte\",\"publisher\":{\"@id\":\"https:\\\/\\\/www.qbiq.nl\\\/?lang=en\\\/#organization\"},\"potentialAction\":[{\"@type\":\"SearchAction\",\"target\":{\"@type\":\"EntryPoint\",\"urlTemplate\":\"https:\\\/\\\/www.qbiq.nl\\\/?lang=en\\\/?s={search_term_string}\"},\"query-input\":{\"@type\":\"PropertyValueSpecification\",\"valueRequired\":true,\"valueName\":\"search_term_string\"}}],\"inLanguage\":\"de\"},{\"@type\":\"Organization\",\"@id\":\"https:\\\/\\\/www.qbiq.nl\\\/?lang=en\\\/#organization\",\"name\":\"QbiQ Wall Systems\",\"url\":\"https:\\\/\\\/www.qbiq.nl\\\/de\\\/\",\"logo\":{\"@type\":\"ImageObject\",\"url\":\"https:\\\/\\\/www.qbiq.nl\\\/wp-content\\\/themes\\\/qbiq\\\/public\\\/img\\\/logo.png\",\"width\":200,\"height\":60},\"image\":{\"@id\":\"https:\\\/\\\/www.qbiq.nl\\\/?lang=en\\\/#\\\/schema\\\/logo\\\/image\\\/\"},\"sameAs\":[\"https:\\\/\\\/www.facebook.com\\\/qbiqwallsystems\\\/\",\"https:\\\/\\\/www.linkedin.com\\\/company\\\/qbiqwallsystems\",\"https:\\\/\\\/www.youtube.com\\\/channel\\\/UC0-xp-sYAd3L3B6q03uvFCQ\",\"https:\\\/\\\/www.instagram.com\\\/qbiqwallsystems\\\/\"],\"telephone\":\"+31 88 50 10 500\",\"address\":{\"@type\":\"PostalAddress\",\"streetAddress\":\"Poppenbouwing 26\",\"addressLocality\":\"Nieuwegein\",\"postalCode\":\"3431 HP\",\"addressCountry\":\"NL\"}}]}<\/script>\n<!-- \/ Yoast SEO plugin. -->","yoast_head_json":{"title":"Stellenangebote - QbiQ Wall Systems","robots":{"index":"index","follow":"follow","max-snippet":"max-snippet:-1","max-image-preview":"max-image-preview:large","max-video-preview":"max-video-preview:-1"},"canonical":"https:\/\/www.qbiq.nl\/vacatures\/?lang=de","og_locale":"de_DE","og_type":"article","og_title":"Stellenangebote - QbiQ Wall Systems","og_description":"Bei QbiQ machen wir Platz f\u00fcr Sie M\u00f6chten Sie in einem schnell wachsenden und dynamischen Unternehmen arbeiten? Geh\u00f6ren Sie au\u00dferdem zu denen, die Chancen sehen und diese zu Herausforderungen machen? Dann ist QbiQ das Unternehmen, bei dem Sie Ihre Qualit\u00e4ten weiterentwickeln k\u00f6nnen. Bei uns steht Flexibilit\u00e4t ganz vorne \u2013 in unseren Systemen, unserer Produktion und...","og_url":"https:\/\/www.qbiq.nl\/vacatures\/?lang=de","og_site_name":"QbiQ Wall Systems","article_publisher":"https:\/\/www.facebook.com\/qbiqwallsystems","article_modified_time":"2018-03-27T14:53:47+00:00","twitter_card":"summary_large_image","twitter_site":"@QbiQ1","schema":{"@context":"https:\/\/schema.org","@graph":[{"@type":"WebPage","@id":"https:\/\/www.qbiq.nl\/vacatures\/?lang=de","url":"https:\/\/www.qbiq.nl\/vacatures\/?lang=de","name":"Stellenangebote - QbiQ Wall Systems","isPartOf":{"@id":"https:\/\/www.qbiq.nl\/?lang=en\/#website"},"datePublished":"2016-03-15T13:12:42+00:00","dateModified":"2018-03-27T14:53:47+00:00","breadcrumb":{"@id":"https:\/\/www.qbiq.nl\/vacatures\/?lang=de#breadcrumb"},"inLanguage":"de","potentialAction":[{"@type":"ReadAction","target":["https:\/\/www.qbiq.nl\/vacatures\/?lang=de"]}]},{"@type":"BreadcrumbList","@id":"https:\/\/www.qbiq.nl\/vacatures\/?lang=de#breadcrumb","itemListElement":[{"@type":"ListItem","position":1,"name":"Home","item":"https:\/\/www.qbiq.nl\/de\/"},{"@type":"ListItem","position":2,"name":"Stellenangebote"}]},{"@type":"WebSite","@id":"https:\/\/www.qbiq.nl\/?lang=en\/#website","url":"https:\/\/www.qbiq.nl\/?lang=en\/","name":"QbiQ Wall Systems","description":"QbiQ geeft iQ de ruimte","publisher":{"@id":"https:\/\/www.qbiq.nl\/?lang=en\/#organization"},"potentialAction":[{"@type":"SearchAction","target":{"@type":"EntryPoint","urlTemplate":"https:\/\/www.qbiq.nl\/?lang=en\/?s={search_term_string}"},"query-input":{"@type":"PropertyValueSpecification","valueRequired":true,"valueName":"search_term_string"}}],"inLanguage":"de"},{"@type":"Organization","@id":"https:\/\/www.qbiq.nl\/?lang=en\/#organization","name":"QbiQ Wall Systems","url":"https:\/\/www.qbiq.nl\/de\/","logo":{"@type":"ImageObject","url":"https:\/\/www.qbiq.nl\/wp-content\/themes\/qbiq\/public\/img\/logo.png","width":200,"height":60},"image":{"@id":"https:\/\/www.qbiq.nl\/?lang=en\/#\/schema\/logo\/image\/"},"sameAs":["https:\/\/www.facebook.com\/qbiqwallsystems\/","https:\/\/www.linkedin.com\/company\/qbiqwallsystems","https:\/\/www.youtube.com\/channel\/UC0-xp-sYAd3L3B6q03uvFCQ","https:\/\/www.instagram.com\/qbiqwallsystems\/"],"telephone":"+31 88 50 10 500","address":{"@type":"PostalAddress","streetAddress":"Poppenbouwing 26","addressLocality":"Nieuwegein","postalCode":"3431 HP","addressCountry":"NL"}}]}},"_links":{"self":[{"href":"https:\/\/www.qbiq.nl\/de\/wp-json\/wp\/v2\/pages\/1352","targetHints":{"allow":["GET"]}}],"collection":[{"href":"https:\/\/www.qbiq.nl\/de\/wp-json\/wp\/v2\/pages"}],"about":[{"href":"https:\/\/www.qbiq.nl\/de\/wp-json\/wp\/v2\/types\/page"}],"author":[{"embeddable":true,"href":"https:\/\/www.qbiq.nl\/de\/wp-json\/wp\/v2\/users\/1"}],"replies":[{"embeddable":true,"href":"https:\/\/www.qbiq.nl\/de\/wp-json\/wp\/v2\/comments?post=1352"}],"version-history":[{"count":1,"href":"https:\/\/www.qbiq.nl\/de\/wp-json\/wp\/v2\/pages\/1352\/revisions"}],"predecessor-version":[{"id":1353,"href":"https:\/\/www.qbiq.nl\/de\/wp-json\/wp\/v2\/pages\/1352\/revisions\/1353"}],"wp:attachment":[{"href":"https:\/\/www.qbiq.nl\/de\/wp-json\/wp\/v2\/media?parent=1352"}],"curies":[{"name":"wp","href":"https:\/\/api.w.org\/{rel}","templated":true}]}}