{"id":2081,"date":"2018-05-11T13:25:53","date_gmt":"2018-05-11T11:25:53","guid":{"rendered":"http:\/\/wpdev.qbiq.nl\/?page_id=2081"},"modified":"2024-06-27T13:20:22","modified_gmt":"2024-06-27T11:20:22","slug":"partners","status":"publish","type":"page","link":"https:\/\/www.qbiq.nl\/de\/partners\/","title":{"rendered":"Partner"},"content":{"rendered":"<h1><span id=\"result_box\" class=\"\" lang=\"de\" tabindex=\"-1\">Partner und Niederlassungen<\/span><\/h1>\n<p>Die innovativen Trennwandsysteme von QbiQ sind inzwischen auch au\u00dferhalb der Niederlande gefragt. Durch verschiedene Partnerships finden die QbiQ-Systemw\u00e4nde und Glasfassaden ihren Weg \u00fcber die ganze Welt.<\/p>\n<p><span id=\"result_box\" class=\"\" lang=\"de\" tabindex=\"-1\"><span class=\"\">\u00a0<\/span><\/span><\/p>\n","protected":false},"excerpt":{"rendered":"<p>Partner und Niederlassungen Die innovativen Trennwandsysteme von QbiQ sind inzwischen auch au\u00dferhalb der Niederlande gefragt. Durch verschiedene Partnerships finden die QbiQ-Systemw\u00e4nde und Glasfassaden ihren Weg \u00fcber die ganze Welt. \u00a0<\/p>\n","protected":false},"author":4,"featured_media":0,"parent":0,"menu_order":0,"comment_status":"closed","ping_status":"closed","template":"","meta":{"_acf_changed":false,"footnotes":""},"class_list":["post-2081","page","type-page","status-publish","hentry"],"acf":[],"yoast_head":"<!-- This site is optimized with the Yoast SEO plugin v27.5 - https:\/\/yoast.com\/product\/yoast-seo-wordpress\/ -->\n<title>Partner - QbiQ Wall Systems<\/title>\n<meta name=\"robots\" content=\"index, follow, max-snippet:-1, max-image-preview:large, max-video-preview:-1\" \/>\n<link rel=\"canonical\" href=\"https:\/\/www.qbiq.nl\/de\/partners\/\" \/>\n<meta property=\"og:locale\" content=\"de_DE\" \/>\n<meta property=\"og:type\" content=\"article\" \/>\n<meta property=\"og:title\" content=\"Partner - QbiQ Wall Systems\" \/>\n<meta property=\"og:description\" content=\"Partner und Niederlassungen Die innovativen Trennwandsysteme von QbiQ sind inzwischen auch au\u00dferhalb der Niederlande gefragt. Durch verschiedene Partnerships finden die QbiQ-Systemw\u00e4nde und Glasfassaden ihren Weg \u00fcber die ganze Welt. \u00a0\" \/>\n<meta property=\"og:url\" content=\"https:\/\/www.qbiq.nl\/de\/partners\/\" \/>\n<meta property=\"og:site_name\" content=\"QbiQ Wall Systems\" \/>\n<meta property=\"article:publisher\" content=\"https:\/\/www.facebook.com\/qbiqwallsystems\" \/>\n<meta property=\"article:modified_time\" content=\"2024-06-27T11:20:22+00:00\" \/>\n<meta name=\"twitter:card\" content=\"summary_large_image\" \/>\n<meta name=\"twitter:site\" content=\"@QbiQ1\" \/>\n<meta name=\"twitter:label1\" content=\"Gesch\u00e4tzte Lesezeit\" \/>\n\t<meta name=\"twitter:data1\" content=\"1\u00a0Minute\" \/>\n<script type=\"application\/ld+json\" class=\"yoast-schema-graph\">{\"@context\":\"https:\\\/\\\/schema.org\",\"@graph\":[{\"@type\":\"WebPage\",\"@id\":\"https:\\\/\\\/www.qbiq.nl\\\/de\\\/partners\\\/\",\"url\":\"https:\\\/\\\/www.qbiq.nl\\\/de\\\/partners\\\/\",\"name\":\"Partner - QbiQ Wall Systems\",\"isPartOf\":{\"@id\":\"https:\\\/\\\/www.qbiq.nl\\\/?lang=en\\\/#website\"},\"datePublished\":\"2018-05-11T11:25:53+00:00\",\"dateModified\":\"2024-06-27T11:20:22+00:00\",\"breadcrumb\":{\"@id\":\"https:\\\/\\\/www.qbiq.nl\\\/de\\\/partners\\\/#breadcrumb\"},\"inLanguage\":\"de\",\"potentialAction\":[{\"@type\":\"ReadAction\",\"target\":[\"https:\\\/\\\/www.qbiq.nl\\\/de\\\/partners\\\/\"]}]},{\"@type\":\"BreadcrumbList\",\"@id\":\"https:\\\/\\\/www.qbiq.nl\\\/de\\\/partners\\\/#breadcrumb\",\"itemListElement\":[{\"@type\":\"ListItem\",\"position\":1,\"name\":\"Home\",\"item\":\"https:\\\/\\\/www.qbiq.nl\\\/de\\\/\"},{\"@type\":\"ListItem\",\"position\":2,\"name\":\"Partner\"}]},{\"@type\":\"WebSite\",\"@id\":\"https:\\\/\\\/www.qbiq.nl\\\/?lang=en\\\/#website\",\"url\":\"https:\\\/\\\/www.qbiq.nl\\\/?lang=en\\\/\",\"name\":\"QbiQ Wall Systems\",\"description\":\"QbiQ geeft iQ de ruimte\",\"publisher\":{\"@id\":\"https:\\\/\\\/www.qbiq.nl\\\/?lang=en\\\/#organization\"},\"potentialAction\":[{\"@type\":\"SearchAction\",\"target\":{\"@type\":\"EntryPoint\",\"urlTemplate\":\"https:\\\/\\\/www.qbiq.nl\\\/?lang=en\\\/?s={search_term_string}\"},\"query-input\":{\"@type\":\"PropertyValueSpecification\",\"valueRequired\":true,\"valueName\":\"search_term_string\"}}],\"inLanguage\":\"de\"},{\"@type\":\"Organization\",\"@id\":\"https:\\\/\\\/www.qbiq.nl\\\/?lang=en\\\/#organization\",\"name\":\"QbiQ Wall Systems\",\"url\":\"https:\\\/\\\/www.qbiq.nl\\\/de\\\/\",\"logo\":{\"@type\":\"ImageObject\",\"url\":\"https:\\\/\\\/www.qbiq.nl\\\/wp-content\\\/themes\\\/qbiq\\\/public\\\/img\\\/logo.png\",\"width\":200,\"height\":60},\"image\":{\"@id\":\"https:\\\/\\\/www.qbiq.nl\\\/?lang=en\\\/#\\\/schema\\\/logo\\\/image\\\/\"},\"sameAs\":[\"https:\\\/\\\/www.facebook.com\\\/qbiqwallsystems\\\/\",\"https:\\\/\\\/www.linkedin.com\\\/company\\\/qbiqwallsystems\",\"https:\\\/\\\/www.youtube.com\\\/channel\\\/UC0-xp-sYAd3L3B6q03uvFCQ\",\"https:\\\/\\\/www.instagram.com\\\/qbiqwallsystems\\\/\"],\"telephone\":\"+31 88 50 10 500\",\"address\":{\"@type\":\"PostalAddress\",\"streetAddress\":\"Poppenbouwing 26\",\"addressLocality\":\"Nieuwegein\",\"postalCode\":\"3431 HP\",\"addressCountry\":\"NL\"}}]}<\/script>\n<!-- \/ Yoast SEO plugin. -->","yoast_head_json":{"title":"Partner - QbiQ Wall Systems","robots":{"index":"index","follow":"follow","max-snippet":"max-snippet:-1","max-image-preview":"max-image-preview:large","max-video-preview":"max-video-preview:-1"},"canonical":"https:\/\/www.qbiq.nl\/de\/partners\/","og_locale":"de_DE","og_type":"article","og_title":"Partner - QbiQ Wall Systems","og_description":"Partner und Niederlassungen Die innovativen Trennwandsysteme von QbiQ sind inzwischen auch au\u00dferhalb der Niederlande gefragt. Durch verschiedene Partnerships finden die QbiQ-Systemw\u00e4nde und Glasfassaden ihren Weg \u00fcber die ganze Welt. \u00a0","og_url":"https:\/\/www.qbiq.nl\/de\/partners\/","og_site_name":"QbiQ Wall Systems","article_publisher":"https:\/\/www.facebook.com\/qbiqwallsystems","article_modified_time":"2024-06-27T11:20:22+00:00","twitter_card":"summary_large_image","twitter_site":"@QbiQ1","twitter_misc":{"Gesch\u00e4tzte Lesezeit":"1\u00a0Minute"},"schema":{"@context":"https:\/\/schema.org","@graph":[{"@type":"WebPage","@id":"https:\/\/www.qbiq.nl\/de\/partners\/","url":"https:\/\/www.qbiq.nl\/de\/partners\/","name":"Partner - QbiQ Wall Systems","isPartOf":{"@id":"https:\/\/www.qbiq.nl\/?lang=en\/#website"},"datePublished":"2018-05-11T11:25:53+00:00","dateModified":"2024-06-27T11:20:22+00:00","breadcrumb":{"@id":"https:\/\/www.qbiq.nl\/de\/partners\/#breadcrumb"},"inLanguage":"de","potentialAction":[{"@type":"ReadAction","target":["https:\/\/www.qbiq.nl\/de\/partners\/"]}]},{"@type":"BreadcrumbList","@id":"https:\/\/www.qbiq.nl\/de\/partners\/#breadcrumb","itemListElement":[{"@type":"ListItem","position":1,"name":"Home","item":"https:\/\/www.qbiq.nl\/de\/"},{"@type":"ListItem","position":2,"name":"Partner"}]},{"@type":"WebSite","@id":"https:\/\/www.qbiq.nl\/?lang=en\/#website","url":"https:\/\/www.qbiq.nl\/?lang=en\/","name":"QbiQ Wall Systems","description":"QbiQ geeft iQ de ruimte","publisher":{"@id":"https:\/\/www.qbiq.nl\/?lang=en\/#organization"},"potentialAction":[{"@type":"SearchAction","target":{"@type":"EntryPoint","urlTemplate":"https:\/\/www.qbiq.nl\/?lang=en\/?s={search_term_string}"},"query-input":{"@type":"PropertyValueSpecification","valueRequired":true,"valueName":"search_term_string"}}],"inLanguage":"de"},{"@type":"Organization","@id":"https:\/\/www.qbiq.nl\/?lang=en\/#organization","name":"QbiQ Wall Systems","url":"https:\/\/www.qbiq.nl\/de\/","logo":{"@type":"ImageObject","url":"https:\/\/www.qbiq.nl\/wp-content\/themes\/qbiq\/public\/img\/logo.png","width":200,"height":60},"image":{"@id":"https:\/\/www.qbiq.nl\/?lang=en\/#\/schema\/logo\/image\/"},"sameAs":["https:\/\/www.facebook.com\/qbiqwallsystems\/","https:\/\/www.linkedin.com\/company\/qbiqwallsystems","https:\/\/www.youtube.com\/channel\/UC0-xp-sYAd3L3B6q03uvFCQ","https:\/\/www.instagram.com\/qbiqwallsystems\/"],"telephone":"+31 88 50 10 500","address":{"@type":"PostalAddress","streetAddress":"Poppenbouwing 26","addressLocality":"Nieuwegein","postalCode":"3431 HP","addressCountry":"NL"}}]}},"_links":{"self":[{"href":"https:\/\/www.qbiq.nl\/de\/wp-json\/wp\/v2\/pages\/2081","targetHints":{"allow":["GET"]}}],"collection":[{"href":"https:\/\/www.qbiq.nl\/de\/wp-json\/wp\/v2\/pages"}],"about":[{"href":"https:\/\/www.qbiq.nl\/de\/wp-json\/wp\/v2\/types\/page"}],"author":[{"embeddable":true,"href":"https:\/\/www.qbiq.nl\/de\/wp-json\/wp\/v2\/users\/4"}],"replies":[{"embeddable":true,"href":"https:\/\/www.qbiq.nl\/de\/wp-json\/wp\/v2\/comments?post=2081"}],"version-history":[{"count":4,"href":"https:\/\/www.qbiq.nl\/de\/wp-json\/wp\/v2\/pages\/2081\/revisions"}],"predecessor-version":[{"id":21724,"href":"https:\/\/www.qbiq.nl\/de\/wp-json\/wp\/v2\/pages\/2081\/revisions\/21724"}],"wp:attachment":[{"href":"https:\/\/www.qbiq.nl\/de\/wp-json\/wp\/v2\/media?parent=2081"}],"curies":[{"name":"wp","href":"https:\/\/api.w.org\/{rel}","templated":true}]}}