{"id":22094,"date":"2024-10-28T17:03:36","date_gmt":"2024-10-28T16:03:36","guid":{"rendered":"https:\/\/www.qbiq.nl\/partner-worden\/"},"modified":"2025-10-15T10:29:27","modified_gmt":"2025-10-15T08:29:27","slug":"partner-worden","status":"publish","type":"page","link":"https:\/\/www.qbiq.nl\/de\/partner-worden\/","title":{"rendered":"M\u00f6chten Sie Partner werden?"},"content":{"rendered":"<h2><strong>Werden Sie offizieller QbiQ-Partner!<\/strong><\/h2>\n<p>Sie m\u00f6chten Ihr Trennwandsortiment mit ein hochwertiges, nachhaltiges und vor allem intelligentes Systemwandkonzept erweitern? Dann k\u00f6nnen Sie professioneller QbiQ-Partner werden. QbiQ Wall Systems sucht Partner wie Glasstrennwand Vertreiber, Trockenbau Unternehmen und Projektverarbeiter, die unsere Glassw\u00e4nde und T\u00fcren an ihren Kunden anbieten.<\/p>\n<p>Sie sind der Unternehmer, der sich um seine Kunden k\u00fcmmert. Die richtige Beratung und Angebotserstellung zu unseren Wandsystemen geh\u00f6rt zu Ihrem Service. Sie k\u00fcmmern sich um genaues Aufma\u00df, Montage, Lieferung und Rechnungsstellung.<\/p>\n","protected":false},"excerpt":{"rendered":"<p>Werden Sie offizieller QbiQ-Partner! Sie m\u00f6chten Ihr Trennwandsortiment mit ein hochwertiges, nachhaltiges und vor allem intelligentes Systemwandkonzept erweitern? Dann k\u00f6nnen Sie professioneller QbiQ-Partner werden. QbiQ Wall Systems sucht Partner wie Glasstrennwand Vertreiber, Trockenbau Unternehmen und Projektverarbeiter, die unsere Glassw\u00e4nde und T\u00fcren an ihren Kunden anbieten. Sie sind der Unternehmer, der sich um seine Kunden k\u00fcmmert&#8230;.<\/p>\n","protected":false},"author":1,"featured_media":0,"parent":0,"menu_order":0,"comment_status":"closed","ping_status":"closed","template":"page-become-partner.php","meta":{"_acf_changed":false,"footnotes":""},"class_list":["post-22094","page","type-page","status-publish","hentry"],"acf":[],"yoast_head":"<!-- This site is optimized with the Yoast SEO plugin v27.5 - https:\/\/yoast.com\/product\/yoast-seo-wordpress\/ -->\n<title>M\u00f6chten Sie Partner werden? - QbiQ Wall Systems<\/title>\n<meta name=\"robots\" content=\"index, follow, max-snippet:-1, max-image-preview:large, max-video-preview:-1\" \/>\n<link rel=\"canonical\" href=\"https:\/\/www.qbiq.nl\/de\/partner-worden\/\" \/>\n<meta property=\"og:locale\" content=\"de_DE\" \/>\n<meta property=\"og:type\" content=\"article\" \/>\n<meta property=\"og:title\" content=\"M\u00f6chten Sie Partner werden? - QbiQ Wall Systems\" \/>\n<meta property=\"og:description\" content=\"Werden Sie offizieller QbiQ-Partner! Sie m\u00f6chten Ihr Trennwandsortiment mit ein hochwertiges, nachhaltiges und vor allem intelligentes Systemwandkonzept erweitern? Dann k\u00f6nnen Sie professioneller QbiQ-Partner werden. QbiQ Wall Systems sucht Partner wie Glasstrennwand Vertreiber, Trockenbau Unternehmen und Projektverarbeiter, die unsere Glassw\u00e4nde und T\u00fcren an ihren Kunden anbieten. Sie sind der Unternehmer, der sich um seine Kunden k\u00fcmmert....\" \/>\n<meta property=\"og:url\" content=\"https:\/\/www.qbiq.nl\/de\/partner-worden\/\" \/>\n<meta property=\"og:site_name\" content=\"QbiQ Wall Systems\" \/>\n<meta property=\"article:publisher\" content=\"https:\/\/www.facebook.com\/qbiqwallsystems\" \/>\n<meta property=\"article:modified_time\" content=\"2025-10-15T08:29:27+00:00\" \/>\n<meta name=\"twitter:card\" content=\"summary_large_image\" \/>\n<meta name=\"twitter:site\" content=\"@QbiQ1\" \/>\n<meta name=\"twitter:label1\" content=\"Gesch\u00e4tzte Lesezeit\" \/>\n\t<meta name=\"twitter:data1\" content=\"4\u00a0Minuten\" \/>\n<script type=\"application\/ld+json\" class=\"yoast-schema-graph\">{\"@context\":\"https:\\\/\\\/schema.org\",\"@graph\":[{\"@type\":\"WebPage\",\"@id\":\"https:\\\/\\\/www.qbiq.nl\\\/de\\\/partner-worden\\\/\",\"url\":\"https:\\\/\\\/www.qbiq.nl\\\/de\\\/partner-worden\\\/\",\"name\":\"M\u00f6chten Sie Partner werden? - QbiQ Wall Systems\",\"isPartOf\":{\"@id\":\"https:\\\/\\\/www.qbiq.nl\\\/?lang=en\\\/#website\"},\"datePublished\":\"2024-10-28T16:03:36+00:00\",\"dateModified\":\"2025-10-15T08:29:27+00:00\",\"breadcrumb\":{\"@id\":\"https:\\\/\\\/www.qbiq.nl\\\/de\\\/partner-worden\\\/#breadcrumb\"},\"inLanguage\":\"de\",\"potentialAction\":[{\"@type\":\"ReadAction\",\"target\":[\"https:\\\/\\\/www.qbiq.nl\\\/de\\\/partner-worden\\\/\"]}]},{\"@type\":\"BreadcrumbList\",\"@id\":\"https:\\\/\\\/www.qbiq.nl\\\/de\\\/partner-worden\\\/#breadcrumb\",\"itemListElement\":[{\"@type\":\"ListItem\",\"position\":1,\"name\":\"Home\",\"item\":\"https:\\\/\\\/www.qbiq.nl\\\/de\\\/\"},{\"@type\":\"ListItem\",\"position\":2,\"name\":\"M\u00f6chten Sie Partner werden?\"}]},{\"@type\":\"WebSite\",\"@id\":\"https:\\\/\\\/www.qbiq.nl\\\/?lang=en\\\/#website\",\"url\":\"https:\\\/\\\/www.qbiq.nl\\\/?lang=en\\\/\",\"name\":\"QbiQ Wall Systems\",\"description\":\"QbiQ geeft iQ de ruimte\",\"publisher\":{\"@id\":\"https:\\\/\\\/www.qbiq.nl\\\/?lang=en\\\/#organization\"},\"potentialAction\":[{\"@type\":\"SearchAction\",\"target\":{\"@type\":\"EntryPoint\",\"urlTemplate\":\"https:\\\/\\\/www.qbiq.nl\\\/?lang=en\\\/?s={search_term_string}\"},\"query-input\":{\"@type\":\"PropertyValueSpecification\",\"valueRequired\":true,\"valueName\":\"search_term_string\"}}],\"inLanguage\":\"de\"},{\"@type\":\"Organization\",\"@id\":\"https:\\\/\\\/www.qbiq.nl\\\/?lang=en\\\/#organization\",\"name\":\"QbiQ Wall Systems\",\"url\":\"https:\\\/\\\/www.qbiq.nl\\\/de\\\/\",\"logo\":{\"@type\":\"ImageObject\",\"url\":\"https:\\\/\\\/www.qbiq.nl\\\/wp-content\\\/themes\\\/qbiq\\\/public\\\/img\\\/logo.png\",\"width\":200,\"height\":60},\"image\":{\"@id\":\"https:\\\/\\\/www.qbiq.nl\\\/?lang=en\\\/#\\\/schema\\\/logo\\\/image\\\/\"},\"sameAs\":[\"https:\\\/\\\/www.facebook.com\\\/qbiqwallsystems\\\/\",\"https:\\\/\\\/www.linkedin.com\\\/company\\\/qbiqwallsystems\",\"https:\\\/\\\/www.youtube.com\\\/channel\\\/UC0-xp-sYAd3L3B6q03uvFCQ\",\"https:\\\/\\\/www.instagram.com\\\/qbiqwallsystems\\\/\"],\"telephone\":\"+31 88 50 10 500\",\"address\":{\"@type\":\"PostalAddress\",\"streetAddress\":\"Poppenbouwing 26\",\"addressLocality\":\"Nieuwegein\",\"postalCode\":\"3431 HP\",\"addressCountry\":\"NL\"}}]}<\/script>\n<!-- \/ Yoast SEO plugin. -->","yoast_head_json":{"title":"M\u00f6chten Sie Partner werden? - QbiQ Wall Systems","robots":{"index":"index","follow":"follow","max-snippet":"max-snippet:-1","max-image-preview":"max-image-preview:large","max-video-preview":"max-video-preview:-1"},"canonical":"https:\/\/www.qbiq.nl\/de\/partner-worden\/","og_locale":"de_DE","og_type":"article","og_title":"M\u00f6chten Sie Partner werden? - QbiQ Wall Systems","og_description":"Werden Sie offizieller QbiQ-Partner! Sie m\u00f6chten Ihr Trennwandsortiment mit ein hochwertiges, nachhaltiges und vor allem intelligentes Systemwandkonzept erweitern? Dann k\u00f6nnen Sie professioneller QbiQ-Partner werden. QbiQ Wall Systems sucht Partner wie Glasstrennwand Vertreiber, Trockenbau Unternehmen und Projektverarbeiter, die unsere Glassw\u00e4nde und T\u00fcren an ihren Kunden anbieten. Sie sind der Unternehmer, der sich um seine Kunden k\u00fcmmert....","og_url":"https:\/\/www.qbiq.nl\/de\/partner-worden\/","og_site_name":"QbiQ Wall Systems","article_publisher":"https:\/\/www.facebook.com\/qbiqwallsystems","article_modified_time":"2025-10-15T08:29:27+00:00","twitter_card":"summary_large_image","twitter_site":"@QbiQ1","twitter_misc":{"Gesch\u00e4tzte Lesezeit":"4\u00a0Minuten"},"schema":{"@context":"https:\/\/schema.org","@graph":[{"@type":"WebPage","@id":"https:\/\/www.qbiq.nl\/de\/partner-worden\/","url":"https:\/\/www.qbiq.nl\/de\/partner-worden\/","name":"M\u00f6chten Sie Partner werden? - QbiQ Wall Systems","isPartOf":{"@id":"https:\/\/www.qbiq.nl\/?lang=en\/#website"},"datePublished":"2024-10-28T16:03:36+00:00","dateModified":"2025-10-15T08:29:27+00:00","breadcrumb":{"@id":"https:\/\/www.qbiq.nl\/de\/partner-worden\/#breadcrumb"},"inLanguage":"de","potentialAction":[{"@type":"ReadAction","target":["https:\/\/www.qbiq.nl\/de\/partner-worden\/"]}]},{"@type":"BreadcrumbList","@id":"https:\/\/www.qbiq.nl\/de\/partner-worden\/#breadcrumb","itemListElement":[{"@type":"ListItem","position":1,"name":"Home","item":"https:\/\/www.qbiq.nl\/de\/"},{"@type":"ListItem","position":2,"name":"M\u00f6chten Sie Partner werden?"}]},{"@type":"WebSite","@id":"https:\/\/www.qbiq.nl\/?lang=en\/#website","url":"https:\/\/www.qbiq.nl\/?lang=en\/","name":"QbiQ Wall Systems","description":"QbiQ geeft iQ de ruimte","publisher":{"@id":"https:\/\/www.qbiq.nl\/?lang=en\/#organization"},"potentialAction":[{"@type":"SearchAction","target":{"@type":"EntryPoint","urlTemplate":"https:\/\/www.qbiq.nl\/?lang=en\/?s={search_term_string}"},"query-input":{"@type":"PropertyValueSpecification","valueRequired":true,"valueName":"search_term_string"}}],"inLanguage":"de"},{"@type":"Organization","@id":"https:\/\/www.qbiq.nl\/?lang=en\/#organization","name":"QbiQ Wall Systems","url":"https:\/\/www.qbiq.nl\/de\/","logo":{"@type":"ImageObject","url":"https:\/\/www.qbiq.nl\/wp-content\/themes\/qbiq\/public\/img\/logo.png","width":200,"height":60},"image":{"@id":"https:\/\/www.qbiq.nl\/?lang=en\/#\/schema\/logo\/image\/"},"sameAs":["https:\/\/www.facebook.com\/qbiqwallsystems\/","https:\/\/www.linkedin.com\/company\/qbiqwallsystems","https:\/\/www.youtube.com\/channel\/UC0-xp-sYAd3L3B6q03uvFCQ","https:\/\/www.instagram.com\/qbiqwallsystems\/"],"telephone":"+31 88 50 10 500","address":{"@type":"PostalAddress","streetAddress":"Poppenbouwing 26","addressLocality":"Nieuwegein","postalCode":"3431 HP","addressCountry":"NL"}}]}},"_links":{"self":[{"href":"https:\/\/www.qbiq.nl\/de\/wp-json\/wp\/v2\/pages\/22094","targetHints":{"allow":["GET"]}}],"collection":[{"href":"https:\/\/www.qbiq.nl\/de\/wp-json\/wp\/v2\/pages"}],"about":[{"href":"https:\/\/www.qbiq.nl\/de\/wp-json\/wp\/v2\/types\/page"}],"author":[{"embeddable":true,"href":"https:\/\/www.qbiq.nl\/de\/wp-json\/wp\/v2\/users\/1"}],"replies":[{"embeddable":true,"href":"https:\/\/www.qbiq.nl\/de\/wp-json\/wp\/v2\/comments?post=22094"}],"version-history":[{"count":9,"href":"https:\/\/www.qbiq.nl\/de\/wp-json\/wp\/v2\/pages\/22094\/revisions"}],"predecessor-version":[{"id":23557,"href":"https:\/\/www.qbiq.nl\/de\/wp-json\/wp\/v2\/pages\/22094\/revisions\/23557"}],"wp:attachment":[{"href":"https:\/\/www.qbiq.nl\/de\/wp-json\/wp\/v2\/media?parent=22094"}],"curies":[{"name":"wp","href":"https:\/\/api.w.org\/{rel}","templated":true}]}}