{"id":22355,"date":"2023-10-24T15:11:03","date_gmt":"2023-10-24T13:11:03","guid":{"rendered":"https:\/\/www.qbiq.nl\/qbiq-bim-objecten\/"},"modified":"2025-01-28T15:59:33","modified_gmt":"2025-01-28T14:59:33","slug":"qbiq-bim-objecten","status":"publish","type":"page","link":"https:\/\/www.qbiq.nl\/de\/qbiq-bim-objecten\/","title":{"rendered":"QbiQ BIM-Objekte"},"content":{"rendered":"<p>Die am meistgefragten QbiQ-Systemw\u00e4nde k\u00f6nnen in einem BIM-Modell eingef\u00fcgt werden. Die Revit-f\u00e4hige Bibliothek erleichtert das Zeichnen von realit\u00e4tsnahen QbiQ-Systemw\u00e4nden mit der curtain wall-funktion von Revit.<\/p>\n<p>&nbsp;<\/p>\n<h3>BIM-Objekte herunterladen<\/h3>\n<p>Die QbiQ Systemw\u00e4nde sind als Revit Bibliothek verf\u00fcgbar. Mit der curtain wall-funktion k\u00f6nnen Einfachglas-, Doppelglas- und geschlossene Trennw\u00e4nde in das BIM-Modell eingef\u00fcgt werden.<\/p>\n<p>Die Bibliothek enth\u00e4lt einen reduzierten Ausschnitt aus dem vielf\u00e4ltigen Angebot an W\u00e4nden und T\u00fcren. Sie zeichnet schnell die wichtigsten Glas- und geschlossenen W\u00e4nde und f\u00fcgt T\u00fcren hinzu. Die Bibliothek erm\u00f6glicht die automatische Erstellung von elementaren Details wie Ecken und T-St\u00fccke.<\/p>\n<p>&nbsp;<\/p>\n<h3>Wandsysteme<\/h3>\n<p>Um die Bibliothek einfach und funktionsf\u00e4hig zu halten, sind drei Wandsysteme aus dem Sortiment verf\u00fcgbar. Diese sind iQ Single 20, iQ Structural 100 und iQ PRO 100 mit Glas und geschlossenen Elementen. Diese Auswahl bereichert das BIM-Modell mit sehr realistischen (Glas-)W\u00e4nden. Sprechen Sie mit uns \u00fcber die M\u00f6glichkeiten f\u00fcr die anderen Wandsysteme.<\/p>\n<p>&nbsp;<\/p>\n<h3>T\u00fcren und Zargen<\/h3>\n<p>Der Vereinfachung zuliebe haben wir uns entschieden, die Bibliothek auf drei Rahmen und sieben T\u00fcren zu beschr\u00e4nken. Dies ist nur ein Teil der gesamten Palette, die 13 Rahmen und 18 T\u00fcren enth\u00e4lt. F\u00fcr spezifische Informationen \u00fcber T\u00fcren und Rahmen wenden Sie sich bitte an unsere Berater.<\/p>\n<p>&nbsp;<\/p>\n<h3>Einzelheiten<\/h3>\n<p>Dank des modularen Designs und der Profilh\u00f6he von 33 mm lassen sich die QbiQ-Trennw\u00e4nde unendlich miteinander kombinieren. F\u00fcr jeden Anschluss an eine tragende Wand, f\u00fcr Kombinationen mit Rahmen und T\u00fcren gibt es spezifische L\u00f6sungen. Um die Bibliothek nicht unn\u00f6tig kompliziert zu machen, haben wir uns entschieden, eine begrenzte Anzahl von Details in diese Bibliothek zu integrieren. F\u00fcr projektspezifische Details k\u00f6nnen Sie uns nat\u00fcrlich kontaktieren.<\/p>\n<p>&nbsp;<\/p>\n<h3>Bibliothek bestellen?<\/h3>\n<p>Um die Bibliothek herunterzuladen, f\u00fcllen Sie bitte die nachstehenden Angaben aus. Nach Freigabe wird Ihnen die Bibliothek umgehend per E-Mail zugesandt.<\/p>\n<p>&nbsp;<\/p>\n","protected":false},"excerpt":{"rendered":"<p>Die am meistgefragten QbiQ-Systemw\u00e4nde k\u00f6nnen in einem BIM-Modell eingef\u00fcgt werden. Die Revit-f\u00e4hige Bibliothek erleichtert das Zeichnen von realit\u00e4tsnahen QbiQ-Systemw\u00e4nden mit der curtain wall-funktion von Revit. &nbsp; BIM-Objekte herunterladen Die QbiQ Systemw\u00e4nde sind als Revit Bibliothek verf\u00fcgbar. Mit der curtain wall-funktion k\u00f6nnen Einfachglas-, Doppelglas- und geschlossene Trennw\u00e4nde in das BIM-Modell eingef\u00fcgt werden. Die Bibliothek enth\u00e4lt einen&#8230;<\/p>\n","protected":false},"author":1,"featured_media":21025,"parent":0,"menu_order":0,"comment_status":"closed","ping_status":"closed","template":"page-request.php","meta":{"_acf_changed":false,"footnotes":""},"class_list":["post-22355","page","type-page","status-publish","has-post-thumbnail","hentry"],"acf":[],"yoast_head":"<!-- This site is optimized with the Yoast SEO plugin v27.5 - https:\/\/yoast.com\/product\/yoast-seo-wordpress\/ -->\n<title>QbiQ BIM-Objekte - QbiQ Wall Systems<\/title>\n<meta name=\"robots\" content=\"index, follow, max-snippet:-1, max-image-preview:large, max-video-preview:-1\" \/>\n<link rel=\"canonical\" href=\"https:\/\/www.qbiq.nl\/de\/qbiq-bim-objecten\/\" \/>\n<meta property=\"og:locale\" content=\"de_DE\" \/>\n<meta property=\"og:type\" content=\"article\" \/>\n<meta property=\"og:title\" content=\"QbiQ BIM-Objekte - QbiQ Wall Systems\" \/>\n<meta property=\"og:description\" content=\"Die am meistgefragten QbiQ-Systemw\u00e4nde k\u00f6nnen in einem BIM-Modell eingef\u00fcgt werden. Die Revit-f\u00e4hige Bibliothek erleichtert das Zeichnen von realit\u00e4tsnahen QbiQ-Systemw\u00e4nden mit der curtain wall-funktion von Revit. &nbsp; BIM-Objekte herunterladen Die QbiQ Systemw\u00e4nde sind als Revit Bibliothek verf\u00fcgbar. Mit der curtain wall-funktion k\u00f6nnen Einfachglas-, Doppelglas- und geschlossene Trennw\u00e4nde in das BIM-Modell eingef\u00fcgt werden. Die Bibliothek enth\u00e4lt einen...\" \/>\n<meta property=\"og:url\" content=\"https:\/\/www.qbiq.nl\/de\/qbiq-bim-objecten\/\" \/>\n<meta property=\"og:site_name\" content=\"QbiQ Wall Systems\" \/>\n<meta property=\"article:publisher\" content=\"https:\/\/www.facebook.com\/qbiqwallsystems\" \/>\n<meta property=\"article:modified_time\" content=\"2025-01-28T14:59:33+00:00\" \/>\n<meta property=\"og:image\" content=\"https:\/\/www.qbiq.nl\/wp-content\/uploads\/2023\/12\/Screenshot-QbiQ-Commercial-library-Revit-01.png\" \/>\n\t<meta property=\"og:image:width\" content=\"1790\" \/>\n\t<meta property=\"og:image:height\" content=\"1072\" \/>\n\t<meta property=\"og:image:type\" content=\"image\/png\" \/>\n<meta name=\"twitter:card\" content=\"summary_large_image\" \/>\n<meta name=\"twitter:site\" content=\"@QbiQ1\" \/>\n<meta name=\"twitter:label1\" content=\"Gesch\u00e4tzte Lesezeit\" \/>\n\t<meta name=\"twitter:data1\" content=\"2\u00a0Minuten\" \/>\n<script type=\"application\/ld+json\" class=\"yoast-schema-graph\">{\"@context\":\"https:\\\/\\\/schema.org\",\"@graph\":[{\"@type\":\"WebPage\",\"@id\":\"https:\\\/\\\/www.qbiq.nl\\\/de\\\/qbiq-bim-objecten\\\/\",\"url\":\"https:\\\/\\\/www.qbiq.nl\\\/de\\\/qbiq-bim-objecten\\\/\",\"name\":\"QbiQ BIM-Objekte - QbiQ Wall Systems\",\"isPartOf\":{\"@id\":\"https:\\\/\\\/www.qbiq.nl\\\/?lang=en\\\/#website\"},\"primaryImageOfPage\":{\"@id\":\"https:\\\/\\\/www.qbiq.nl\\\/de\\\/qbiq-bim-objecten\\\/#primaryimage\"},\"image\":{\"@id\":\"https:\\\/\\\/www.qbiq.nl\\\/de\\\/qbiq-bim-objecten\\\/#primaryimage\"},\"thumbnailUrl\":\"https:\\\/\\\/www.qbiq.nl\\\/wp-content\\\/uploads\\\/2023\\\/12\\\/Screenshot-QbiQ-Commercial-library-Revit-01.png\",\"datePublished\":\"2023-10-24T13:11:03+00:00\",\"dateModified\":\"2025-01-28T14:59:33+00:00\",\"breadcrumb\":{\"@id\":\"https:\\\/\\\/www.qbiq.nl\\\/de\\\/qbiq-bim-objecten\\\/#breadcrumb\"},\"inLanguage\":\"de\",\"potentialAction\":[{\"@type\":\"ReadAction\",\"target\":[\"https:\\\/\\\/www.qbiq.nl\\\/de\\\/qbiq-bim-objecten\\\/\"]}]},{\"@type\":\"ImageObject\",\"inLanguage\":\"de\",\"@id\":\"https:\\\/\\\/www.qbiq.nl\\\/de\\\/qbiq-bim-objecten\\\/#primaryimage\",\"url\":\"https:\\\/\\\/www.qbiq.nl\\\/wp-content\\\/uploads\\\/2023\\\/12\\\/Screenshot-QbiQ-Commercial-library-Revit-01.png\",\"contentUrl\":\"https:\\\/\\\/www.qbiq.nl\\\/wp-content\\\/uploads\\\/2023\\\/12\\\/Screenshot-QbiQ-Commercial-library-Revit-01.png\",\"width\":1790,\"height\":1072,\"caption\":\"QbiQ Commercial library met BIM objecten tbv Revit\"},{\"@type\":\"BreadcrumbList\",\"@id\":\"https:\\\/\\\/www.qbiq.nl\\\/de\\\/qbiq-bim-objecten\\\/#breadcrumb\",\"itemListElement\":[{\"@type\":\"ListItem\",\"position\":1,\"name\":\"Home\",\"item\":\"https:\\\/\\\/www.qbiq.nl\\\/de\\\/\"},{\"@type\":\"ListItem\",\"position\":2,\"name\":\"QbiQ BIM-Objekte\"}]},{\"@type\":\"WebSite\",\"@id\":\"https:\\\/\\\/www.qbiq.nl\\\/?lang=en\\\/#website\",\"url\":\"https:\\\/\\\/www.qbiq.nl\\\/?lang=en\\\/\",\"name\":\"QbiQ Wall Systems\",\"description\":\"QbiQ geeft iQ de ruimte\",\"publisher\":{\"@id\":\"https:\\\/\\\/www.qbiq.nl\\\/?lang=en\\\/#organization\"},\"potentialAction\":[{\"@type\":\"SearchAction\",\"target\":{\"@type\":\"EntryPoint\",\"urlTemplate\":\"https:\\\/\\\/www.qbiq.nl\\\/?lang=en\\\/?s={search_term_string}\"},\"query-input\":{\"@type\":\"PropertyValueSpecification\",\"valueRequired\":true,\"valueName\":\"search_term_string\"}}],\"inLanguage\":\"de\"},{\"@type\":\"Organization\",\"@id\":\"https:\\\/\\\/www.qbiq.nl\\\/?lang=en\\\/#organization\",\"name\":\"QbiQ Wall Systems\",\"url\":\"https:\\\/\\\/www.qbiq.nl\\\/de\\\/\",\"logo\":{\"@type\":\"ImageObject\",\"url\":\"https:\\\/\\\/www.qbiq.nl\\\/wp-content\\\/themes\\\/qbiq\\\/public\\\/img\\\/logo.png\",\"width\":200,\"height\":60},\"image\":{\"@id\":\"https:\\\/\\\/www.qbiq.nl\\\/?lang=en\\\/#\\\/schema\\\/logo\\\/image\\\/\"},\"sameAs\":[\"https:\\\/\\\/www.facebook.com\\\/qbiqwallsystems\\\/\",\"https:\\\/\\\/www.linkedin.com\\\/company\\\/qbiqwallsystems\",\"https:\\\/\\\/www.youtube.com\\\/channel\\\/UC0-xp-sYAd3L3B6q03uvFCQ\",\"https:\\\/\\\/www.instagram.com\\\/qbiqwallsystems\\\/\"],\"telephone\":\"+31 88 50 10 500\",\"address\":{\"@type\":\"PostalAddress\",\"streetAddress\":\"Poppenbouwing 26\",\"addressLocality\":\"Nieuwegein\",\"postalCode\":\"3431 HP\",\"addressCountry\":\"NL\"}}]}<\/script>\n<!-- \/ Yoast SEO plugin. -->","yoast_head_json":{"title":"QbiQ BIM-Objekte - QbiQ Wall Systems","robots":{"index":"index","follow":"follow","max-snippet":"max-snippet:-1","max-image-preview":"max-image-preview:large","max-video-preview":"max-video-preview:-1"},"canonical":"https:\/\/www.qbiq.nl\/de\/qbiq-bim-objecten\/","og_locale":"de_DE","og_type":"article","og_title":"QbiQ BIM-Objekte - QbiQ Wall Systems","og_description":"Die am meistgefragten QbiQ-Systemw\u00e4nde k\u00f6nnen in einem BIM-Modell eingef\u00fcgt werden. Die Revit-f\u00e4hige Bibliothek erleichtert das Zeichnen von realit\u00e4tsnahen QbiQ-Systemw\u00e4nden mit der curtain wall-funktion von Revit. &nbsp; BIM-Objekte herunterladen Die QbiQ Systemw\u00e4nde sind als Revit Bibliothek verf\u00fcgbar. Mit der curtain wall-funktion k\u00f6nnen Einfachglas-, Doppelglas- und geschlossene Trennw\u00e4nde in das BIM-Modell eingef\u00fcgt werden. Die Bibliothek enth\u00e4lt einen...","og_url":"https:\/\/www.qbiq.nl\/de\/qbiq-bim-objecten\/","og_site_name":"QbiQ Wall Systems","article_publisher":"https:\/\/www.facebook.com\/qbiqwallsystems","article_modified_time":"2025-01-28T14:59:33+00:00","og_image":[{"width":1790,"height":1072,"url":"https:\/\/www.qbiq.nl\/wp-content\/uploads\/2023\/12\/Screenshot-QbiQ-Commercial-library-Revit-01.png","type":"image\/png"}],"twitter_card":"summary_large_image","twitter_site":"@QbiQ1","twitter_misc":{"Gesch\u00e4tzte Lesezeit":"2\u00a0Minuten"},"schema":{"@context":"https:\/\/schema.org","@graph":[{"@type":"WebPage","@id":"https:\/\/www.qbiq.nl\/de\/qbiq-bim-objecten\/","url":"https:\/\/www.qbiq.nl\/de\/qbiq-bim-objecten\/","name":"QbiQ BIM-Objekte - QbiQ Wall Systems","isPartOf":{"@id":"https:\/\/www.qbiq.nl\/?lang=en\/#website"},"primaryImageOfPage":{"@id":"https:\/\/www.qbiq.nl\/de\/qbiq-bim-objecten\/#primaryimage"},"image":{"@id":"https:\/\/www.qbiq.nl\/de\/qbiq-bim-objecten\/#primaryimage"},"thumbnailUrl":"https:\/\/www.qbiq.nl\/wp-content\/uploads\/2023\/12\/Screenshot-QbiQ-Commercial-library-Revit-01.png","datePublished":"2023-10-24T13:11:03+00:00","dateModified":"2025-01-28T14:59:33+00:00","breadcrumb":{"@id":"https:\/\/www.qbiq.nl\/de\/qbiq-bim-objecten\/#breadcrumb"},"inLanguage":"de","potentialAction":[{"@type":"ReadAction","target":["https:\/\/www.qbiq.nl\/de\/qbiq-bim-objecten\/"]}]},{"@type":"ImageObject","inLanguage":"de","@id":"https:\/\/www.qbiq.nl\/de\/qbiq-bim-objecten\/#primaryimage","url":"https:\/\/www.qbiq.nl\/wp-content\/uploads\/2023\/12\/Screenshot-QbiQ-Commercial-library-Revit-01.png","contentUrl":"https:\/\/www.qbiq.nl\/wp-content\/uploads\/2023\/12\/Screenshot-QbiQ-Commercial-library-Revit-01.png","width":1790,"height":1072,"caption":"QbiQ Commercial library met BIM objecten tbv Revit"},{"@type":"BreadcrumbList","@id":"https:\/\/www.qbiq.nl\/de\/qbiq-bim-objecten\/#breadcrumb","itemListElement":[{"@type":"ListItem","position":1,"name":"Home","item":"https:\/\/www.qbiq.nl\/de\/"},{"@type":"ListItem","position":2,"name":"QbiQ BIM-Objekte"}]},{"@type":"WebSite","@id":"https:\/\/www.qbiq.nl\/?lang=en\/#website","url":"https:\/\/www.qbiq.nl\/?lang=en\/","name":"QbiQ Wall Systems","description":"QbiQ geeft iQ de ruimte","publisher":{"@id":"https:\/\/www.qbiq.nl\/?lang=en\/#organization"},"potentialAction":[{"@type":"SearchAction","target":{"@type":"EntryPoint","urlTemplate":"https:\/\/www.qbiq.nl\/?lang=en\/?s={search_term_string}"},"query-input":{"@type":"PropertyValueSpecification","valueRequired":true,"valueName":"search_term_string"}}],"inLanguage":"de"},{"@type":"Organization","@id":"https:\/\/www.qbiq.nl\/?lang=en\/#organization","name":"QbiQ Wall Systems","url":"https:\/\/www.qbiq.nl\/de\/","logo":{"@type":"ImageObject","url":"https:\/\/www.qbiq.nl\/wp-content\/themes\/qbiq\/public\/img\/logo.png","width":200,"height":60},"image":{"@id":"https:\/\/www.qbiq.nl\/?lang=en\/#\/schema\/logo\/image\/"},"sameAs":["https:\/\/www.facebook.com\/qbiqwallsystems\/","https:\/\/www.linkedin.com\/company\/qbiqwallsystems","https:\/\/www.youtube.com\/channel\/UC0-xp-sYAd3L3B6q03uvFCQ","https:\/\/www.instagram.com\/qbiqwallsystems\/"],"telephone":"+31 88 50 10 500","address":{"@type":"PostalAddress","streetAddress":"Poppenbouwing 26","addressLocality":"Nieuwegein","postalCode":"3431 HP","addressCountry":"NL"}}]}},"_links":{"self":[{"href":"https:\/\/www.qbiq.nl\/de\/wp-json\/wp\/v2\/pages\/22355","targetHints":{"allow":["GET"]}}],"collection":[{"href":"https:\/\/www.qbiq.nl\/de\/wp-json\/wp\/v2\/pages"}],"about":[{"href":"https:\/\/www.qbiq.nl\/de\/wp-json\/wp\/v2\/types\/page"}],"author":[{"embeddable":true,"href":"https:\/\/www.qbiq.nl\/de\/wp-json\/wp\/v2\/users\/1"}],"replies":[{"embeddable":true,"href":"https:\/\/www.qbiq.nl\/de\/wp-json\/wp\/v2\/comments?post=22355"}],"version-history":[{"count":3,"href":"https:\/\/www.qbiq.nl\/de\/wp-json\/wp\/v2\/pages\/22355\/revisions"}],"predecessor-version":[{"id":22362,"href":"https:\/\/www.qbiq.nl\/de\/wp-json\/wp\/v2\/pages\/22355\/revisions\/22362"}],"wp:featuredmedia":[{"embeddable":true,"href":"https:\/\/www.qbiq.nl\/de\/wp-json\/wp\/v2\/media\/21025"}],"wp:attachment":[{"href":"https:\/\/www.qbiq.nl\/de\/wp-json\/wp\/v2\/media?parent=22355"}],"curies":[{"name":"wp","href":"https:\/\/api.w.org\/{rel}","templated":true}]}}