{"id":23265,"date":"2025-09-18T12:42:36","date_gmt":"2025-09-18T10:42:36","guid":{"rendered":"https:\/\/www.qbiq.nl\/pefc\/"},"modified":"2025-11-05T16:17:40","modified_gmt":"2025-11-05T15:17:40","slug":"pefc","status":"publish","type":"page","link":"https:\/\/www.qbiq.nl\/de\/pefc\/","title":{"rendered":"PEFC"},"content":{"rendered":"<p>Um die Holzkomponenten, die QbiQ f\u00fcr die Systemw\u00e4nde ben\u00f6tigt, unter PEFC-Zertifikat einsetzen zu k\u00f6nnen, hat QbiQ beschlossen, den PEFC Chain of Custody (CoC)-Standard zu erf\u00fcllen. So werden alle Holzkomponenten f\u00fcr die geschlossenen iQ PRO-W\u00e4nde standardm\u00e4\u00dfig unter PEFC geliefert. Dieser Standard stellt sicher, dass Holzprodukte w\u00e4hrend der gesamten Lieferkette \u2013 vom Wald bis zum Endprodukt \u2013 getrennt und vollst\u00e4ndig r\u00fcckverfolgbar bleiben. Das bedeutet, dass wir klar nachweisen m\u00fcssen, woher unser Holz stammt, und nur bei PEFC-zertifizierten Lieferanten einkaufen d\u00fcrfen. Die Entscheidung f\u00fcr PEFC bedeutet die Entscheidung f\u00fcr Holz, das Mensch, Umwelt und Zukunft respektiert.<\/p>\n<p>Lizenznummer QbiQ: PEFC (30-31-1362)<\/p>\n","protected":false},"excerpt":{"rendered":"<p>Um die Holzkomponenten, die QbiQ f\u00fcr die Systemw\u00e4nde ben\u00f6tigt, unter PEFC-Zertifikat einsetzen zu k\u00f6nnen, hat QbiQ beschlossen, den PEFC Chain of Custody (CoC)-Standard zu erf\u00fcllen. So werden alle Holzkomponenten f\u00fcr die geschlossenen iQ PRO-W\u00e4nde standardm\u00e4\u00dfig unter PEFC geliefert. Dieser Standard stellt sicher, dass Holzprodukte w\u00e4hrend der gesamten Lieferkette \u2013 vom Wald bis zum Endprodukt \u2013&#8230;<\/p>\n","protected":false},"author":1,"featured_media":0,"parent":0,"menu_order":0,"comment_status":"closed","ping_status":"closed","template":"page-duurzaam.php","meta":{"_acf_changed":false,"footnotes":""},"class_list":["post-23265","page","type-page","status-publish","hentry"],"acf":[],"yoast_head":"<!-- This site is optimized with the Yoast SEO plugin v27.5 - https:\/\/yoast.com\/product\/yoast-seo-wordpress\/ -->\n<title>PEFC - QbiQ Wall Systems<\/title>\n<meta name=\"robots\" content=\"index, follow, max-snippet:-1, max-image-preview:large, max-video-preview:-1\" \/>\n<link rel=\"canonical\" href=\"https:\/\/www.qbiq.nl\/de\/pefc\/\" \/>\n<meta property=\"og:locale\" content=\"de_DE\" \/>\n<meta property=\"og:type\" content=\"article\" \/>\n<meta property=\"og:title\" content=\"PEFC - QbiQ Wall Systems\" \/>\n<meta property=\"og:description\" content=\"Um die Holzkomponenten, die QbiQ f\u00fcr die Systemw\u00e4nde ben\u00f6tigt, unter PEFC-Zertifikat einsetzen zu k\u00f6nnen, hat QbiQ beschlossen, den PEFC Chain of Custody (CoC)-Standard zu erf\u00fcllen. So werden alle Holzkomponenten f\u00fcr die geschlossenen iQ PRO-W\u00e4nde standardm\u00e4\u00dfig unter PEFC geliefert. Dieser Standard stellt sicher, dass Holzprodukte w\u00e4hrend der gesamten Lieferkette \u2013 vom Wald bis zum Endprodukt \u2013...\" \/>\n<meta property=\"og:url\" content=\"https:\/\/www.qbiq.nl\/de\/pefc\/\" \/>\n<meta property=\"og:site_name\" content=\"QbiQ Wall Systems\" \/>\n<meta property=\"article:publisher\" content=\"https:\/\/www.facebook.com\/qbiqwallsystems\" \/>\n<meta property=\"article:modified_time\" content=\"2025-11-05T15:17:40+00:00\" \/>\n<meta name=\"twitter:card\" content=\"summary_large_image\" \/>\n<meta name=\"twitter:site\" content=\"@QbiQ1\" \/>\n<meta name=\"twitter:label1\" content=\"Gesch\u00e4tzte Lesezeit\" \/>\n\t<meta name=\"twitter:data1\" content=\"4\u00a0Minuten\" \/>\n<script type=\"application\/ld+json\" class=\"yoast-schema-graph\">{\"@context\":\"https:\\\/\\\/schema.org\",\"@graph\":[{\"@type\":\"WebPage\",\"@id\":\"https:\\\/\\\/www.qbiq.nl\\\/de\\\/pefc\\\/\",\"url\":\"https:\\\/\\\/www.qbiq.nl\\\/de\\\/pefc\\\/\",\"name\":\"PEFC - QbiQ Wall Systems\",\"isPartOf\":{\"@id\":\"https:\\\/\\\/www.qbiq.nl\\\/?lang=en\\\/#website\"},\"datePublished\":\"2025-09-18T10:42:36+00:00\",\"dateModified\":\"2025-11-05T15:17:40+00:00\",\"breadcrumb\":{\"@id\":\"https:\\\/\\\/www.qbiq.nl\\\/de\\\/pefc\\\/#breadcrumb\"},\"inLanguage\":\"de\",\"potentialAction\":[{\"@type\":\"ReadAction\",\"target\":[\"https:\\\/\\\/www.qbiq.nl\\\/de\\\/pefc\\\/\"]}]},{\"@type\":\"BreadcrumbList\",\"@id\":\"https:\\\/\\\/www.qbiq.nl\\\/de\\\/pefc\\\/#breadcrumb\",\"itemListElement\":[{\"@type\":\"ListItem\",\"position\":1,\"name\":\"Home\",\"item\":\"https:\\\/\\\/www.qbiq.nl\\\/de\\\/\"},{\"@type\":\"ListItem\",\"position\":2,\"name\":\"PEFC\"}]},{\"@type\":\"WebSite\",\"@id\":\"https:\\\/\\\/www.qbiq.nl\\\/?lang=en\\\/#website\",\"url\":\"https:\\\/\\\/www.qbiq.nl\\\/?lang=en\\\/\",\"name\":\"QbiQ Wall Systems\",\"description\":\"QbiQ geeft iQ de ruimte\",\"publisher\":{\"@id\":\"https:\\\/\\\/www.qbiq.nl\\\/?lang=en\\\/#organization\"},\"potentialAction\":[{\"@type\":\"SearchAction\",\"target\":{\"@type\":\"EntryPoint\",\"urlTemplate\":\"https:\\\/\\\/www.qbiq.nl\\\/?lang=en\\\/?s={search_term_string}\"},\"query-input\":{\"@type\":\"PropertyValueSpecification\",\"valueRequired\":true,\"valueName\":\"search_term_string\"}}],\"inLanguage\":\"de\"},{\"@type\":\"Organization\",\"@id\":\"https:\\\/\\\/www.qbiq.nl\\\/?lang=en\\\/#organization\",\"name\":\"QbiQ Wall Systems\",\"url\":\"https:\\\/\\\/www.qbiq.nl\\\/de\\\/\",\"logo\":{\"@type\":\"ImageObject\",\"url\":\"https:\\\/\\\/www.qbiq.nl\\\/wp-content\\\/themes\\\/qbiq\\\/public\\\/img\\\/logo.png\",\"width\":200,\"height\":60},\"image\":{\"@id\":\"https:\\\/\\\/www.qbiq.nl\\\/?lang=en\\\/#\\\/schema\\\/logo\\\/image\\\/\"},\"sameAs\":[\"https:\\\/\\\/www.facebook.com\\\/qbiqwallsystems\\\/\",\"https:\\\/\\\/www.linkedin.com\\\/company\\\/qbiqwallsystems\",\"https:\\\/\\\/www.youtube.com\\\/channel\\\/UC0-xp-sYAd3L3B6q03uvFCQ\",\"https:\\\/\\\/www.instagram.com\\\/qbiqwallsystems\\\/\"],\"telephone\":\"+31 88 50 10 500\",\"address\":{\"@type\":\"PostalAddress\",\"streetAddress\":\"Poppenbouwing 26\",\"addressLocality\":\"Nieuwegein\",\"postalCode\":\"3431 HP\",\"addressCountry\":\"NL\"}}]}<\/script>\n<!-- \/ Yoast SEO plugin. -->","yoast_head_json":{"title":"PEFC - QbiQ Wall Systems","robots":{"index":"index","follow":"follow","max-snippet":"max-snippet:-1","max-image-preview":"max-image-preview:large","max-video-preview":"max-video-preview:-1"},"canonical":"https:\/\/www.qbiq.nl\/de\/pefc\/","og_locale":"de_DE","og_type":"article","og_title":"PEFC - QbiQ Wall Systems","og_description":"Um die Holzkomponenten, die QbiQ f\u00fcr die Systemw\u00e4nde ben\u00f6tigt, unter PEFC-Zertifikat einsetzen zu k\u00f6nnen, hat QbiQ beschlossen, den PEFC Chain of Custody (CoC)-Standard zu erf\u00fcllen. So werden alle Holzkomponenten f\u00fcr die geschlossenen iQ PRO-W\u00e4nde standardm\u00e4\u00dfig unter PEFC geliefert. Dieser Standard stellt sicher, dass Holzprodukte w\u00e4hrend der gesamten Lieferkette \u2013 vom Wald bis zum Endprodukt \u2013...","og_url":"https:\/\/www.qbiq.nl\/de\/pefc\/","og_site_name":"QbiQ Wall Systems","article_publisher":"https:\/\/www.facebook.com\/qbiqwallsystems","article_modified_time":"2025-11-05T15:17:40+00:00","twitter_card":"summary_large_image","twitter_site":"@QbiQ1","twitter_misc":{"Gesch\u00e4tzte Lesezeit":"4\u00a0Minuten"},"schema":{"@context":"https:\/\/schema.org","@graph":[{"@type":"WebPage","@id":"https:\/\/www.qbiq.nl\/de\/pefc\/","url":"https:\/\/www.qbiq.nl\/de\/pefc\/","name":"PEFC - QbiQ Wall Systems","isPartOf":{"@id":"https:\/\/www.qbiq.nl\/?lang=en\/#website"},"datePublished":"2025-09-18T10:42:36+00:00","dateModified":"2025-11-05T15:17:40+00:00","breadcrumb":{"@id":"https:\/\/www.qbiq.nl\/de\/pefc\/#breadcrumb"},"inLanguage":"de","potentialAction":[{"@type":"ReadAction","target":["https:\/\/www.qbiq.nl\/de\/pefc\/"]}]},{"@type":"BreadcrumbList","@id":"https:\/\/www.qbiq.nl\/de\/pefc\/#breadcrumb","itemListElement":[{"@type":"ListItem","position":1,"name":"Home","item":"https:\/\/www.qbiq.nl\/de\/"},{"@type":"ListItem","position":2,"name":"PEFC"}]},{"@type":"WebSite","@id":"https:\/\/www.qbiq.nl\/?lang=en\/#website","url":"https:\/\/www.qbiq.nl\/?lang=en\/","name":"QbiQ Wall Systems","description":"QbiQ geeft iQ de ruimte","publisher":{"@id":"https:\/\/www.qbiq.nl\/?lang=en\/#organization"},"potentialAction":[{"@type":"SearchAction","target":{"@type":"EntryPoint","urlTemplate":"https:\/\/www.qbiq.nl\/?lang=en\/?s={search_term_string}"},"query-input":{"@type":"PropertyValueSpecification","valueRequired":true,"valueName":"search_term_string"}}],"inLanguage":"de"},{"@type":"Organization","@id":"https:\/\/www.qbiq.nl\/?lang=en\/#organization","name":"QbiQ Wall Systems","url":"https:\/\/www.qbiq.nl\/de\/","logo":{"@type":"ImageObject","url":"https:\/\/www.qbiq.nl\/wp-content\/themes\/qbiq\/public\/img\/logo.png","width":200,"height":60},"image":{"@id":"https:\/\/www.qbiq.nl\/?lang=en\/#\/schema\/logo\/image\/"},"sameAs":["https:\/\/www.facebook.com\/qbiqwallsystems\/","https:\/\/www.linkedin.com\/company\/qbiqwallsystems","https:\/\/www.youtube.com\/channel\/UC0-xp-sYAd3L3B6q03uvFCQ","https:\/\/www.instagram.com\/qbiqwallsystems\/"],"telephone":"+31 88 50 10 500","address":{"@type":"PostalAddress","streetAddress":"Poppenbouwing 26","addressLocality":"Nieuwegein","postalCode":"3431 HP","addressCountry":"NL"}}]}},"_links":{"self":[{"href":"https:\/\/www.qbiq.nl\/de\/wp-json\/wp\/v2\/pages\/23265","targetHints":{"allow":["GET"]}}],"collection":[{"href":"https:\/\/www.qbiq.nl\/de\/wp-json\/wp\/v2\/pages"}],"about":[{"href":"https:\/\/www.qbiq.nl\/de\/wp-json\/wp\/v2\/types\/page"}],"author":[{"embeddable":true,"href":"https:\/\/www.qbiq.nl\/de\/wp-json\/wp\/v2\/users\/1"}],"replies":[{"embeddable":true,"href":"https:\/\/www.qbiq.nl\/de\/wp-json\/wp\/v2\/comments?post=23265"}],"version-history":[{"count":6,"href":"https:\/\/www.qbiq.nl\/de\/wp-json\/wp\/v2\/pages\/23265\/revisions"}],"predecessor-version":[{"id":23636,"href":"https:\/\/www.qbiq.nl\/de\/wp-json\/wp\/v2\/pages\/23265\/revisions\/23636"}],"wp:attachment":[{"href":"https:\/\/www.qbiq.nl\/de\/wp-json\/wp\/v2\/media?parent=23265"}],"curies":[{"name":"wp","href":"https:\/\/api.w.org\/{rel}","templated":true}]}}