{"id":23277,"date":"2025-09-18T12:46:37","date_gmt":"2025-09-18T10:46:37","guid":{"rendered":"https:\/\/www.qbiq.nl\/het-nieuwe-normaal\/"},"modified":"2025-09-18T12:49:08","modified_gmt":"2025-09-18T10:49:08","slug":"het-nieuwe-normaal","status":"publish","type":"page","link":"https:\/\/www.qbiq.nl\/de\/het-nieuwe-normaal\/","title":{"rendered":"Het Nieuwe Normaal"},"content":{"rendered":"<p>Anfang 2024 hat QbiQ mit der Unterzeichnung von \u201eHet Nieuwe Normaal\u201c, einem niederl\u00e4ndischen Manifest f\u00fcr zirkul\u00e4res Bauen, einen wichtigen Schritt in Richtung Nachhaltigkeit gesetzt. Dieses Manifest ist ein Meilenstein f\u00fcr die zirkul\u00e4re Bauwirtschaft und bekr\u00e4ftigt das Engagement f\u00fcr einheitliche und ehrgeizige Kreislaufziele im Bausektor. \u201eHet Nieuwe Normaal\u201c thematisiert die Notwendigkeit eines standardisierten Kreislaufansatzes. Mit der Unterzeichnung dieses Manifests unterstreicht QbiQ sein Engagement f\u00fcr eine zirkul\u00e4re Zukunft.<\/p>\n","protected":false},"excerpt":{"rendered":"<p>Anfang 2024 hat QbiQ mit der Unterzeichnung von \u201eHet Nieuwe Normaal\u201c, einem niederl\u00e4ndischen Manifest f\u00fcr zirkul\u00e4res Bauen, einen wichtigen Schritt in Richtung Nachhaltigkeit gesetzt. Dieses Manifest ist ein Meilenstein f\u00fcr die zirkul\u00e4re Bauwirtschaft und bekr\u00e4ftigt das Engagement f\u00fcr einheitliche und ehrgeizige Kreislaufziele im Bausektor. \u201eHet Nieuwe Normaal\u201c thematisiert die Notwendigkeit eines standardisierten Kreislaufansatzes. Mit der&#8230;<\/p>\n","protected":false},"author":1,"featured_media":0,"parent":0,"menu_order":0,"comment_status":"closed","ping_status":"closed","template":"page-duurzaam.php","meta":{"_acf_changed":false,"footnotes":""},"class_list":["post-23277","page","type-page","status-publish","hentry"],"acf":[],"yoast_head":"<!-- This site is optimized with the Yoast SEO plugin v27.5 - https:\/\/yoast.com\/product\/yoast-seo-wordpress\/ -->\n<title>Het Nieuwe Normaal - QbiQ Wall Systems<\/title>\n<meta name=\"robots\" content=\"index, follow, max-snippet:-1, max-image-preview:large, max-video-preview:-1\" \/>\n<link rel=\"canonical\" href=\"https:\/\/www.qbiq.nl\/de\/het-nieuwe-normaal\/\" \/>\n<meta property=\"og:locale\" content=\"de_DE\" \/>\n<meta property=\"og:type\" content=\"article\" \/>\n<meta property=\"og:title\" content=\"Het Nieuwe Normaal - QbiQ Wall Systems\" \/>\n<meta property=\"og:description\" content=\"Anfang 2024 hat QbiQ mit der Unterzeichnung von \u201eHet Nieuwe Normaal\u201c, einem niederl\u00e4ndischen Manifest f\u00fcr zirkul\u00e4res Bauen, einen wichtigen Schritt in Richtung Nachhaltigkeit gesetzt. Dieses Manifest ist ein Meilenstein f\u00fcr die zirkul\u00e4re Bauwirtschaft und bekr\u00e4ftigt das Engagement f\u00fcr einheitliche und ehrgeizige Kreislaufziele im Bausektor. \u201eHet Nieuwe Normaal\u201c thematisiert die Notwendigkeit eines standardisierten Kreislaufansatzes. Mit der...\" \/>\n<meta property=\"og:url\" content=\"https:\/\/www.qbiq.nl\/de\/het-nieuwe-normaal\/\" \/>\n<meta property=\"og:site_name\" content=\"QbiQ Wall Systems\" \/>\n<meta property=\"article:publisher\" content=\"https:\/\/www.facebook.com\/qbiqwallsystems\" \/>\n<meta property=\"article:modified_time\" content=\"2025-09-18T10:49:08+00:00\" \/>\n<meta name=\"twitter:card\" content=\"summary_large_image\" \/>\n<meta name=\"twitter:site\" content=\"@QbiQ1\" \/>\n<meta name=\"twitter:label1\" content=\"Gesch\u00e4tzte Lesezeit\" \/>\n\t<meta name=\"twitter:data1\" content=\"1\u00a0Minute\" \/>\n<script type=\"application\/ld+json\" class=\"yoast-schema-graph\">{\"@context\":\"https:\\\/\\\/schema.org\",\"@graph\":[{\"@type\":\"WebPage\",\"@id\":\"https:\\\/\\\/www.qbiq.nl\\\/de\\\/het-nieuwe-normaal\\\/\",\"url\":\"https:\\\/\\\/www.qbiq.nl\\\/de\\\/het-nieuwe-normaal\\\/\",\"name\":\"Het Nieuwe Normaal - QbiQ Wall Systems\",\"isPartOf\":{\"@id\":\"https:\\\/\\\/www.qbiq.nl\\\/?lang=en\\\/#website\"},\"datePublished\":\"2025-09-18T10:46:37+00:00\",\"dateModified\":\"2025-09-18T10:49:08+00:00\",\"breadcrumb\":{\"@id\":\"https:\\\/\\\/www.qbiq.nl\\\/de\\\/het-nieuwe-normaal\\\/#breadcrumb\"},\"inLanguage\":\"de\",\"potentialAction\":[{\"@type\":\"ReadAction\",\"target\":[\"https:\\\/\\\/www.qbiq.nl\\\/de\\\/het-nieuwe-normaal\\\/\"]}]},{\"@type\":\"BreadcrumbList\",\"@id\":\"https:\\\/\\\/www.qbiq.nl\\\/de\\\/het-nieuwe-normaal\\\/#breadcrumb\",\"itemListElement\":[{\"@type\":\"ListItem\",\"position\":1,\"name\":\"Home\",\"item\":\"https:\\\/\\\/www.qbiq.nl\\\/de\\\/\"},{\"@type\":\"ListItem\",\"position\":2,\"name\":\"Het Nieuwe Normaal\"}]},{\"@type\":\"WebSite\",\"@id\":\"https:\\\/\\\/www.qbiq.nl\\\/?lang=en\\\/#website\",\"url\":\"https:\\\/\\\/www.qbiq.nl\\\/?lang=en\\\/\",\"name\":\"QbiQ Wall Systems\",\"description\":\"QbiQ geeft iQ de ruimte\",\"publisher\":{\"@id\":\"https:\\\/\\\/www.qbiq.nl\\\/?lang=en\\\/#organization\"},\"potentialAction\":[{\"@type\":\"SearchAction\",\"target\":{\"@type\":\"EntryPoint\",\"urlTemplate\":\"https:\\\/\\\/www.qbiq.nl\\\/?lang=en\\\/?s={search_term_string}\"},\"query-input\":{\"@type\":\"PropertyValueSpecification\",\"valueRequired\":true,\"valueName\":\"search_term_string\"}}],\"inLanguage\":\"de\"},{\"@type\":\"Organization\",\"@id\":\"https:\\\/\\\/www.qbiq.nl\\\/?lang=en\\\/#organization\",\"name\":\"QbiQ Wall Systems\",\"url\":\"https:\\\/\\\/www.qbiq.nl\\\/de\\\/\",\"logo\":{\"@type\":\"ImageObject\",\"url\":\"https:\\\/\\\/www.qbiq.nl\\\/wp-content\\\/themes\\\/qbiq\\\/public\\\/img\\\/logo.png\",\"width\":200,\"height\":60},\"image\":{\"@id\":\"https:\\\/\\\/www.qbiq.nl\\\/?lang=en\\\/#\\\/schema\\\/logo\\\/image\\\/\"},\"sameAs\":[\"https:\\\/\\\/www.facebook.com\\\/qbiqwallsystems\\\/\",\"https:\\\/\\\/www.linkedin.com\\\/company\\\/qbiqwallsystems\",\"https:\\\/\\\/www.youtube.com\\\/channel\\\/UC0-xp-sYAd3L3B6q03uvFCQ\",\"https:\\\/\\\/www.instagram.com\\\/qbiqwallsystems\\\/\"],\"telephone\":\"+31 88 50 10 500\",\"address\":{\"@type\":\"PostalAddress\",\"streetAddress\":\"Poppenbouwing 26\",\"addressLocality\":\"Nieuwegein\",\"postalCode\":\"3431 HP\",\"addressCountry\":\"NL\"}}]}<\/script>\n<!-- \/ Yoast SEO plugin. -->","yoast_head_json":{"title":"Het Nieuwe Normaal - QbiQ Wall Systems","robots":{"index":"index","follow":"follow","max-snippet":"max-snippet:-1","max-image-preview":"max-image-preview:large","max-video-preview":"max-video-preview:-1"},"canonical":"https:\/\/www.qbiq.nl\/de\/het-nieuwe-normaal\/","og_locale":"de_DE","og_type":"article","og_title":"Het Nieuwe Normaal - QbiQ Wall Systems","og_description":"Anfang 2024 hat QbiQ mit der Unterzeichnung von \u201eHet Nieuwe Normaal\u201c, einem niederl\u00e4ndischen Manifest f\u00fcr zirkul\u00e4res Bauen, einen wichtigen Schritt in Richtung Nachhaltigkeit gesetzt. Dieses Manifest ist ein Meilenstein f\u00fcr die zirkul\u00e4re Bauwirtschaft und bekr\u00e4ftigt das Engagement f\u00fcr einheitliche und ehrgeizige Kreislaufziele im Bausektor. \u201eHet Nieuwe Normaal\u201c thematisiert die Notwendigkeit eines standardisierten Kreislaufansatzes. Mit der...","og_url":"https:\/\/www.qbiq.nl\/de\/het-nieuwe-normaal\/","og_site_name":"QbiQ Wall Systems","article_publisher":"https:\/\/www.facebook.com\/qbiqwallsystems","article_modified_time":"2025-09-18T10:49:08+00:00","twitter_card":"summary_large_image","twitter_site":"@QbiQ1","twitter_misc":{"Gesch\u00e4tzte Lesezeit":"1\u00a0Minute"},"schema":{"@context":"https:\/\/schema.org","@graph":[{"@type":"WebPage","@id":"https:\/\/www.qbiq.nl\/de\/het-nieuwe-normaal\/","url":"https:\/\/www.qbiq.nl\/de\/het-nieuwe-normaal\/","name":"Het Nieuwe Normaal - QbiQ Wall Systems","isPartOf":{"@id":"https:\/\/www.qbiq.nl\/?lang=en\/#website"},"datePublished":"2025-09-18T10:46:37+00:00","dateModified":"2025-09-18T10:49:08+00:00","breadcrumb":{"@id":"https:\/\/www.qbiq.nl\/de\/het-nieuwe-normaal\/#breadcrumb"},"inLanguage":"de","potentialAction":[{"@type":"ReadAction","target":["https:\/\/www.qbiq.nl\/de\/het-nieuwe-normaal\/"]}]},{"@type":"BreadcrumbList","@id":"https:\/\/www.qbiq.nl\/de\/het-nieuwe-normaal\/#breadcrumb","itemListElement":[{"@type":"ListItem","position":1,"name":"Home","item":"https:\/\/www.qbiq.nl\/de\/"},{"@type":"ListItem","position":2,"name":"Het Nieuwe Normaal"}]},{"@type":"WebSite","@id":"https:\/\/www.qbiq.nl\/?lang=en\/#website","url":"https:\/\/www.qbiq.nl\/?lang=en\/","name":"QbiQ Wall Systems","description":"QbiQ geeft iQ de ruimte","publisher":{"@id":"https:\/\/www.qbiq.nl\/?lang=en\/#organization"},"potentialAction":[{"@type":"SearchAction","target":{"@type":"EntryPoint","urlTemplate":"https:\/\/www.qbiq.nl\/?lang=en\/?s={search_term_string}"},"query-input":{"@type":"PropertyValueSpecification","valueRequired":true,"valueName":"search_term_string"}}],"inLanguage":"de"},{"@type":"Organization","@id":"https:\/\/www.qbiq.nl\/?lang=en\/#organization","name":"QbiQ Wall Systems","url":"https:\/\/www.qbiq.nl\/de\/","logo":{"@type":"ImageObject","url":"https:\/\/www.qbiq.nl\/wp-content\/themes\/qbiq\/public\/img\/logo.png","width":200,"height":60},"image":{"@id":"https:\/\/www.qbiq.nl\/?lang=en\/#\/schema\/logo\/image\/"},"sameAs":["https:\/\/www.facebook.com\/qbiqwallsystems\/","https:\/\/www.linkedin.com\/company\/qbiqwallsystems","https:\/\/www.youtube.com\/channel\/UC0-xp-sYAd3L3B6q03uvFCQ","https:\/\/www.instagram.com\/qbiqwallsystems\/"],"telephone":"+31 88 50 10 500","address":{"@type":"PostalAddress","streetAddress":"Poppenbouwing 26","addressLocality":"Nieuwegein","postalCode":"3431 HP","addressCountry":"NL"}}]}},"_links":{"self":[{"href":"https:\/\/www.qbiq.nl\/de\/wp-json\/wp\/v2\/pages\/23277","targetHints":{"allow":["GET"]}}],"collection":[{"href":"https:\/\/www.qbiq.nl\/de\/wp-json\/wp\/v2\/pages"}],"about":[{"href":"https:\/\/www.qbiq.nl\/de\/wp-json\/wp\/v2\/types\/page"}],"author":[{"embeddable":true,"href":"https:\/\/www.qbiq.nl\/de\/wp-json\/wp\/v2\/users\/1"}],"replies":[{"embeddable":true,"href":"https:\/\/www.qbiq.nl\/de\/wp-json\/wp\/v2\/comments?post=23277"}],"version-history":[{"count":1,"href":"https:\/\/www.qbiq.nl\/de\/wp-json\/wp\/v2\/pages\/23277\/revisions"}],"predecessor-version":[{"id":23278,"href":"https:\/\/www.qbiq.nl\/de\/wp-json\/wp\/v2\/pages\/23277\/revisions\/23278"}],"wp:attachment":[{"href":"https:\/\/www.qbiq.nl\/de\/wp-json\/wp\/v2\/media?parent=23277"}],"curies":[{"name":"wp","href":"https:\/\/api.w.org\/{rel}","templated":true}]}}