{"id":23289,"date":"2025-09-18T12:50:39","date_gmt":"2025-09-18T10:50:39","guid":{"rendered":"https:\/\/www.qbiq.nl\/safety-culture-ladder\/"},"modified":"2025-11-05T16:03:24","modified_gmt":"2025-11-05T15:03:24","slug":"safety-culture-ladder","status":"publish","type":"page","link":"https:\/\/www.qbiq.nl\/de\/safety-culture-ladder\/","title":{"rendered":"Safety Culture Ladder"},"content":{"rendered":"<p>Im November 2024 erreicht QbiQ die Stufe 3 der Safety Culture Ladder. Die Safety Culture Ladder-Methode pr\u00fcft, ob QbiQ und seine Mitarbeiter sich f\u00fcr ihre Sicherheit verantwortlich und engagiert f\u00fchlen und die vereinbarten Regeln und Verfahren f\u00fcr sicheres Arbeiten anwenden. Je h\u00f6her auf der Leiter, desto mehr Aufmerksamkeit wird dem sicheren Arbeiten gewidmet. QbiQ hat nachweislich eine gute Sicherheitspolitik und -praxis.<\/p>\n","protected":false},"excerpt":{"rendered":"<p>Im November 2024 erreicht QbiQ die Stufe 3 der Safety Culture Ladder. Die Safety Culture Ladder-Methode pr\u00fcft, ob QbiQ und seine Mitarbeiter sich f\u00fcr ihre Sicherheit verantwortlich und engagiert f\u00fchlen und die vereinbarten Regeln und Verfahren f\u00fcr sicheres Arbeiten anwenden. Je h\u00f6her auf der Leiter, desto mehr Aufmerksamkeit wird dem sicheren Arbeiten gewidmet. QbiQ hat&#8230;<\/p>\n","protected":false},"author":1,"featured_media":0,"parent":0,"menu_order":0,"comment_status":"closed","ping_status":"closed","template":"page-duurzaam.php","meta":{"_acf_changed":false,"footnotes":""},"class_list":["post-23289","page","type-page","status-publish","hentry"],"acf":[],"yoast_head":"<!-- This site is optimized with the Yoast SEO plugin v27.5 - https:\/\/yoast.com\/product\/yoast-seo-wordpress\/ -->\n<title>Safety Culture Ladder - QbiQ Wall Systems<\/title>\n<meta name=\"robots\" content=\"index, follow, max-snippet:-1, max-image-preview:large, max-video-preview:-1\" \/>\n<link rel=\"canonical\" href=\"https:\/\/www.qbiq.nl\/de\/safety-culture-ladder\/\" \/>\n<meta property=\"og:locale\" content=\"de_DE\" \/>\n<meta property=\"og:type\" content=\"article\" \/>\n<meta property=\"og:title\" content=\"Safety Culture Ladder - QbiQ Wall Systems\" \/>\n<meta property=\"og:description\" content=\"Im November 2024 erreicht QbiQ die Stufe 3 der Safety Culture Ladder. Die Safety Culture Ladder-Methode pr\u00fcft, ob QbiQ und seine Mitarbeiter sich f\u00fcr ihre Sicherheit verantwortlich und engagiert f\u00fchlen und die vereinbarten Regeln und Verfahren f\u00fcr sicheres Arbeiten anwenden. Je h\u00f6her auf der Leiter, desto mehr Aufmerksamkeit wird dem sicheren Arbeiten gewidmet. QbiQ hat...\" \/>\n<meta property=\"og:url\" content=\"https:\/\/www.qbiq.nl\/de\/safety-culture-ladder\/\" \/>\n<meta property=\"og:site_name\" content=\"QbiQ Wall Systems\" \/>\n<meta property=\"article:publisher\" content=\"https:\/\/www.facebook.com\/qbiqwallsystems\" \/>\n<meta property=\"article:modified_time\" content=\"2025-11-05T15:03:24+00:00\" \/>\n<meta name=\"twitter:card\" content=\"summary_large_image\" \/>\n<meta name=\"twitter:site\" content=\"@QbiQ1\" \/>\n<meta name=\"twitter:label1\" content=\"Gesch\u00e4tzte Lesezeit\" \/>\n\t<meta name=\"twitter:data1\" content=\"2\u00a0Minuten\" \/>\n<script type=\"application\/ld+json\" class=\"yoast-schema-graph\">{\"@context\":\"https:\\\/\\\/schema.org\",\"@graph\":[{\"@type\":\"WebPage\",\"@id\":\"https:\\\/\\\/www.qbiq.nl\\\/de\\\/safety-culture-ladder\\\/\",\"url\":\"https:\\\/\\\/www.qbiq.nl\\\/de\\\/safety-culture-ladder\\\/\",\"name\":\"Safety Culture Ladder - QbiQ Wall Systems\",\"isPartOf\":{\"@id\":\"https:\\\/\\\/www.qbiq.nl\\\/?lang=en\\\/#website\"},\"datePublished\":\"2025-09-18T10:50:39+00:00\",\"dateModified\":\"2025-11-05T15:03:24+00:00\",\"breadcrumb\":{\"@id\":\"https:\\\/\\\/www.qbiq.nl\\\/de\\\/safety-culture-ladder\\\/#breadcrumb\"},\"inLanguage\":\"de\",\"potentialAction\":[{\"@type\":\"ReadAction\",\"target\":[\"https:\\\/\\\/www.qbiq.nl\\\/de\\\/safety-culture-ladder\\\/\"]}]},{\"@type\":\"BreadcrumbList\",\"@id\":\"https:\\\/\\\/www.qbiq.nl\\\/de\\\/safety-culture-ladder\\\/#breadcrumb\",\"itemListElement\":[{\"@type\":\"ListItem\",\"position\":1,\"name\":\"Home\",\"item\":\"https:\\\/\\\/www.qbiq.nl\\\/de\\\/\"},{\"@type\":\"ListItem\",\"position\":2,\"name\":\"Safety Culture Ladder\"}]},{\"@type\":\"WebSite\",\"@id\":\"https:\\\/\\\/www.qbiq.nl\\\/?lang=en\\\/#website\",\"url\":\"https:\\\/\\\/www.qbiq.nl\\\/?lang=en\\\/\",\"name\":\"QbiQ Wall Systems\",\"description\":\"QbiQ geeft iQ de ruimte\",\"publisher\":{\"@id\":\"https:\\\/\\\/www.qbiq.nl\\\/?lang=en\\\/#organization\"},\"potentialAction\":[{\"@type\":\"SearchAction\",\"target\":{\"@type\":\"EntryPoint\",\"urlTemplate\":\"https:\\\/\\\/www.qbiq.nl\\\/?lang=en\\\/?s={search_term_string}\"},\"query-input\":{\"@type\":\"PropertyValueSpecification\",\"valueRequired\":true,\"valueName\":\"search_term_string\"}}],\"inLanguage\":\"de\"},{\"@type\":\"Organization\",\"@id\":\"https:\\\/\\\/www.qbiq.nl\\\/?lang=en\\\/#organization\",\"name\":\"QbiQ Wall Systems\",\"url\":\"https:\\\/\\\/www.qbiq.nl\\\/de\\\/\",\"logo\":{\"@type\":\"ImageObject\",\"url\":\"https:\\\/\\\/www.qbiq.nl\\\/wp-content\\\/themes\\\/qbiq\\\/public\\\/img\\\/logo.png\",\"width\":200,\"height\":60},\"image\":{\"@id\":\"https:\\\/\\\/www.qbiq.nl\\\/?lang=en\\\/#\\\/schema\\\/logo\\\/image\\\/\"},\"sameAs\":[\"https:\\\/\\\/www.facebook.com\\\/qbiqwallsystems\\\/\",\"https:\\\/\\\/www.linkedin.com\\\/company\\\/qbiqwallsystems\",\"https:\\\/\\\/www.youtube.com\\\/channel\\\/UC0-xp-sYAd3L3B6q03uvFCQ\",\"https:\\\/\\\/www.instagram.com\\\/qbiqwallsystems\\\/\"],\"telephone\":\"+31 88 50 10 500\",\"address\":{\"@type\":\"PostalAddress\",\"streetAddress\":\"Poppenbouwing 26\",\"addressLocality\":\"Nieuwegein\",\"postalCode\":\"3431 HP\",\"addressCountry\":\"NL\"}}]}<\/script>\n<!-- \/ Yoast SEO plugin. -->","yoast_head_json":{"title":"Safety Culture Ladder - QbiQ Wall Systems","robots":{"index":"index","follow":"follow","max-snippet":"max-snippet:-1","max-image-preview":"max-image-preview:large","max-video-preview":"max-video-preview:-1"},"canonical":"https:\/\/www.qbiq.nl\/de\/safety-culture-ladder\/","og_locale":"de_DE","og_type":"article","og_title":"Safety Culture Ladder - QbiQ Wall Systems","og_description":"Im November 2024 erreicht QbiQ die Stufe 3 der Safety Culture Ladder. Die Safety Culture Ladder-Methode pr\u00fcft, ob QbiQ und seine Mitarbeiter sich f\u00fcr ihre Sicherheit verantwortlich und engagiert f\u00fchlen und die vereinbarten Regeln und Verfahren f\u00fcr sicheres Arbeiten anwenden. Je h\u00f6her auf der Leiter, desto mehr Aufmerksamkeit wird dem sicheren Arbeiten gewidmet. QbiQ hat...","og_url":"https:\/\/www.qbiq.nl\/de\/safety-culture-ladder\/","og_site_name":"QbiQ Wall Systems","article_publisher":"https:\/\/www.facebook.com\/qbiqwallsystems","article_modified_time":"2025-11-05T15:03:24+00:00","twitter_card":"summary_large_image","twitter_site":"@QbiQ1","twitter_misc":{"Gesch\u00e4tzte Lesezeit":"2\u00a0Minuten"},"schema":{"@context":"https:\/\/schema.org","@graph":[{"@type":"WebPage","@id":"https:\/\/www.qbiq.nl\/de\/safety-culture-ladder\/","url":"https:\/\/www.qbiq.nl\/de\/safety-culture-ladder\/","name":"Safety Culture Ladder - QbiQ Wall Systems","isPartOf":{"@id":"https:\/\/www.qbiq.nl\/?lang=en\/#website"},"datePublished":"2025-09-18T10:50:39+00:00","dateModified":"2025-11-05T15:03:24+00:00","breadcrumb":{"@id":"https:\/\/www.qbiq.nl\/de\/safety-culture-ladder\/#breadcrumb"},"inLanguage":"de","potentialAction":[{"@type":"ReadAction","target":["https:\/\/www.qbiq.nl\/de\/safety-culture-ladder\/"]}]},{"@type":"BreadcrumbList","@id":"https:\/\/www.qbiq.nl\/de\/safety-culture-ladder\/#breadcrumb","itemListElement":[{"@type":"ListItem","position":1,"name":"Home","item":"https:\/\/www.qbiq.nl\/de\/"},{"@type":"ListItem","position":2,"name":"Safety Culture Ladder"}]},{"@type":"WebSite","@id":"https:\/\/www.qbiq.nl\/?lang=en\/#website","url":"https:\/\/www.qbiq.nl\/?lang=en\/","name":"QbiQ Wall Systems","description":"QbiQ geeft iQ de ruimte","publisher":{"@id":"https:\/\/www.qbiq.nl\/?lang=en\/#organization"},"potentialAction":[{"@type":"SearchAction","target":{"@type":"EntryPoint","urlTemplate":"https:\/\/www.qbiq.nl\/?lang=en\/?s={search_term_string}"},"query-input":{"@type":"PropertyValueSpecification","valueRequired":true,"valueName":"search_term_string"}}],"inLanguage":"de"},{"@type":"Organization","@id":"https:\/\/www.qbiq.nl\/?lang=en\/#organization","name":"QbiQ Wall Systems","url":"https:\/\/www.qbiq.nl\/de\/","logo":{"@type":"ImageObject","url":"https:\/\/www.qbiq.nl\/wp-content\/themes\/qbiq\/public\/img\/logo.png","width":200,"height":60},"image":{"@id":"https:\/\/www.qbiq.nl\/?lang=en\/#\/schema\/logo\/image\/"},"sameAs":["https:\/\/www.facebook.com\/qbiqwallsystems\/","https:\/\/www.linkedin.com\/company\/qbiqwallsystems","https:\/\/www.youtube.com\/channel\/UC0-xp-sYAd3L3B6q03uvFCQ","https:\/\/www.instagram.com\/qbiqwallsystems\/"],"telephone":"+31 88 50 10 500","address":{"@type":"PostalAddress","streetAddress":"Poppenbouwing 26","addressLocality":"Nieuwegein","postalCode":"3431 HP","addressCountry":"NL"}}]}},"_links":{"self":[{"href":"https:\/\/www.qbiq.nl\/de\/wp-json\/wp\/v2\/pages\/23289","targetHints":{"allow":["GET"]}}],"collection":[{"href":"https:\/\/www.qbiq.nl\/de\/wp-json\/wp\/v2\/pages"}],"about":[{"href":"https:\/\/www.qbiq.nl\/de\/wp-json\/wp\/v2\/types\/page"}],"author":[{"embeddable":true,"href":"https:\/\/www.qbiq.nl\/de\/wp-json\/wp\/v2\/users\/1"}],"replies":[{"embeddable":true,"href":"https:\/\/www.qbiq.nl\/de\/wp-json\/wp\/v2\/comments?post=23289"}],"version-history":[{"count":2,"href":"https:\/\/www.qbiq.nl\/de\/wp-json\/wp\/v2\/pages\/23289\/revisions"}],"predecessor-version":[{"id":23623,"href":"https:\/\/www.qbiq.nl\/de\/wp-json\/wp\/v2\/pages\/23289\/revisions\/23623"}],"wp:attachment":[{"href":"https:\/\/www.qbiq.nl\/de\/wp-json\/wp\/v2\/media?parent=23289"}],"curies":[{"name":"wp","href":"https:\/\/api.w.org\/{rel}","templated":true}]}}