{"id":1640,"date":"2016-03-23T10:33:12","date_gmt":"2016-03-23T09:33:12","guid":{"rendered":"http:\/\/wpdev.qbiq.nl\/duurzaam\/"},"modified":"2025-09-18T12:16:56","modified_gmt":"2025-09-18T10:16:56","slug":"duurzaam","status":"publish","type":"page","link":"https:\/\/www.qbiq.nl\/es\/duurzaam\/","title":{"rendered":"Cradle to Cradle\u00ae"},"content":{"rendered":"<p>QbiQ ha estado claramente a la vanguardia en lo que se refiere a la sostenibilidad durante muchos a\u00f1os. Todos los sistemas de pared est\u00e1n certificados Cradle to Cradle Plata. Nuestro conocimiento y saber hacer ha dado lugar a una innovaci\u00f3n en la utilizaci\u00f3n del vidrio laminado. Y estamos muy orgullosos de ello.<\/p>\n<p>&nbsp;<\/p>\n<p>Sistemas de paredes 100% sostenibles, mediante el uso de vidrio laminado, alto confort ac\u00fastico, dise\u00f1o esencial a medida y, por supuesto, cada parte de la pared es separable y susceptible de ser reutilizada. Certificado Cradle to Cradle Plata.<br \/>\nQbiQ es el \u00fanico proveedor que realmente realiza entregas.<br \/>\nSer conscientes del mundo cambiante en el que asumimos la responsabilidad y hacemos negocios de forma sostenible teniendo en cuenta a las personas, el medio ambiente y la sociedad.<br \/>\nQbiQ. La Opci\u00f3n Verde.<\/p>\n","protected":false},"excerpt":{"rendered":"<p>QbiQ ha estado claramente a la vanguardia en lo que se refiere a la sostenibilidad durante muchos a\u00f1os. Todos los sistemas de pared est\u00e1n certificados Cradle to Cradle Plata. Nuestro conocimiento y saber hacer ha dado lugar a una innovaci\u00f3n en la utilizaci\u00f3n del vidrio laminado. Y estamos muy orgullosos de ello. &nbsp; Sistemas de&#8230;<\/p>\n","protected":false},"author":1,"featured_media":7771,"parent":0,"menu_order":0,"comment_status":"closed","ping_status":"closed","template":"page-duurzaam.php","meta":{"_acf_changed":false,"footnotes":""},"class_list":["post-1640","page","type-page","status-publish","has-post-thumbnail","hentry"],"acf":[],"yoast_head":"<!-- This site is optimized with the Yoast SEO plugin v27.5 - https:\/\/yoast.com\/product\/yoast-seo-wordpress\/ -->\n<title>Cradle to Cradle\u00ae - QbiQ Wall Systems<\/title>\n<meta name=\"robots\" content=\"index, follow, max-snippet:-1, max-image-preview:large, max-video-preview:-1\" \/>\n<link rel=\"canonical\" href=\"https:\/\/www.qbiq.nl\/es\/duurzaam\/\" \/>\n<meta property=\"og:locale\" content=\"es_ES\" \/>\n<meta property=\"og:type\" content=\"article\" \/>\n<meta property=\"og:title\" content=\"Cradle to Cradle\u00ae - QbiQ Wall Systems\" \/>\n<meta property=\"og:description\" content=\"QbiQ ha estado claramente a la vanguardia en lo que se refiere a la sostenibilidad durante muchos a\u00f1os. Todos los sistemas de pared est\u00e1n certificados Cradle to Cradle Plata. Nuestro conocimiento y saber hacer ha dado lugar a una innovaci\u00f3n en la utilizaci\u00f3n del vidrio laminado. Y estamos muy orgullosos de ello. &nbsp; Sistemas de...\" \/>\n<meta property=\"og:url\" content=\"https:\/\/www.qbiq.nl\/es\/duurzaam\/\" \/>\n<meta property=\"og:site_name\" content=\"QbiQ Wall Systems\" \/>\n<meta property=\"article:publisher\" content=\"https:\/\/www.facebook.com\/qbiqwallsystems\" \/>\n<meta property=\"article:modified_time\" content=\"2025-09-18T10:16:56+00:00\" \/>\n<meta property=\"og:image\" content=\"https:\/\/www.qbiq.nl\/wp-content\/uploads\/2021\/05\/C2C_Silver_color_width.png\" \/>\n\t<meta property=\"og:image:width\" content=\"1189\" \/>\n\t<meta property=\"og:image:height\" content=\"621\" \/>\n\t<meta property=\"og:image:type\" content=\"image\/png\" \/>\n<meta name=\"twitter:card\" content=\"summary_large_image\" \/>\n<meta name=\"twitter:site\" content=\"@QbiQ1\" \/>\n<meta name=\"twitter:label1\" content=\"Tiempo de lectura\" \/>\n\t<meta name=\"twitter:data1\" content=\"5 minutos\" \/>\n<script type=\"application\/ld+json\" class=\"yoast-schema-graph\">{\"@context\":\"https:\\\/\\\/schema.org\",\"@graph\":[{\"@type\":\"WebPage\",\"@id\":\"https:\\\/\\\/www.qbiq.nl\\\/es\\\/duurzaam\\\/\",\"url\":\"https:\\\/\\\/www.qbiq.nl\\\/es\\\/duurzaam\\\/\",\"name\":\"Cradle to Cradle\u00ae - QbiQ Wall Systems\",\"isPartOf\":{\"@id\":\"https:\\\/\\\/www.qbiq.nl\\\/?lang=en\\\/#website\"},\"primaryImageOfPage\":{\"@id\":\"https:\\\/\\\/www.qbiq.nl\\\/es\\\/duurzaam\\\/#primaryimage\"},\"image\":{\"@id\":\"https:\\\/\\\/www.qbiq.nl\\\/es\\\/duurzaam\\\/#primaryimage\"},\"thumbnailUrl\":\"https:\\\/\\\/www.qbiq.nl\\\/wp-content\\\/uploads\\\/2021\\\/05\\\/C2C_Silver_color_width.png\",\"datePublished\":\"2016-03-23T09:33:12+00:00\",\"dateModified\":\"2025-09-18T10:16:56+00:00\",\"breadcrumb\":{\"@id\":\"https:\\\/\\\/www.qbiq.nl\\\/es\\\/duurzaam\\\/#breadcrumb\"},\"inLanguage\":\"es\",\"potentialAction\":[{\"@type\":\"ReadAction\",\"target\":[\"https:\\\/\\\/www.qbiq.nl\\\/es\\\/duurzaam\\\/\"]}]},{\"@type\":\"ImageObject\",\"inLanguage\":\"es\",\"@id\":\"https:\\\/\\\/www.qbiq.nl\\\/es\\\/duurzaam\\\/#primaryimage\",\"url\":\"https:\\\/\\\/www.qbiq.nl\\\/wp-content\\\/uploads\\\/2021\\\/05\\\/C2C_Silver_color_width.png\",\"contentUrl\":\"https:\\\/\\\/www.qbiq.nl\\\/wp-content\\\/uploads\\\/2021\\\/05\\\/C2C_Silver_color_width.png\",\"width\":1189,\"height\":621,\"caption\":\"Cradle to Cradle Silver Certified\"},{\"@type\":\"BreadcrumbList\",\"@id\":\"https:\\\/\\\/www.qbiq.nl\\\/es\\\/duurzaam\\\/#breadcrumb\",\"itemListElement\":[{\"@type\":\"ListItem\",\"position\":1,\"name\":\"Home\",\"item\":\"https:\\\/\\\/www.qbiq.nl\\\/es\\\/\"},{\"@type\":\"ListItem\",\"position\":2,\"name\":\"Cradle to Cradle\u00ae\"}]},{\"@type\":\"WebSite\",\"@id\":\"https:\\\/\\\/www.qbiq.nl\\\/?lang=en\\\/#website\",\"url\":\"https:\\\/\\\/www.qbiq.nl\\\/?lang=en\\\/\",\"name\":\"QbiQ Wall Systems\",\"description\":\"QbiQ geeft iQ de ruimte\",\"publisher\":{\"@id\":\"https:\\\/\\\/www.qbiq.nl\\\/?lang=en\\\/#organization\"},\"potentialAction\":[{\"@type\":\"SearchAction\",\"target\":{\"@type\":\"EntryPoint\",\"urlTemplate\":\"https:\\\/\\\/www.qbiq.nl\\\/?lang=en\\\/?s={search_term_string}\"},\"query-input\":{\"@type\":\"PropertyValueSpecification\",\"valueRequired\":true,\"valueName\":\"search_term_string\"}}],\"inLanguage\":\"es\"},{\"@type\":\"Organization\",\"@id\":\"https:\\\/\\\/www.qbiq.nl\\\/?lang=en\\\/#organization\",\"name\":\"QbiQ Wall Systems\",\"url\":\"https:\\\/\\\/www.qbiq.nl\\\/es\\\/\",\"logo\":{\"@type\":\"ImageObject\",\"url\":\"https:\\\/\\\/www.qbiq.nl\\\/wp-content\\\/themes\\\/qbiq\\\/public\\\/img\\\/logo.png\",\"width\":200,\"height\":60},\"image\":{\"@id\":\"https:\\\/\\\/www.qbiq.nl\\\/?lang=en\\\/#\\\/schema\\\/logo\\\/image\\\/\"},\"sameAs\":[\"https:\\\/\\\/www.facebook.com\\\/qbiqwallsystems\\\/\",\"https:\\\/\\\/www.linkedin.com\\\/company\\\/qbiqwallsystems\",\"https:\\\/\\\/www.youtube.com\\\/channel\\\/UC0-xp-sYAd3L3B6q03uvFCQ\",\"https:\\\/\\\/www.instagram.com\\\/qbiqwallsystems\\\/\"],\"telephone\":\"+31 88 50 10 500\",\"address\":{\"@type\":\"PostalAddress\",\"streetAddress\":\"Poppenbouwing 26\",\"addressLocality\":\"Nieuwegein\",\"postalCode\":\"3431 HP\",\"addressCountry\":\"NL\"}}]}<\/script>\n<!-- \/ Yoast SEO plugin. -->","yoast_head_json":{"title":"Cradle to Cradle\u00ae - QbiQ Wall Systems","robots":{"index":"index","follow":"follow","max-snippet":"max-snippet:-1","max-image-preview":"max-image-preview:large","max-video-preview":"max-video-preview:-1"},"canonical":"https:\/\/www.qbiq.nl\/es\/duurzaam\/","og_locale":"es_ES","og_type":"article","og_title":"Cradle to Cradle\u00ae - QbiQ Wall Systems","og_description":"QbiQ ha estado claramente a la vanguardia en lo que se refiere a la sostenibilidad durante muchos a\u00f1os. Todos los sistemas de pared est\u00e1n certificados Cradle to Cradle Plata. Nuestro conocimiento y saber hacer ha dado lugar a una innovaci\u00f3n en la utilizaci\u00f3n del vidrio laminado. Y estamos muy orgullosos de ello. &nbsp; Sistemas de...","og_url":"https:\/\/www.qbiq.nl\/es\/duurzaam\/","og_site_name":"QbiQ Wall Systems","article_publisher":"https:\/\/www.facebook.com\/qbiqwallsystems","article_modified_time":"2025-09-18T10:16:56+00:00","og_image":[{"width":1189,"height":621,"url":"https:\/\/www.qbiq.nl\/wp-content\/uploads\/2021\/05\/C2C_Silver_color_width.png","type":"image\/png"}],"twitter_card":"summary_large_image","twitter_site":"@QbiQ1","twitter_misc":{"Tiempo de lectura":"5 minutos"},"schema":{"@context":"https:\/\/schema.org","@graph":[{"@type":"WebPage","@id":"https:\/\/www.qbiq.nl\/es\/duurzaam\/","url":"https:\/\/www.qbiq.nl\/es\/duurzaam\/","name":"Cradle to Cradle\u00ae - QbiQ Wall Systems","isPartOf":{"@id":"https:\/\/www.qbiq.nl\/?lang=en\/#website"},"primaryImageOfPage":{"@id":"https:\/\/www.qbiq.nl\/es\/duurzaam\/#primaryimage"},"image":{"@id":"https:\/\/www.qbiq.nl\/es\/duurzaam\/#primaryimage"},"thumbnailUrl":"https:\/\/www.qbiq.nl\/wp-content\/uploads\/2021\/05\/C2C_Silver_color_width.png","datePublished":"2016-03-23T09:33:12+00:00","dateModified":"2025-09-18T10:16:56+00:00","breadcrumb":{"@id":"https:\/\/www.qbiq.nl\/es\/duurzaam\/#breadcrumb"},"inLanguage":"es","potentialAction":[{"@type":"ReadAction","target":["https:\/\/www.qbiq.nl\/es\/duurzaam\/"]}]},{"@type":"ImageObject","inLanguage":"es","@id":"https:\/\/www.qbiq.nl\/es\/duurzaam\/#primaryimage","url":"https:\/\/www.qbiq.nl\/wp-content\/uploads\/2021\/05\/C2C_Silver_color_width.png","contentUrl":"https:\/\/www.qbiq.nl\/wp-content\/uploads\/2021\/05\/C2C_Silver_color_width.png","width":1189,"height":621,"caption":"Cradle to Cradle Silver Certified"},{"@type":"BreadcrumbList","@id":"https:\/\/www.qbiq.nl\/es\/duurzaam\/#breadcrumb","itemListElement":[{"@type":"ListItem","position":1,"name":"Home","item":"https:\/\/www.qbiq.nl\/es\/"},{"@type":"ListItem","position":2,"name":"Cradle to Cradle\u00ae"}]},{"@type":"WebSite","@id":"https:\/\/www.qbiq.nl\/?lang=en\/#website","url":"https:\/\/www.qbiq.nl\/?lang=en\/","name":"QbiQ Wall Systems","description":"QbiQ geeft iQ de ruimte","publisher":{"@id":"https:\/\/www.qbiq.nl\/?lang=en\/#organization"},"potentialAction":[{"@type":"SearchAction","target":{"@type":"EntryPoint","urlTemplate":"https:\/\/www.qbiq.nl\/?lang=en\/?s={search_term_string}"},"query-input":{"@type":"PropertyValueSpecification","valueRequired":true,"valueName":"search_term_string"}}],"inLanguage":"es"},{"@type":"Organization","@id":"https:\/\/www.qbiq.nl\/?lang=en\/#organization","name":"QbiQ Wall Systems","url":"https:\/\/www.qbiq.nl\/es\/","logo":{"@type":"ImageObject","url":"https:\/\/www.qbiq.nl\/wp-content\/themes\/qbiq\/public\/img\/logo.png","width":200,"height":60},"image":{"@id":"https:\/\/www.qbiq.nl\/?lang=en\/#\/schema\/logo\/image\/"},"sameAs":["https:\/\/www.facebook.com\/qbiqwallsystems\/","https:\/\/www.linkedin.com\/company\/qbiqwallsystems","https:\/\/www.youtube.com\/channel\/UC0-xp-sYAd3L3B6q03uvFCQ","https:\/\/www.instagram.com\/qbiqwallsystems\/"],"telephone":"+31 88 50 10 500","address":{"@type":"PostalAddress","streetAddress":"Poppenbouwing 26","addressLocality":"Nieuwegein","postalCode":"3431 HP","addressCountry":"NL"}}]}},"_links":{"self":[{"href":"https:\/\/www.qbiq.nl\/es\/wp-json\/wp\/v2\/pages\/1640","targetHints":{"allow":["GET"]}}],"collection":[{"href":"https:\/\/www.qbiq.nl\/es\/wp-json\/wp\/v2\/pages"}],"about":[{"href":"https:\/\/www.qbiq.nl\/es\/wp-json\/wp\/v2\/types\/page"}],"author":[{"embeddable":true,"href":"https:\/\/www.qbiq.nl\/es\/wp-json\/wp\/v2\/users\/1"}],"replies":[{"embeddable":true,"href":"https:\/\/www.qbiq.nl\/es\/wp-json\/wp\/v2\/comments?post=1640"}],"version-history":[{"count":18,"href":"https:\/\/www.qbiq.nl\/es\/wp-json\/wp\/v2\/pages\/1640\/revisions"}],"predecessor-version":[{"id":23210,"href":"https:\/\/www.qbiq.nl\/es\/wp-json\/wp\/v2\/pages\/1640\/revisions\/23210"}],"wp:featuredmedia":[{"embeddable":true,"href":"https:\/\/www.qbiq.nl\/es\/wp-json\/wp\/v2\/media\/7771"}],"wp:attachment":[{"href":"https:\/\/www.qbiq.nl\/es\/wp-json\/wp\/v2\/media?parent=1640"}],"curies":[{"name":"wp","href":"https:\/\/api.w.org\/{rel}","templated":true}]}}