{"id":1651,"date":"2016-03-15T14:11:33","date_gmt":"2016-03-15T13:11:33","guid":{"rendered":"http:\/\/wpdev.qbiq.nl\/over\/"},"modified":"2018-04-30T16:39:29","modified_gmt":"2018-04-30T14:39:29","slug":"over","status":"publish","type":"page","link":"https:\/\/www.qbiq.nl\/es\/over\/","title":{"rendered":"Acerca de"},"content":{"rendered":"<h1>QbiQ le da a IQ el espacio<\/h1>\n<p>Una pared de sistema todav\u00eda suena un poco como una soluci\u00f3n com\u00fan del siglo pasado. Aun as\u00ed, \u2018com\u00fan\u2019 es algo no deseable para los lugares donde se trabaja con IQ. Salas donde la gente pueda trabajar c\u00f3modamente, y una oficina que exprese exactamente lo que es esta organizaci\u00f3n. En QbiQ, todo comienza con comprensi\u00f3n, exploraci\u00f3n y reflexi\u00f3n. Con nuestro conocimiento, estamos a su lado para ofrecerle una experiencia espacial que tiene en mente: espacios inteligentes, para clientes con particulares deseos.<\/p>\n<p>&nbsp;<\/p>\n","protected":false},"excerpt":{"rendered":"<p>QbiQ le da a IQ el espacio Una pared de sistema todav\u00eda suena un poco como una soluci\u00f3n com\u00fan del siglo pasado. Aun as\u00ed, \u2018com\u00fan\u2019 es algo no deseable para los lugares donde se trabaja con IQ. Salas donde la gente pueda trabajar c\u00f3modamente, y una oficina que exprese exactamente lo que es esta organizaci\u00f3n&#8230;.<\/p>\n","protected":false},"author":1,"featured_media":0,"parent":0,"menu_order":0,"comment_status":"closed","ping_status":"closed","template":"page-about-us.php","meta":{"_acf_changed":false,"footnotes":""},"class_list":["post-1651","page","type-page","status-publish","hentry"],"acf":[],"yoast_head":"<!-- This site is optimized with the Yoast SEO plugin v27.5 - https:\/\/yoast.com\/product\/yoast-seo-wordpress\/ -->\n<title>Acerca de - QbiQ Wall Systems<\/title>\n<meta name=\"robots\" content=\"index, follow, max-snippet:-1, max-image-preview:large, max-video-preview:-1\" \/>\n<link rel=\"canonical\" href=\"https:\/\/www.qbiq.nl\/over\/?lang=es\" \/>\n<meta property=\"og:locale\" content=\"es_ES\" \/>\n<meta property=\"og:type\" content=\"article\" \/>\n<meta property=\"og:title\" content=\"Acerca de - QbiQ Wall Systems\" \/>\n<meta property=\"og:description\" content=\"QbiQ le da a IQ el espacio Una pared de sistema todav\u00eda suena un poco como una soluci\u00f3n com\u00fan del siglo pasado. Aun as\u00ed, \u2018com\u00fan\u2019 es algo no deseable para los lugares donde se trabaja con IQ. Salas donde la gente pueda trabajar c\u00f3modamente, y una oficina que exprese exactamente lo que es esta organizaci\u00f3n....\" \/>\n<meta property=\"og:url\" content=\"https:\/\/www.qbiq.nl\/over\/?lang=es\" \/>\n<meta property=\"og:site_name\" content=\"QbiQ Wall Systems\" \/>\n<meta property=\"article:publisher\" content=\"https:\/\/www.facebook.com\/qbiqwallsystems\" \/>\n<meta property=\"article:modified_time\" content=\"2018-04-30T14:39:29+00:00\" \/>\n<meta name=\"twitter:card\" content=\"summary_large_image\" \/>\n<meta name=\"twitter:site\" content=\"@QbiQ1\" \/>\n<script type=\"application\/ld+json\" class=\"yoast-schema-graph\">{\"@context\":\"https:\\\/\\\/schema.org\",\"@graph\":[{\"@type\":\"WebPage\",\"@id\":\"https:\\\/\\\/www.qbiq.nl\\\/over\\\/?lang=es\",\"url\":\"https:\\\/\\\/www.qbiq.nl\\\/over\\\/?lang=es\",\"name\":\"Acerca de - QbiQ Wall Systems\",\"isPartOf\":{\"@id\":\"https:\\\/\\\/www.qbiq.nl\\\/?lang=en\\\/#website\"},\"datePublished\":\"2016-03-15T13:11:33+00:00\",\"dateModified\":\"2018-04-30T14:39:29+00:00\",\"breadcrumb\":{\"@id\":\"https:\\\/\\\/www.qbiq.nl\\\/over\\\/?lang=es#breadcrumb\"},\"inLanguage\":\"es\",\"potentialAction\":[{\"@type\":\"ReadAction\",\"target\":[\"https:\\\/\\\/www.qbiq.nl\\\/over\\\/?lang=es\"]}]},{\"@type\":\"BreadcrumbList\",\"@id\":\"https:\\\/\\\/www.qbiq.nl\\\/over\\\/?lang=es#breadcrumb\",\"itemListElement\":[{\"@type\":\"ListItem\",\"position\":1,\"name\":\"Home\",\"item\":\"https:\\\/\\\/www.qbiq.nl\\\/es\\\/\"},{\"@type\":\"ListItem\",\"position\":2,\"name\":\"Acerca de\"}]},{\"@type\":\"WebSite\",\"@id\":\"https:\\\/\\\/www.qbiq.nl\\\/?lang=en\\\/#website\",\"url\":\"https:\\\/\\\/www.qbiq.nl\\\/?lang=en\\\/\",\"name\":\"QbiQ Wall Systems\",\"description\":\"QbiQ geeft iQ de ruimte\",\"publisher\":{\"@id\":\"https:\\\/\\\/www.qbiq.nl\\\/?lang=en\\\/#organization\"},\"potentialAction\":[{\"@type\":\"SearchAction\",\"target\":{\"@type\":\"EntryPoint\",\"urlTemplate\":\"https:\\\/\\\/www.qbiq.nl\\\/?lang=en\\\/?s={search_term_string}\"},\"query-input\":{\"@type\":\"PropertyValueSpecification\",\"valueRequired\":true,\"valueName\":\"search_term_string\"}}],\"inLanguage\":\"es\"},{\"@type\":\"Organization\",\"@id\":\"https:\\\/\\\/www.qbiq.nl\\\/?lang=en\\\/#organization\",\"name\":\"QbiQ Wall Systems\",\"url\":\"https:\\\/\\\/www.qbiq.nl\\\/es\\\/\",\"logo\":{\"@type\":\"ImageObject\",\"url\":\"https:\\\/\\\/www.qbiq.nl\\\/wp-content\\\/themes\\\/qbiq\\\/public\\\/img\\\/logo.png\",\"width\":200,\"height\":60},\"image\":{\"@id\":\"https:\\\/\\\/www.qbiq.nl\\\/?lang=en\\\/#\\\/schema\\\/logo\\\/image\\\/\"},\"sameAs\":[\"https:\\\/\\\/www.facebook.com\\\/qbiqwallsystems\\\/\",\"https:\\\/\\\/www.linkedin.com\\\/company\\\/qbiqwallsystems\",\"https:\\\/\\\/www.youtube.com\\\/channel\\\/UC0-xp-sYAd3L3B6q03uvFCQ\",\"https:\\\/\\\/www.instagram.com\\\/qbiqwallsystems\\\/\"],\"telephone\":\"+31 88 50 10 500\",\"address\":{\"@type\":\"PostalAddress\",\"streetAddress\":\"Poppenbouwing 26\",\"addressLocality\":\"Nieuwegein\",\"postalCode\":\"3431 HP\",\"addressCountry\":\"NL\"}}]}<\/script>\n<!-- \/ Yoast SEO plugin. -->","yoast_head_json":{"title":"Acerca de - QbiQ Wall Systems","robots":{"index":"index","follow":"follow","max-snippet":"max-snippet:-1","max-image-preview":"max-image-preview:large","max-video-preview":"max-video-preview:-1"},"canonical":"https:\/\/www.qbiq.nl\/over\/?lang=es","og_locale":"es_ES","og_type":"article","og_title":"Acerca de - QbiQ Wall Systems","og_description":"QbiQ le da a IQ el espacio Una pared de sistema todav\u00eda suena un poco como una soluci\u00f3n com\u00fan del siglo pasado. Aun as\u00ed, \u2018com\u00fan\u2019 es algo no deseable para los lugares donde se trabaja con IQ. Salas donde la gente pueda trabajar c\u00f3modamente, y una oficina que exprese exactamente lo que es esta organizaci\u00f3n....","og_url":"https:\/\/www.qbiq.nl\/over\/?lang=es","og_site_name":"QbiQ Wall Systems","article_publisher":"https:\/\/www.facebook.com\/qbiqwallsystems","article_modified_time":"2018-04-30T14:39:29+00:00","twitter_card":"summary_large_image","twitter_site":"@QbiQ1","schema":{"@context":"https:\/\/schema.org","@graph":[{"@type":"WebPage","@id":"https:\/\/www.qbiq.nl\/over\/?lang=es","url":"https:\/\/www.qbiq.nl\/over\/?lang=es","name":"Acerca de - QbiQ Wall Systems","isPartOf":{"@id":"https:\/\/www.qbiq.nl\/?lang=en\/#website"},"datePublished":"2016-03-15T13:11:33+00:00","dateModified":"2018-04-30T14:39:29+00:00","breadcrumb":{"@id":"https:\/\/www.qbiq.nl\/over\/?lang=es#breadcrumb"},"inLanguage":"es","potentialAction":[{"@type":"ReadAction","target":["https:\/\/www.qbiq.nl\/over\/?lang=es"]}]},{"@type":"BreadcrumbList","@id":"https:\/\/www.qbiq.nl\/over\/?lang=es#breadcrumb","itemListElement":[{"@type":"ListItem","position":1,"name":"Home","item":"https:\/\/www.qbiq.nl\/es\/"},{"@type":"ListItem","position":2,"name":"Acerca de"}]},{"@type":"WebSite","@id":"https:\/\/www.qbiq.nl\/?lang=en\/#website","url":"https:\/\/www.qbiq.nl\/?lang=en\/","name":"QbiQ Wall Systems","description":"QbiQ geeft iQ de ruimte","publisher":{"@id":"https:\/\/www.qbiq.nl\/?lang=en\/#organization"},"potentialAction":[{"@type":"SearchAction","target":{"@type":"EntryPoint","urlTemplate":"https:\/\/www.qbiq.nl\/?lang=en\/?s={search_term_string}"},"query-input":{"@type":"PropertyValueSpecification","valueRequired":true,"valueName":"search_term_string"}}],"inLanguage":"es"},{"@type":"Organization","@id":"https:\/\/www.qbiq.nl\/?lang=en\/#organization","name":"QbiQ Wall Systems","url":"https:\/\/www.qbiq.nl\/es\/","logo":{"@type":"ImageObject","url":"https:\/\/www.qbiq.nl\/wp-content\/themes\/qbiq\/public\/img\/logo.png","width":200,"height":60},"image":{"@id":"https:\/\/www.qbiq.nl\/?lang=en\/#\/schema\/logo\/image\/"},"sameAs":["https:\/\/www.facebook.com\/qbiqwallsystems\/","https:\/\/www.linkedin.com\/company\/qbiqwallsystems","https:\/\/www.youtube.com\/channel\/UC0-xp-sYAd3L3B6q03uvFCQ","https:\/\/www.instagram.com\/qbiqwallsystems\/"],"telephone":"+31 88 50 10 500","address":{"@type":"PostalAddress","streetAddress":"Poppenbouwing 26","addressLocality":"Nieuwegein","postalCode":"3431 HP","addressCountry":"NL"}}]}},"_links":{"self":[{"href":"https:\/\/www.qbiq.nl\/es\/wp-json\/wp\/v2\/pages\/1651","targetHints":{"allow":["GET"]}}],"collection":[{"href":"https:\/\/www.qbiq.nl\/es\/wp-json\/wp\/v2\/pages"}],"about":[{"href":"https:\/\/www.qbiq.nl\/es\/wp-json\/wp\/v2\/types\/page"}],"author":[{"embeddable":true,"href":"https:\/\/www.qbiq.nl\/es\/wp-json\/wp\/v2\/users\/1"}],"replies":[{"embeddable":true,"href":"https:\/\/www.qbiq.nl\/es\/wp-json\/wp\/v2\/comments?post=1651"}],"version-history":[{"count":2,"href":"https:\/\/www.qbiq.nl\/es\/wp-json\/wp\/v2\/pages\/1651\/revisions"}],"predecessor-version":[{"id":1780,"href":"https:\/\/www.qbiq.nl\/es\/wp-json\/wp\/v2\/pages\/1651\/revisions\/1780"}],"wp:attachment":[{"href":"https:\/\/www.qbiq.nl\/es\/wp-json\/wp\/v2\/media?parent=1651"}],"curies":[{"name":"wp","href":"https:\/\/api.w.org\/{rel}","templated":true}]}}