{"id":22095,"date":"2024-10-28T17:03:36","date_gmt":"2024-10-28T16:03:36","guid":{"rendered":"https:\/\/www.qbiq.nl\/partner-worden\/"},"modified":"2025-10-15T10:29:39","modified_gmt":"2025-10-15T08:29:39","slug":"partner-worden","status":"publish","type":"page","link":"https:\/\/www.qbiq.nl\/es\/partner-worden\/","title":{"rendered":"\u00bfQuieres ser socio?"},"content":{"rendered":"<h2><strong>\u00a1Convi\u00e9rtete en socio oficial de QbiQ!<\/strong><\/h2>\n<p>\u00bfQuieres ampliar tu gama de productos con un concepto de pared de sistema de alta calidad, sostenible y, sobre todo, inteligente? Convi\u00e9rtete en socio profesional de QbiQ. Como fabricante de paredes de sistema, QbiQ busca socios, como decoradores y dise\u00f1adores de proyectos, que adquieran nuestras paredes y puertas y las ofrezcan a sus clientes.<\/p>\n<p>T\u00fa eres el emprendedor que cuida de tus clientes. Asesorar\u00e1s y elaborar\u00e1s presupuestos para nuestros sistemas de pared como parte de tu servicio. Gestionar\u00e1s mediciones precisas, la instalaci\u00f3n, la entrega y la facturaci\u00f3n con facilidad.<\/p>\n","protected":false},"excerpt":{"rendered":"<p>\u00a1Convi\u00e9rtete en socio oficial de QbiQ! \u00bfQuieres ampliar tu gama de productos con un concepto de pared de sistema de alta calidad, sostenible y, sobre todo, inteligente? Convi\u00e9rtete en socio profesional de QbiQ. Como fabricante de paredes de sistema, QbiQ busca socios, como decoradores y dise\u00f1adores de proyectos, que adquieran nuestras paredes y puertas y&#8230;<\/p>\n","protected":false},"author":1,"featured_media":0,"parent":0,"menu_order":0,"comment_status":"closed","ping_status":"closed","template":"page-become-partner.php","meta":{"_acf_changed":false,"footnotes":""},"class_list":["post-22095","page","type-page","status-publish","hentry"],"acf":[],"yoast_head":"<!-- This site is optimized with the Yoast SEO plugin v27.5 - https:\/\/yoast.com\/product\/yoast-seo-wordpress\/ -->\n<title>\u00bfQuieres ser socio? - QbiQ Wall Systems<\/title>\n<meta name=\"robots\" content=\"index, follow, max-snippet:-1, max-image-preview:large, max-video-preview:-1\" \/>\n<link rel=\"canonical\" href=\"https:\/\/www.qbiq.nl\/es\/partner-worden\/\" \/>\n<meta property=\"og:locale\" content=\"es_ES\" \/>\n<meta property=\"og:type\" content=\"article\" \/>\n<meta property=\"og:title\" content=\"\u00bfQuieres ser socio? - QbiQ Wall Systems\" \/>\n<meta property=\"og:description\" content=\"\u00a1Convi\u00e9rtete en socio oficial de QbiQ! \u00bfQuieres ampliar tu gama de productos con un concepto de pared de sistema de alta calidad, sostenible y, sobre todo, inteligente? Convi\u00e9rtete en socio profesional de QbiQ. Como fabricante de paredes de sistema, QbiQ busca socios, como decoradores y dise\u00f1adores de proyectos, que adquieran nuestras paredes y puertas y...\" \/>\n<meta property=\"og:url\" content=\"https:\/\/www.qbiq.nl\/es\/partner-worden\/\" \/>\n<meta property=\"og:site_name\" content=\"QbiQ Wall Systems\" \/>\n<meta property=\"article:publisher\" content=\"https:\/\/www.facebook.com\/qbiqwallsystems\" \/>\n<meta property=\"article:modified_time\" content=\"2025-10-15T08:29:39+00:00\" \/>\n<meta name=\"twitter:card\" content=\"summary_large_image\" \/>\n<meta name=\"twitter:site\" content=\"@QbiQ1\" \/>\n<meta name=\"twitter:label1\" content=\"Tiempo de lectura\" \/>\n\t<meta name=\"twitter:data1\" content=\"4 minutos\" \/>\n<script type=\"application\/ld+json\" class=\"yoast-schema-graph\">{\"@context\":\"https:\\\/\\\/schema.org\",\"@graph\":[{\"@type\":\"WebPage\",\"@id\":\"https:\\\/\\\/www.qbiq.nl\\\/es\\\/partner-worden\\\/\",\"url\":\"https:\\\/\\\/www.qbiq.nl\\\/es\\\/partner-worden\\\/\",\"name\":\"\u00bfQuieres ser socio? - QbiQ Wall Systems\",\"isPartOf\":{\"@id\":\"https:\\\/\\\/www.qbiq.nl\\\/?lang=en\\\/#website\"},\"datePublished\":\"2024-10-28T16:03:36+00:00\",\"dateModified\":\"2025-10-15T08:29:39+00:00\",\"breadcrumb\":{\"@id\":\"https:\\\/\\\/www.qbiq.nl\\\/es\\\/partner-worden\\\/#breadcrumb\"},\"inLanguage\":\"es\",\"potentialAction\":[{\"@type\":\"ReadAction\",\"target\":[\"https:\\\/\\\/www.qbiq.nl\\\/es\\\/partner-worden\\\/\"]}]},{\"@type\":\"BreadcrumbList\",\"@id\":\"https:\\\/\\\/www.qbiq.nl\\\/es\\\/partner-worden\\\/#breadcrumb\",\"itemListElement\":[{\"@type\":\"ListItem\",\"position\":1,\"name\":\"Home\",\"item\":\"https:\\\/\\\/www.qbiq.nl\\\/es\\\/\"},{\"@type\":\"ListItem\",\"position\":2,\"name\":\"\u00bfQuieres ser socio?\"}]},{\"@type\":\"WebSite\",\"@id\":\"https:\\\/\\\/www.qbiq.nl\\\/?lang=en\\\/#website\",\"url\":\"https:\\\/\\\/www.qbiq.nl\\\/?lang=en\\\/\",\"name\":\"QbiQ Wall Systems\",\"description\":\"QbiQ geeft iQ de ruimte\",\"publisher\":{\"@id\":\"https:\\\/\\\/www.qbiq.nl\\\/?lang=en\\\/#organization\"},\"potentialAction\":[{\"@type\":\"SearchAction\",\"target\":{\"@type\":\"EntryPoint\",\"urlTemplate\":\"https:\\\/\\\/www.qbiq.nl\\\/?lang=en\\\/?s={search_term_string}\"},\"query-input\":{\"@type\":\"PropertyValueSpecification\",\"valueRequired\":true,\"valueName\":\"search_term_string\"}}],\"inLanguage\":\"es\"},{\"@type\":\"Organization\",\"@id\":\"https:\\\/\\\/www.qbiq.nl\\\/?lang=en\\\/#organization\",\"name\":\"QbiQ Wall Systems\",\"url\":\"https:\\\/\\\/www.qbiq.nl\\\/es\\\/\",\"logo\":{\"@type\":\"ImageObject\",\"url\":\"https:\\\/\\\/www.qbiq.nl\\\/wp-content\\\/themes\\\/qbiq\\\/public\\\/img\\\/logo.png\",\"width\":200,\"height\":60},\"image\":{\"@id\":\"https:\\\/\\\/www.qbiq.nl\\\/?lang=en\\\/#\\\/schema\\\/logo\\\/image\\\/\"},\"sameAs\":[\"https:\\\/\\\/www.facebook.com\\\/qbiqwallsystems\\\/\",\"https:\\\/\\\/www.linkedin.com\\\/company\\\/qbiqwallsystems\",\"https:\\\/\\\/www.youtube.com\\\/channel\\\/UC0-xp-sYAd3L3B6q03uvFCQ\",\"https:\\\/\\\/www.instagram.com\\\/qbiqwallsystems\\\/\"],\"telephone\":\"+31 88 50 10 500\",\"address\":{\"@type\":\"PostalAddress\",\"streetAddress\":\"Poppenbouwing 26\",\"addressLocality\":\"Nieuwegein\",\"postalCode\":\"3431 HP\",\"addressCountry\":\"NL\"}}]}<\/script>\n<!-- \/ Yoast SEO plugin. -->","yoast_head_json":{"title":"\u00bfQuieres ser socio? - QbiQ Wall Systems","robots":{"index":"index","follow":"follow","max-snippet":"max-snippet:-1","max-image-preview":"max-image-preview:large","max-video-preview":"max-video-preview:-1"},"canonical":"https:\/\/www.qbiq.nl\/es\/partner-worden\/","og_locale":"es_ES","og_type":"article","og_title":"\u00bfQuieres ser socio? - QbiQ Wall Systems","og_description":"\u00a1Convi\u00e9rtete en socio oficial de QbiQ! \u00bfQuieres ampliar tu gama de productos con un concepto de pared de sistema de alta calidad, sostenible y, sobre todo, inteligente? Convi\u00e9rtete en socio profesional de QbiQ. Como fabricante de paredes de sistema, QbiQ busca socios, como decoradores y dise\u00f1adores de proyectos, que adquieran nuestras paredes y puertas y...","og_url":"https:\/\/www.qbiq.nl\/es\/partner-worden\/","og_site_name":"QbiQ Wall Systems","article_publisher":"https:\/\/www.facebook.com\/qbiqwallsystems","article_modified_time":"2025-10-15T08:29:39+00:00","twitter_card":"summary_large_image","twitter_site":"@QbiQ1","twitter_misc":{"Tiempo de lectura":"4 minutos"},"schema":{"@context":"https:\/\/schema.org","@graph":[{"@type":"WebPage","@id":"https:\/\/www.qbiq.nl\/es\/partner-worden\/","url":"https:\/\/www.qbiq.nl\/es\/partner-worden\/","name":"\u00bfQuieres ser socio? - QbiQ Wall Systems","isPartOf":{"@id":"https:\/\/www.qbiq.nl\/?lang=en\/#website"},"datePublished":"2024-10-28T16:03:36+00:00","dateModified":"2025-10-15T08:29:39+00:00","breadcrumb":{"@id":"https:\/\/www.qbiq.nl\/es\/partner-worden\/#breadcrumb"},"inLanguage":"es","potentialAction":[{"@type":"ReadAction","target":["https:\/\/www.qbiq.nl\/es\/partner-worden\/"]}]},{"@type":"BreadcrumbList","@id":"https:\/\/www.qbiq.nl\/es\/partner-worden\/#breadcrumb","itemListElement":[{"@type":"ListItem","position":1,"name":"Home","item":"https:\/\/www.qbiq.nl\/es\/"},{"@type":"ListItem","position":2,"name":"\u00bfQuieres ser socio?"}]},{"@type":"WebSite","@id":"https:\/\/www.qbiq.nl\/?lang=en\/#website","url":"https:\/\/www.qbiq.nl\/?lang=en\/","name":"QbiQ Wall Systems","description":"QbiQ geeft iQ de ruimte","publisher":{"@id":"https:\/\/www.qbiq.nl\/?lang=en\/#organization"},"potentialAction":[{"@type":"SearchAction","target":{"@type":"EntryPoint","urlTemplate":"https:\/\/www.qbiq.nl\/?lang=en\/?s={search_term_string}"},"query-input":{"@type":"PropertyValueSpecification","valueRequired":true,"valueName":"search_term_string"}}],"inLanguage":"es"},{"@type":"Organization","@id":"https:\/\/www.qbiq.nl\/?lang=en\/#organization","name":"QbiQ Wall Systems","url":"https:\/\/www.qbiq.nl\/es\/","logo":{"@type":"ImageObject","url":"https:\/\/www.qbiq.nl\/wp-content\/themes\/qbiq\/public\/img\/logo.png","width":200,"height":60},"image":{"@id":"https:\/\/www.qbiq.nl\/?lang=en\/#\/schema\/logo\/image\/"},"sameAs":["https:\/\/www.facebook.com\/qbiqwallsystems\/","https:\/\/www.linkedin.com\/company\/qbiqwallsystems","https:\/\/www.youtube.com\/channel\/UC0-xp-sYAd3L3B6q03uvFCQ","https:\/\/www.instagram.com\/qbiqwallsystems\/"],"telephone":"+31 88 50 10 500","address":{"@type":"PostalAddress","streetAddress":"Poppenbouwing 26","addressLocality":"Nieuwegein","postalCode":"3431 HP","addressCountry":"NL"}}]}},"_links":{"self":[{"href":"https:\/\/www.qbiq.nl\/es\/wp-json\/wp\/v2\/pages\/22095","targetHints":{"allow":["GET"]}}],"collection":[{"href":"https:\/\/www.qbiq.nl\/es\/wp-json\/wp\/v2\/pages"}],"about":[{"href":"https:\/\/www.qbiq.nl\/es\/wp-json\/wp\/v2\/types\/page"}],"author":[{"embeddable":true,"href":"https:\/\/www.qbiq.nl\/es\/wp-json\/wp\/v2\/users\/1"}],"replies":[{"embeddable":true,"href":"https:\/\/www.qbiq.nl\/es\/wp-json\/wp\/v2\/comments?post=22095"}],"version-history":[{"count":5,"href":"https:\/\/www.qbiq.nl\/es\/wp-json\/wp\/v2\/pages\/22095\/revisions"}],"predecessor-version":[{"id":23558,"href":"https:\/\/www.qbiq.nl\/es\/wp-json\/wp\/v2\/pages\/22095\/revisions\/23558"}],"wp:attachment":[{"href":"https:\/\/www.qbiq.nl\/es\/wp-json\/wp\/v2\/media?parent=22095"}],"curies":[{"name":"wp","href":"https:\/\/api.w.org\/{rel}","templated":true}]}}