{"id":23267,"date":"2025-09-18T12:42:36","date_gmt":"2025-09-18T10:42:36","guid":{"rendered":"https:\/\/www.qbiq.nl\/pefc\/"},"modified":"2025-09-18T12:45:12","modified_gmt":"2025-09-18T10:45:12","slug":"pefc","status":"publish","type":"page","link":"https:\/\/www.qbiq.nl\/es\/pefc\/","title":{"rendered":"PEFC"},"content":{"rendered":"<p>Para poder utilizar los componentes de madera que QbiQ necesita para las paredes del sistema con el certificado PEFC, QbiQ ha decidido cumplir con la norma PEFC Chain of Custody (CoC). De este modo, todos los componentes de madera para las paredes cerradas iQ PRO se suministran de serie con la certificaci\u00f3n PEFC. Esta norma garantiza que los productos de madera permanezcan separados y sean totalmente trazables a lo largo de toda la cadena, desde el bosque hasta el producto final. Esto significa demostrar claramente de d\u00f3nde procede nuestra madera y comprar \u00fanicamente a proveedores con certificaci\u00f3n PEFC. Elegir PEFC significa elegir madera con respeto por las personas, el medio ambiente y el futuro.<\/p>\n<p>N\u00famero de licencia QbiQ: PEFC (30-31-1362)<\/p>\n","protected":false},"excerpt":{"rendered":"<p>Para poder utilizar los componentes de madera que QbiQ necesita para las paredes del sistema con el certificado PEFC, QbiQ ha decidido cumplir con la norma PEFC Chain of Custody (CoC). De este modo, todos los componentes de madera para las paredes cerradas iQ PRO se suministran de serie con la certificaci\u00f3n PEFC. Esta norma&#8230;<\/p>\n","protected":false},"author":1,"featured_media":0,"parent":0,"menu_order":0,"comment_status":"closed","ping_status":"closed","template":"page-duurzaam.php","meta":{"_acf_changed":false,"footnotes":""},"class_list":["post-23267","page","type-page","status-publish","hentry"],"acf":[],"yoast_head":"<!-- This site is optimized with the Yoast SEO plugin v27.5 - https:\/\/yoast.com\/product\/yoast-seo-wordpress\/ -->\n<title>PEFC - QbiQ Wall Systems<\/title>\n<meta name=\"robots\" content=\"index, follow, max-snippet:-1, max-image-preview:large, max-video-preview:-1\" \/>\n<link rel=\"canonical\" href=\"https:\/\/www.qbiq.nl\/es\/pefc\/\" \/>\n<meta property=\"og:locale\" content=\"es_ES\" \/>\n<meta property=\"og:type\" content=\"article\" \/>\n<meta property=\"og:title\" content=\"PEFC - QbiQ Wall Systems\" \/>\n<meta property=\"og:description\" content=\"Para poder utilizar los componentes de madera que QbiQ necesita para las paredes del sistema con el certificado PEFC, QbiQ ha decidido cumplir con la norma PEFC Chain of Custody (CoC). De este modo, todos los componentes de madera para las paredes cerradas iQ PRO se suministran de serie con la certificaci\u00f3n PEFC. Esta norma...\" \/>\n<meta property=\"og:url\" content=\"https:\/\/www.qbiq.nl\/es\/pefc\/\" \/>\n<meta property=\"og:site_name\" content=\"QbiQ Wall Systems\" \/>\n<meta property=\"article:publisher\" content=\"https:\/\/www.facebook.com\/qbiqwallsystems\" \/>\n<meta property=\"article:modified_time\" content=\"2025-09-18T10:45:12+00:00\" \/>\n<meta name=\"twitter:card\" content=\"summary_large_image\" \/>\n<meta name=\"twitter:site\" content=\"@QbiQ1\" \/>\n<meta name=\"twitter:label1\" content=\"Tiempo de lectura\" \/>\n\t<meta name=\"twitter:data1\" content=\"1 minuto\" \/>\n<script type=\"application\/ld+json\" class=\"yoast-schema-graph\">{\"@context\":\"https:\\\/\\\/schema.org\",\"@graph\":[{\"@type\":\"WebPage\",\"@id\":\"https:\\\/\\\/www.qbiq.nl\\\/es\\\/pefc\\\/\",\"url\":\"https:\\\/\\\/www.qbiq.nl\\\/es\\\/pefc\\\/\",\"name\":\"PEFC - QbiQ Wall Systems\",\"isPartOf\":{\"@id\":\"https:\\\/\\\/www.qbiq.nl\\\/?lang=en\\\/#website\"},\"datePublished\":\"2025-09-18T10:42:36+00:00\",\"dateModified\":\"2025-09-18T10:45:12+00:00\",\"breadcrumb\":{\"@id\":\"https:\\\/\\\/www.qbiq.nl\\\/es\\\/pefc\\\/#breadcrumb\"},\"inLanguage\":\"es\",\"potentialAction\":[{\"@type\":\"ReadAction\",\"target\":[\"https:\\\/\\\/www.qbiq.nl\\\/es\\\/pefc\\\/\"]}]},{\"@type\":\"BreadcrumbList\",\"@id\":\"https:\\\/\\\/www.qbiq.nl\\\/es\\\/pefc\\\/#breadcrumb\",\"itemListElement\":[{\"@type\":\"ListItem\",\"position\":1,\"name\":\"Home\",\"item\":\"https:\\\/\\\/www.qbiq.nl\\\/es\\\/\"},{\"@type\":\"ListItem\",\"position\":2,\"name\":\"PEFC\"}]},{\"@type\":\"WebSite\",\"@id\":\"https:\\\/\\\/www.qbiq.nl\\\/?lang=en\\\/#website\",\"url\":\"https:\\\/\\\/www.qbiq.nl\\\/?lang=en\\\/\",\"name\":\"QbiQ Wall Systems\",\"description\":\"QbiQ geeft iQ de ruimte\",\"publisher\":{\"@id\":\"https:\\\/\\\/www.qbiq.nl\\\/?lang=en\\\/#organization\"},\"potentialAction\":[{\"@type\":\"SearchAction\",\"target\":{\"@type\":\"EntryPoint\",\"urlTemplate\":\"https:\\\/\\\/www.qbiq.nl\\\/?lang=en\\\/?s={search_term_string}\"},\"query-input\":{\"@type\":\"PropertyValueSpecification\",\"valueRequired\":true,\"valueName\":\"search_term_string\"}}],\"inLanguage\":\"es\"},{\"@type\":\"Organization\",\"@id\":\"https:\\\/\\\/www.qbiq.nl\\\/?lang=en\\\/#organization\",\"name\":\"QbiQ Wall Systems\",\"url\":\"https:\\\/\\\/www.qbiq.nl\\\/es\\\/\",\"logo\":{\"@type\":\"ImageObject\",\"url\":\"https:\\\/\\\/www.qbiq.nl\\\/wp-content\\\/themes\\\/qbiq\\\/public\\\/img\\\/logo.png\",\"width\":200,\"height\":60},\"image\":{\"@id\":\"https:\\\/\\\/www.qbiq.nl\\\/?lang=en\\\/#\\\/schema\\\/logo\\\/image\\\/\"},\"sameAs\":[\"https:\\\/\\\/www.facebook.com\\\/qbiqwallsystems\\\/\",\"https:\\\/\\\/www.linkedin.com\\\/company\\\/qbiqwallsystems\",\"https:\\\/\\\/www.youtube.com\\\/channel\\\/UC0-xp-sYAd3L3B6q03uvFCQ\",\"https:\\\/\\\/www.instagram.com\\\/qbiqwallsystems\\\/\"],\"telephone\":\"+31 88 50 10 500\",\"address\":{\"@type\":\"PostalAddress\",\"streetAddress\":\"Poppenbouwing 26\",\"addressLocality\":\"Nieuwegein\",\"postalCode\":\"3431 HP\",\"addressCountry\":\"NL\"}}]}<\/script>\n<!-- \/ Yoast SEO plugin. -->","yoast_head_json":{"title":"PEFC - QbiQ Wall Systems","robots":{"index":"index","follow":"follow","max-snippet":"max-snippet:-1","max-image-preview":"max-image-preview:large","max-video-preview":"max-video-preview:-1"},"canonical":"https:\/\/www.qbiq.nl\/es\/pefc\/","og_locale":"es_ES","og_type":"article","og_title":"PEFC - QbiQ Wall Systems","og_description":"Para poder utilizar los componentes de madera que QbiQ necesita para las paredes del sistema con el certificado PEFC, QbiQ ha decidido cumplir con la norma PEFC Chain of Custody (CoC). De este modo, todos los componentes de madera para las paredes cerradas iQ PRO se suministran de serie con la certificaci\u00f3n PEFC. Esta norma...","og_url":"https:\/\/www.qbiq.nl\/es\/pefc\/","og_site_name":"QbiQ Wall Systems","article_publisher":"https:\/\/www.facebook.com\/qbiqwallsystems","article_modified_time":"2025-09-18T10:45:12+00:00","twitter_card":"summary_large_image","twitter_site":"@QbiQ1","twitter_misc":{"Tiempo de lectura":"1 minuto"},"schema":{"@context":"https:\/\/schema.org","@graph":[{"@type":"WebPage","@id":"https:\/\/www.qbiq.nl\/es\/pefc\/","url":"https:\/\/www.qbiq.nl\/es\/pefc\/","name":"PEFC - QbiQ Wall Systems","isPartOf":{"@id":"https:\/\/www.qbiq.nl\/?lang=en\/#website"},"datePublished":"2025-09-18T10:42:36+00:00","dateModified":"2025-09-18T10:45:12+00:00","breadcrumb":{"@id":"https:\/\/www.qbiq.nl\/es\/pefc\/#breadcrumb"},"inLanguage":"es","potentialAction":[{"@type":"ReadAction","target":["https:\/\/www.qbiq.nl\/es\/pefc\/"]}]},{"@type":"BreadcrumbList","@id":"https:\/\/www.qbiq.nl\/es\/pefc\/#breadcrumb","itemListElement":[{"@type":"ListItem","position":1,"name":"Home","item":"https:\/\/www.qbiq.nl\/es\/"},{"@type":"ListItem","position":2,"name":"PEFC"}]},{"@type":"WebSite","@id":"https:\/\/www.qbiq.nl\/?lang=en\/#website","url":"https:\/\/www.qbiq.nl\/?lang=en\/","name":"QbiQ Wall Systems","description":"QbiQ geeft iQ de ruimte","publisher":{"@id":"https:\/\/www.qbiq.nl\/?lang=en\/#organization"},"potentialAction":[{"@type":"SearchAction","target":{"@type":"EntryPoint","urlTemplate":"https:\/\/www.qbiq.nl\/?lang=en\/?s={search_term_string}"},"query-input":{"@type":"PropertyValueSpecification","valueRequired":true,"valueName":"search_term_string"}}],"inLanguage":"es"},{"@type":"Organization","@id":"https:\/\/www.qbiq.nl\/?lang=en\/#organization","name":"QbiQ Wall Systems","url":"https:\/\/www.qbiq.nl\/es\/","logo":{"@type":"ImageObject","url":"https:\/\/www.qbiq.nl\/wp-content\/themes\/qbiq\/public\/img\/logo.png","width":200,"height":60},"image":{"@id":"https:\/\/www.qbiq.nl\/?lang=en\/#\/schema\/logo\/image\/"},"sameAs":["https:\/\/www.facebook.com\/qbiqwallsystems\/","https:\/\/www.linkedin.com\/company\/qbiqwallsystems","https:\/\/www.youtube.com\/channel\/UC0-xp-sYAd3L3B6q03uvFCQ","https:\/\/www.instagram.com\/qbiqwallsystems\/"],"telephone":"+31 88 50 10 500","address":{"@type":"PostalAddress","streetAddress":"Poppenbouwing 26","addressLocality":"Nieuwegein","postalCode":"3431 HP","addressCountry":"NL"}}]}},"_links":{"self":[{"href":"https:\/\/www.qbiq.nl\/es\/wp-json\/wp\/v2\/pages\/23267","targetHints":{"allow":["GET"]}}],"collection":[{"href":"https:\/\/www.qbiq.nl\/es\/wp-json\/wp\/v2\/pages"}],"about":[{"href":"https:\/\/www.qbiq.nl\/es\/wp-json\/wp\/v2\/types\/page"}],"author":[{"embeddable":true,"href":"https:\/\/www.qbiq.nl\/es\/wp-json\/wp\/v2\/users\/1"}],"replies":[{"embeddable":true,"href":"https:\/\/www.qbiq.nl\/es\/wp-json\/wp\/v2\/comments?post=23267"}],"version-history":[{"count":1,"href":"https:\/\/www.qbiq.nl\/es\/wp-json\/wp\/v2\/pages\/23267\/revisions"}],"predecessor-version":[{"id":23268,"href":"https:\/\/www.qbiq.nl\/es\/wp-json\/wp\/v2\/pages\/23267\/revisions\/23268"}],"wp:attachment":[{"href":"https:\/\/www.qbiq.nl\/es\/wp-json\/wp\/v2\/media?parent=23267"}],"curies":[{"name":"wp","href":"https:\/\/api.w.org\/{rel}","templated":true}]}}