{"id":23304,"date":"2025-09-18T12:54:52","date_gmt":"2025-09-18T10:54:52","guid":{"rendered":"https:\/\/www.qbiq.nl\/duurzaam-2\/"},"modified":"2025-09-18T13:06:08","modified_gmt":"2025-09-18T11:06:08","slug":"duurzaam-2","status":"publish","type":"page","link":"https:\/\/www.qbiq.nl\/es\/duurzaam-2\/","title":{"rendered":"Duurzaam"},"content":{"rendered":"<p><span data-contrast=\"auto\">Pioneros en sostenibilidad, pioneros en circularidad\u00a0<\/span><span data-ccp-props=\"{&quot;469777462&quot;:[720],&quot;469777927&quot;:[0],&quot;469777928&quot;:[8]}\">\u00a0<\/span><\/p>\n<p><span data-contrast=\"auto\">En QbiQ Wall Systems estamos orgullosos de nuestro papel pionero en sostenibilidad durante muchos a\u00f1os, as\u00ed como de nuestro esp\u00edritu pionero en materia de circularidad. <\/span><span data-contrast=\"auto\">Todos los sistemas de paredes QbiQ son 100 % sostenibles y cuentan con la certificaci\u00f3n Cradle to Cradle Certified\u00ae Silver, fruto de nuestra experiencia y capacidad de innovaci\u00f3n. Para QbiQ, la sostenibilidad es m\u00e1s que seguir una tendencia. Eso nos convierte en el \u00fanico fabricante de sistemas de paredes que realmente cumple sus promesas en materia de sostenibilidad.\u00a0<\/span><span data-ccp-props=\"{&quot;469777462&quot;:[720],&quot;469777927&quot;:[0],&quot;469777928&quot;:[8]}\">\u00a0<\/span><\/p>\n","protected":false},"excerpt":{"rendered":"<p>Pioneros en sostenibilidad, pioneros en circularidad\u00a0\u00a0 En QbiQ Wall Systems estamos orgullosos de nuestro papel pionero en sostenibilidad durante muchos a\u00f1os, as\u00ed como de nuestro esp\u00edritu pionero en materia de circularidad. Todos los sistemas de paredes QbiQ son 100 % sostenibles y cuentan con la certificaci\u00f3n Cradle to Cradle Certified\u00ae Silver, fruto de nuestra experiencia&#8230;<\/p>\n","protected":false},"author":1,"featured_media":0,"parent":0,"menu_order":0,"comment_status":"closed","ping_status":"closed","template":"page-tussenpagina.php","meta":{"_acf_changed":false,"footnotes":""},"class_list":["post-23304","page","type-page","status-publish","hentry"],"acf":[],"yoast_head":"<!-- This site is optimized with the Yoast SEO plugin v27.5 - https:\/\/yoast.com\/product\/yoast-seo-wordpress\/ -->\n<title>Duurzaam - QbiQ Wall Systems<\/title>\n<meta name=\"robots\" content=\"index, follow, max-snippet:-1, max-image-preview:large, max-video-preview:-1\" \/>\n<link rel=\"canonical\" href=\"https:\/\/www.qbiq.nl\/es\/duurzaam-2\/\" \/>\n<meta property=\"og:locale\" content=\"es_ES\" \/>\n<meta property=\"og:type\" content=\"article\" \/>\n<meta property=\"og:title\" content=\"Duurzaam - QbiQ Wall Systems\" \/>\n<meta property=\"og:description\" content=\"Pioneros en sostenibilidad, pioneros en circularidad\u00a0\u00a0 En QbiQ Wall Systems estamos orgullosos de nuestro papel pionero en sostenibilidad durante muchos a\u00f1os, as\u00ed como de nuestro esp\u00edritu pionero en materia de circularidad. Todos los sistemas de paredes QbiQ son 100 % sostenibles y cuentan con la certificaci\u00f3n Cradle to Cradle Certified\u00ae Silver, fruto de nuestra experiencia...\" \/>\n<meta property=\"og:url\" content=\"https:\/\/www.qbiq.nl\/es\/duurzaam-2\/\" \/>\n<meta property=\"og:site_name\" content=\"QbiQ Wall Systems\" \/>\n<meta property=\"article:publisher\" content=\"https:\/\/www.facebook.com\/qbiqwallsystems\" \/>\n<meta property=\"article:modified_time\" content=\"2025-09-18T11:06:08+00:00\" \/>\n<meta name=\"twitter:card\" content=\"summary_large_image\" \/>\n<meta name=\"twitter:site\" content=\"@QbiQ1\" \/>\n<meta name=\"twitter:label1\" content=\"Tiempo de lectura\" \/>\n\t<meta name=\"twitter:data1\" content=\"4 minutos\" \/>\n<script type=\"application\/ld+json\" class=\"yoast-schema-graph\">{\"@context\":\"https:\\\/\\\/schema.org\",\"@graph\":[{\"@type\":\"WebPage\",\"@id\":\"https:\\\/\\\/www.qbiq.nl\\\/es\\\/duurzaam-2\\\/\",\"url\":\"https:\\\/\\\/www.qbiq.nl\\\/es\\\/duurzaam-2\\\/\",\"name\":\"Duurzaam - QbiQ Wall Systems\",\"isPartOf\":{\"@id\":\"https:\\\/\\\/www.qbiq.nl\\\/?lang=en\\\/#website\"},\"datePublished\":\"2025-09-18T10:54:52+00:00\",\"dateModified\":\"2025-09-18T11:06:08+00:00\",\"breadcrumb\":{\"@id\":\"https:\\\/\\\/www.qbiq.nl\\\/es\\\/duurzaam-2\\\/#breadcrumb\"},\"inLanguage\":\"es\",\"potentialAction\":[{\"@type\":\"ReadAction\",\"target\":[\"https:\\\/\\\/www.qbiq.nl\\\/es\\\/duurzaam-2\\\/\"]}]},{\"@type\":\"BreadcrumbList\",\"@id\":\"https:\\\/\\\/www.qbiq.nl\\\/es\\\/duurzaam-2\\\/#breadcrumb\",\"itemListElement\":[{\"@type\":\"ListItem\",\"position\":1,\"name\":\"Home\",\"item\":\"https:\\\/\\\/www.qbiq.nl\\\/es\\\/\"},{\"@type\":\"ListItem\",\"position\":2,\"name\":\"Duurzaam\"}]},{\"@type\":\"WebSite\",\"@id\":\"https:\\\/\\\/www.qbiq.nl\\\/?lang=en\\\/#website\",\"url\":\"https:\\\/\\\/www.qbiq.nl\\\/?lang=en\\\/\",\"name\":\"QbiQ Wall Systems\",\"description\":\"QbiQ geeft iQ de ruimte\",\"publisher\":{\"@id\":\"https:\\\/\\\/www.qbiq.nl\\\/?lang=en\\\/#organization\"},\"potentialAction\":[{\"@type\":\"SearchAction\",\"target\":{\"@type\":\"EntryPoint\",\"urlTemplate\":\"https:\\\/\\\/www.qbiq.nl\\\/?lang=en\\\/?s={search_term_string}\"},\"query-input\":{\"@type\":\"PropertyValueSpecification\",\"valueRequired\":true,\"valueName\":\"search_term_string\"}}],\"inLanguage\":\"es\"},{\"@type\":\"Organization\",\"@id\":\"https:\\\/\\\/www.qbiq.nl\\\/?lang=en\\\/#organization\",\"name\":\"QbiQ Wall Systems\",\"url\":\"https:\\\/\\\/www.qbiq.nl\\\/es\\\/\",\"logo\":{\"@type\":\"ImageObject\",\"url\":\"https:\\\/\\\/www.qbiq.nl\\\/wp-content\\\/themes\\\/qbiq\\\/public\\\/img\\\/logo.png\",\"width\":200,\"height\":60},\"image\":{\"@id\":\"https:\\\/\\\/www.qbiq.nl\\\/?lang=en\\\/#\\\/schema\\\/logo\\\/image\\\/\"},\"sameAs\":[\"https:\\\/\\\/www.facebook.com\\\/qbiqwallsystems\\\/\",\"https:\\\/\\\/www.linkedin.com\\\/company\\\/qbiqwallsystems\",\"https:\\\/\\\/www.youtube.com\\\/channel\\\/UC0-xp-sYAd3L3B6q03uvFCQ\",\"https:\\\/\\\/www.instagram.com\\\/qbiqwallsystems\\\/\"],\"telephone\":\"+31 88 50 10 500\",\"address\":{\"@type\":\"PostalAddress\",\"streetAddress\":\"Poppenbouwing 26\",\"addressLocality\":\"Nieuwegein\",\"postalCode\":\"3431 HP\",\"addressCountry\":\"NL\"}}]}<\/script>\n<!-- \/ Yoast SEO plugin. -->","yoast_head_json":{"title":"Duurzaam - QbiQ Wall Systems","robots":{"index":"index","follow":"follow","max-snippet":"max-snippet:-1","max-image-preview":"max-image-preview:large","max-video-preview":"max-video-preview:-1"},"canonical":"https:\/\/www.qbiq.nl\/es\/duurzaam-2\/","og_locale":"es_ES","og_type":"article","og_title":"Duurzaam - QbiQ Wall Systems","og_description":"Pioneros en sostenibilidad, pioneros en circularidad\u00a0\u00a0 En QbiQ Wall Systems estamos orgullosos de nuestro papel pionero en sostenibilidad durante muchos a\u00f1os, as\u00ed como de nuestro esp\u00edritu pionero en materia de circularidad. Todos los sistemas de paredes QbiQ son 100 % sostenibles y cuentan con la certificaci\u00f3n Cradle to Cradle Certified\u00ae Silver, fruto de nuestra experiencia...","og_url":"https:\/\/www.qbiq.nl\/es\/duurzaam-2\/","og_site_name":"QbiQ Wall Systems","article_publisher":"https:\/\/www.facebook.com\/qbiqwallsystems","article_modified_time":"2025-09-18T11:06:08+00:00","twitter_card":"summary_large_image","twitter_site":"@QbiQ1","twitter_misc":{"Tiempo de lectura":"4 minutos"},"schema":{"@context":"https:\/\/schema.org","@graph":[{"@type":"WebPage","@id":"https:\/\/www.qbiq.nl\/es\/duurzaam-2\/","url":"https:\/\/www.qbiq.nl\/es\/duurzaam-2\/","name":"Duurzaam - QbiQ Wall Systems","isPartOf":{"@id":"https:\/\/www.qbiq.nl\/?lang=en\/#website"},"datePublished":"2025-09-18T10:54:52+00:00","dateModified":"2025-09-18T11:06:08+00:00","breadcrumb":{"@id":"https:\/\/www.qbiq.nl\/es\/duurzaam-2\/#breadcrumb"},"inLanguage":"es","potentialAction":[{"@type":"ReadAction","target":["https:\/\/www.qbiq.nl\/es\/duurzaam-2\/"]}]},{"@type":"BreadcrumbList","@id":"https:\/\/www.qbiq.nl\/es\/duurzaam-2\/#breadcrumb","itemListElement":[{"@type":"ListItem","position":1,"name":"Home","item":"https:\/\/www.qbiq.nl\/es\/"},{"@type":"ListItem","position":2,"name":"Duurzaam"}]},{"@type":"WebSite","@id":"https:\/\/www.qbiq.nl\/?lang=en\/#website","url":"https:\/\/www.qbiq.nl\/?lang=en\/","name":"QbiQ Wall Systems","description":"QbiQ geeft iQ de ruimte","publisher":{"@id":"https:\/\/www.qbiq.nl\/?lang=en\/#organization"},"potentialAction":[{"@type":"SearchAction","target":{"@type":"EntryPoint","urlTemplate":"https:\/\/www.qbiq.nl\/?lang=en\/?s={search_term_string}"},"query-input":{"@type":"PropertyValueSpecification","valueRequired":true,"valueName":"search_term_string"}}],"inLanguage":"es"},{"@type":"Organization","@id":"https:\/\/www.qbiq.nl\/?lang=en\/#organization","name":"QbiQ Wall Systems","url":"https:\/\/www.qbiq.nl\/es\/","logo":{"@type":"ImageObject","url":"https:\/\/www.qbiq.nl\/wp-content\/themes\/qbiq\/public\/img\/logo.png","width":200,"height":60},"image":{"@id":"https:\/\/www.qbiq.nl\/?lang=en\/#\/schema\/logo\/image\/"},"sameAs":["https:\/\/www.facebook.com\/qbiqwallsystems\/","https:\/\/www.linkedin.com\/company\/qbiqwallsystems","https:\/\/www.youtube.com\/channel\/UC0-xp-sYAd3L3B6q03uvFCQ","https:\/\/www.instagram.com\/qbiqwallsystems\/"],"telephone":"+31 88 50 10 500","address":{"@type":"PostalAddress","streetAddress":"Poppenbouwing 26","addressLocality":"Nieuwegein","postalCode":"3431 HP","addressCountry":"NL"}}]}},"_links":{"self":[{"href":"https:\/\/www.qbiq.nl\/es\/wp-json\/wp\/v2\/pages\/23304","targetHints":{"allow":["GET"]}}],"collection":[{"href":"https:\/\/www.qbiq.nl\/es\/wp-json\/wp\/v2\/pages"}],"about":[{"href":"https:\/\/www.qbiq.nl\/es\/wp-json\/wp\/v2\/types\/page"}],"author":[{"embeddable":true,"href":"https:\/\/www.qbiq.nl\/es\/wp-json\/wp\/v2\/users\/1"}],"replies":[{"embeddable":true,"href":"https:\/\/www.qbiq.nl\/es\/wp-json\/wp\/v2\/comments?post=23304"}],"version-history":[{"count":2,"href":"https:\/\/www.qbiq.nl\/es\/wp-json\/wp\/v2\/pages\/23304\/revisions"}],"predecessor-version":[{"id":23306,"href":"https:\/\/www.qbiq.nl\/es\/wp-json\/wp\/v2\/pages\/23304\/revisions\/23306"}],"wp:attachment":[{"href":"https:\/\/www.qbiq.nl\/es\/wp-json\/wp\/v2\/media?parent=23304"}],"curies":[{"name":"wp","href":"https:\/\/api.w.org\/{rel}","templated":true}]}}