{"id":1849,"date":"2018-05-04T11:19:00","date_gmt":"2018-05-04T09:19:00","guid":{"rendered":"http:\/\/wpdev.qbiq.nl\/?page_id=1849"},"modified":"2018-05-04T11:19:59","modified_gmt":"2018-05-04T09:19:59","slug":"inspiratie","status":"publish","type":"page","link":"https:\/\/www.qbiq.nl\/fr\/inspiratie\/","title":{"rendered":"Inspiration"},"content":{"rendered":"<h1><strong>Qualit\u00e9 jusqu\u2019aux d\u00e9tails<\/strong><\/h1>\n<p>Les solutions intelligents de parois et de verre de QbiQ sont appliqu\u00e9es dans des projets prestigieux nationaux et internationaux. Nous sommes fiers du travail r\u00e9alis\u00e9 en \u00e9troite collaboration avec nos clients et nous sommes fiers de le montrer. Laissez-vous inspirer ! Voulez-vous savoir et voir plus ?<u> N\u2019h\u00e9sitez pas \u00e0 prendre rendez-vous. <\/u><\/p>\n","protected":false},"excerpt":{"rendered":"<p>Qualit\u00e9 jusqu\u2019aux d\u00e9tails Les solutions intelligents de parois et de verre de QbiQ sont appliqu\u00e9es dans des projets prestigieux nationaux et internationaux. Nous sommes fiers du travail r\u00e9alis\u00e9 en \u00e9troite collaboration avec nos clients et nous sommes fiers de le montrer. Laissez-vous inspirer ! Voulez-vous savoir et voir plus ? N\u2019h\u00e9sitez pas \u00e0 prendre rendez-vous.<\/p>\n","protected":false},"author":1,"featured_media":0,"parent":0,"menu_order":0,"comment_status":"closed","ping_status":"closed","template":"page-inspiratie.php","meta":{"_acf_changed":false,"footnotes":""},"class_list":["post-1849","page","type-page","status-publish","hentry"],"acf":[],"yoast_head":"<!-- This site is optimized with the Yoast SEO plugin v27.4 - https:\/\/yoast.com\/product\/yoast-seo-wordpress\/ -->\n<title>Inspiration - QbiQ Wall Systems<\/title>\n<meta name=\"description\" content=\"We zijn trots op ons werk dat in nauwe samenwerking met onze opdrachtgevers tot stand is gekomen.\" \/>\n<meta name=\"robots\" content=\"index, follow, max-snippet:-1, max-image-preview:large, max-video-preview:-1\" \/>\n<link rel=\"canonical\" href=\"https:\/\/www.qbiq.nl\/inspiratie\/?lang=fr\" \/>\n<meta property=\"og:locale\" content=\"fr_FR\" \/>\n<meta property=\"og:type\" content=\"article\" \/>\n<meta property=\"og:title\" content=\"Inspiration - QbiQ Wall Systems\" \/>\n<meta property=\"og:description\" content=\"We zijn trots op ons werk dat in nauwe samenwerking met onze opdrachtgevers tot stand is gekomen.\" \/>\n<meta property=\"og:url\" content=\"https:\/\/www.qbiq.nl\/inspiratie\/?lang=fr\" \/>\n<meta property=\"og:site_name\" content=\"QbiQ Wall Systems\" \/>\n<meta property=\"article:publisher\" content=\"https:\/\/www.facebook.com\/qbiqwallsystems\" \/>\n<meta property=\"article:modified_time\" content=\"2018-05-04T09:19:59+00:00\" \/>\n<meta name=\"twitter:card\" content=\"summary_large_image\" \/>\n<meta name=\"twitter:site\" content=\"@QbiQ1\" \/>\n<script type=\"application\/ld+json\" class=\"yoast-schema-graph\">{\"@context\":\"https:\\\/\\\/schema.org\",\"@graph\":[{\"@type\":\"WebPage\",\"@id\":\"https:\\\/\\\/www.qbiq.nl\\\/inspiratie\\\/?lang=fr\",\"url\":\"https:\\\/\\\/www.qbiq.nl\\\/inspiratie\\\/?lang=fr\",\"name\":\"Inspiration - QbiQ Wall Systems\",\"isPartOf\":{\"@id\":\"https:\\\/\\\/www.qbiq.nl\\\/?lang=en\\\/#website\"},\"datePublished\":\"2018-05-04T09:19:00+00:00\",\"dateModified\":\"2018-05-04T09:19:59+00:00\",\"description\":\"We zijn trots op ons werk dat in nauwe samenwerking met onze opdrachtgevers tot stand is gekomen.\",\"breadcrumb\":{\"@id\":\"https:\\\/\\\/www.qbiq.nl\\\/inspiratie\\\/?lang=fr#breadcrumb\"},\"inLanguage\":\"fr-FR\",\"potentialAction\":[{\"@type\":\"ReadAction\",\"target\":[\"https:\\\/\\\/www.qbiq.nl\\\/inspiratie\\\/?lang=fr\"]}]},{\"@type\":\"BreadcrumbList\",\"@id\":\"https:\\\/\\\/www.qbiq.nl\\\/inspiratie\\\/?lang=fr#breadcrumb\",\"itemListElement\":[{\"@type\":\"ListItem\",\"position\":1,\"name\":\"Home\",\"item\":\"https:\\\/\\\/www.qbiq.nl\\\/fr\\\/\"},{\"@type\":\"ListItem\",\"position\":2,\"name\":\"Inspiration\"}]},{\"@type\":\"WebSite\",\"@id\":\"https:\\\/\\\/www.qbiq.nl\\\/?lang=en\\\/#website\",\"url\":\"https:\\\/\\\/www.qbiq.nl\\\/?lang=en\\\/\",\"name\":\"QbiQ Wall Systems\",\"description\":\"QbiQ geeft iQ de ruimte\",\"publisher\":{\"@id\":\"https:\\\/\\\/www.qbiq.nl\\\/?lang=en\\\/#organization\"},\"potentialAction\":[{\"@type\":\"SearchAction\",\"target\":{\"@type\":\"EntryPoint\",\"urlTemplate\":\"https:\\\/\\\/www.qbiq.nl\\\/?lang=en\\\/?s={search_term_string}\"},\"query-input\":{\"@type\":\"PropertyValueSpecification\",\"valueRequired\":true,\"valueName\":\"search_term_string\"}}],\"inLanguage\":\"fr-FR\"},{\"@type\":\"Organization\",\"@id\":\"https:\\\/\\\/www.qbiq.nl\\\/?lang=en\\\/#organization\",\"name\":\"QbiQ Wall Systems\",\"url\":\"https:\\\/\\\/www.qbiq.nl\\\/fr\\\/\",\"logo\":{\"@type\":\"ImageObject\",\"url\":\"https:\\\/\\\/www.qbiq.nl\\\/wp-content\\\/themes\\\/qbiq\\\/public\\\/img\\\/logo.png\",\"width\":200,\"height\":60},\"image\":{\"@id\":\"https:\\\/\\\/www.qbiq.nl\\\/?lang=en\\\/#\\\/schema\\\/logo\\\/image\\\/\"},\"sameAs\":[\"https:\\\/\\\/www.facebook.com\\\/qbiqwallsystems\\\/\",\"https:\\\/\\\/www.linkedin.com\\\/company\\\/qbiqwallsystems\",\"https:\\\/\\\/www.youtube.com\\\/channel\\\/UC0-xp-sYAd3L3B6q03uvFCQ\",\"https:\\\/\\\/www.instagram.com\\\/qbiqwallsystems\\\/\"],\"telephone\":\"+31 88 50 10 500\",\"address\":{\"@type\":\"PostalAddress\",\"streetAddress\":\"Poppenbouwing 26\",\"addressLocality\":\"Nieuwegein\",\"postalCode\":\"3431 HP\",\"addressCountry\":\"NL\"}}]}<\/script>\n<!-- \/ Yoast SEO plugin. -->","yoast_head_json":{"title":"Inspiration - QbiQ Wall Systems","description":"We zijn trots op ons werk dat in nauwe samenwerking met onze opdrachtgevers tot stand is gekomen.","robots":{"index":"index","follow":"follow","max-snippet":"max-snippet:-1","max-image-preview":"max-image-preview:large","max-video-preview":"max-video-preview:-1"},"canonical":"https:\/\/www.qbiq.nl\/inspiratie\/?lang=fr","og_locale":"fr_FR","og_type":"article","og_title":"Inspiration - QbiQ Wall Systems","og_description":"We zijn trots op ons werk dat in nauwe samenwerking met onze opdrachtgevers tot stand is gekomen.","og_url":"https:\/\/www.qbiq.nl\/inspiratie\/?lang=fr","og_site_name":"QbiQ Wall Systems","article_publisher":"https:\/\/www.facebook.com\/qbiqwallsystems","article_modified_time":"2018-05-04T09:19:59+00:00","twitter_card":"summary_large_image","twitter_site":"@QbiQ1","schema":{"@context":"https:\/\/schema.org","@graph":[{"@type":"WebPage","@id":"https:\/\/www.qbiq.nl\/inspiratie\/?lang=fr","url":"https:\/\/www.qbiq.nl\/inspiratie\/?lang=fr","name":"Inspiration - QbiQ Wall Systems","isPartOf":{"@id":"https:\/\/www.qbiq.nl\/?lang=en\/#website"},"datePublished":"2018-05-04T09:19:00+00:00","dateModified":"2018-05-04T09:19:59+00:00","description":"We zijn trots op ons werk dat in nauwe samenwerking met onze opdrachtgevers tot stand is gekomen.","breadcrumb":{"@id":"https:\/\/www.qbiq.nl\/inspiratie\/?lang=fr#breadcrumb"},"inLanguage":"fr-FR","potentialAction":[{"@type":"ReadAction","target":["https:\/\/www.qbiq.nl\/inspiratie\/?lang=fr"]}]},{"@type":"BreadcrumbList","@id":"https:\/\/www.qbiq.nl\/inspiratie\/?lang=fr#breadcrumb","itemListElement":[{"@type":"ListItem","position":1,"name":"Home","item":"https:\/\/www.qbiq.nl\/fr\/"},{"@type":"ListItem","position":2,"name":"Inspiration"}]},{"@type":"WebSite","@id":"https:\/\/www.qbiq.nl\/?lang=en\/#website","url":"https:\/\/www.qbiq.nl\/?lang=en\/","name":"QbiQ Wall Systems","description":"QbiQ geeft iQ de ruimte","publisher":{"@id":"https:\/\/www.qbiq.nl\/?lang=en\/#organization"},"potentialAction":[{"@type":"SearchAction","target":{"@type":"EntryPoint","urlTemplate":"https:\/\/www.qbiq.nl\/?lang=en\/?s={search_term_string}"},"query-input":{"@type":"PropertyValueSpecification","valueRequired":true,"valueName":"search_term_string"}}],"inLanguage":"fr-FR"},{"@type":"Organization","@id":"https:\/\/www.qbiq.nl\/?lang=en\/#organization","name":"QbiQ Wall Systems","url":"https:\/\/www.qbiq.nl\/fr\/","logo":{"@type":"ImageObject","url":"https:\/\/www.qbiq.nl\/wp-content\/themes\/qbiq\/public\/img\/logo.png","width":200,"height":60},"image":{"@id":"https:\/\/www.qbiq.nl\/?lang=en\/#\/schema\/logo\/image\/"},"sameAs":["https:\/\/www.facebook.com\/qbiqwallsystems\/","https:\/\/www.linkedin.com\/company\/qbiqwallsystems","https:\/\/www.youtube.com\/channel\/UC0-xp-sYAd3L3B6q03uvFCQ","https:\/\/www.instagram.com\/qbiqwallsystems\/"],"telephone":"+31 88 50 10 500","address":{"@type":"PostalAddress","streetAddress":"Poppenbouwing 26","addressLocality":"Nieuwegein","postalCode":"3431 HP","addressCountry":"NL"}}]}},"_links":{"self":[{"href":"https:\/\/www.qbiq.nl\/fr\/wp-json\/wp\/v2\/pages\/1849","targetHints":{"allow":["GET"]}}],"collection":[{"href":"https:\/\/www.qbiq.nl\/fr\/wp-json\/wp\/v2\/pages"}],"about":[{"href":"https:\/\/www.qbiq.nl\/fr\/wp-json\/wp\/v2\/types\/page"}],"author":[{"embeddable":true,"href":"https:\/\/www.qbiq.nl\/fr\/wp-json\/wp\/v2\/users\/1"}],"replies":[{"embeddable":true,"href":"https:\/\/www.qbiq.nl\/fr\/wp-json\/wp\/v2\/comments?post=1849"}],"version-history":[{"count":3,"href":"https:\/\/www.qbiq.nl\/fr\/wp-json\/wp\/v2\/pages\/1849\/revisions"}],"predecessor-version":[{"id":1852,"href":"https:\/\/www.qbiq.nl\/fr\/wp-json\/wp\/v2\/pages\/1849\/revisions\/1852"}],"wp:attachment":[{"href":"https:\/\/www.qbiq.nl\/fr\/wp-json\/wp\/v2\/media?parent=1849"}],"curies":[{"name":"wp","href":"https:\/\/api.w.org\/{rel}","templated":true}]}}