{"id":1863,"date":"2018-05-04T11:25:44","date_gmt":"2018-05-04T09:25:44","guid":{"rendered":"http:\/\/wpdev.qbiq.nl\/?page_id=1863"},"modified":"2018-05-04T11:30:06","modified_gmt":"2018-05-04T09:30:06","slug":"vacatures","status":"publish","type":"page","link":"https:\/\/www.qbiq.nl\/fr\/vacatures\/","title":{"rendered":"Postes vacants"},"content":{"rendered":"<h1><strong>Chez QbiQ nous avons de l\u2019espace pour vous<\/strong><\/h1>\n<p>Aimeriez-vous travailler pour une soci\u00e9t\u00e9 dynamique et en pleine expansion ? \u00cates-vous quelqu\u2019un qui adore trouver des opportunit\u00e9s et des d\u00e9fis ? Alors, QbiQ est la soci\u00e9t\u00e9 par excellence o\u00f9 vous pourrez d\u00e9velopper vos qualit\u00e9s et vos talents. La flexibilit\u00e9 est notre priorit\u00e9 \u2013 dans nos syst\u00e8mes, dans notre production et surtout chez nos collaborateurs. Une qualit\u00e9 que nous attendons de vous aussi.<\/p>\n<p>Ce qui rend notre soci\u00e9t\u00e9 sp\u00e9ciale est le fait que nous donnons l\u2019opportunit\u00e9 \u00e0 des personnes qui ont difficile \u00e0 trouver leur place sur le march\u00e9 de l\u2019emploi \u00e0 trouver un lieu de travail \u00e0 part enti\u00e8re.<\/p>\n<p>&nbsp;<\/p>\n","protected":false},"excerpt":{"rendered":"<p>Chez QbiQ nous avons de l\u2019espace pour vous Aimeriez-vous travailler pour une soci\u00e9t\u00e9 dynamique et en pleine expansion ? \u00cates-vous quelqu\u2019un qui adore trouver des opportunit\u00e9s et des d\u00e9fis ? Alors, QbiQ est la soci\u00e9t\u00e9 par excellence o\u00f9 vous pourrez d\u00e9velopper vos qualit\u00e9s et vos talents. La flexibilit\u00e9 est notre priorit\u00e9 \u2013 dans nos syst\u00e8mes,&#8230;<\/p>\n","protected":false},"author":1,"featured_media":0,"parent":0,"menu_order":0,"comment_status":"closed","ping_status":"closed","template":"page-vacatures.php","meta":{"_acf_changed":false,"footnotes":""},"class_list":["post-1863","page","type-page","status-publish","hentry"],"acf":[],"yoast_head":"<!-- This site is optimized with the Yoast SEO plugin v27.5 - https:\/\/yoast.com\/product\/yoast-seo-wordpress\/ -->\n<title>Postes vacants - QbiQ Wall Systems<\/title>\n<meta name=\"robots\" content=\"index, follow, max-snippet:-1, max-image-preview:large, max-video-preview:-1\" \/>\n<link rel=\"canonical\" href=\"https:\/\/www.qbiq.nl\/vacatures\/?lang=fr\" \/>\n<meta property=\"og:locale\" content=\"fr_FR\" \/>\n<meta property=\"og:type\" content=\"article\" \/>\n<meta property=\"og:title\" content=\"Postes vacants - QbiQ Wall Systems\" \/>\n<meta property=\"og:description\" content=\"Chez QbiQ nous avons de l\u2019espace pour vous Aimeriez-vous travailler pour une soci\u00e9t\u00e9 dynamique et en pleine expansion ? \u00cates-vous quelqu\u2019un qui adore trouver des opportunit\u00e9s et des d\u00e9fis ? Alors, QbiQ est la soci\u00e9t\u00e9 par excellence o\u00f9 vous pourrez d\u00e9velopper vos qualit\u00e9s et vos talents. La flexibilit\u00e9 est notre priorit\u00e9 \u2013 dans nos syst\u00e8mes,...\" \/>\n<meta property=\"og:url\" content=\"https:\/\/www.qbiq.nl\/vacatures\/?lang=fr\" \/>\n<meta property=\"og:site_name\" content=\"QbiQ Wall Systems\" \/>\n<meta property=\"article:publisher\" content=\"https:\/\/www.facebook.com\/qbiqwallsystems\" \/>\n<meta property=\"article:modified_time\" content=\"2018-05-04T09:30:06+00:00\" \/>\n<meta name=\"twitter:card\" content=\"summary_large_image\" \/>\n<meta name=\"twitter:site\" content=\"@QbiQ1\" \/>\n<meta name=\"twitter:label1\" content=\"Dur\u00e9e de lecture estim\u00e9e\" \/>\n\t<meta name=\"twitter:data1\" content=\"1 minute\" \/>\n<script type=\"application\/ld+json\" class=\"yoast-schema-graph\">{\"@context\":\"https:\\\/\\\/schema.org\",\"@graph\":[{\"@type\":\"WebPage\",\"@id\":\"https:\\\/\\\/www.qbiq.nl\\\/vacatures\\\/?lang=fr\",\"url\":\"https:\\\/\\\/www.qbiq.nl\\\/vacatures\\\/?lang=fr\",\"name\":\"Postes vacants - QbiQ Wall Systems\",\"isPartOf\":{\"@id\":\"https:\\\/\\\/www.qbiq.nl\\\/?lang=en\\\/#website\"},\"datePublished\":\"2018-05-04T09:25:44+00:00\",\"dateModified\":\"2018-05-04T09:30:06+00:00\",\"breadcrumb\":{\"@id\":\"https:\\\/\\\/www.qbiq.nl\\\/vacatures\\\/?lang=fr#breadcrumb\"},\"inLanguage\":\"fr-FR\",\"potentialAction\":[{\"@type\":\"ReadAction\",\"target\":[\"https:\\\/\\\/www.qbiq.nl\\\/vacatures\\\/?lang=fr\"]}]},{\"@type\":\"BreadcrumbList\",\"@id\":\"https:\\\/\\\/www.qbiq.nl\\\/vacatures\\\/?lang=fr#breadcrumb\",\"itemListElement\":[{\"@type\":\"ListItem\",\"position\":1,\"name\":\"Home\",\"item\":\"https:\\\/\\\/www.qbiq.nl\\\/fr\\\/\"},{\"@type\":\"ListItem\",\"position\":2,\"name\":\"Postes vacants\"}]},{\"@type\":\"WebSite\",\"@id\":\"https:\\\/\\\/www.qbiq.nl\\\/?lang=en\\\/#website\",\"url\":\"https:\\\/\\\/www.qbiq.nl\\\/?lang=en\\\/\",\"name\":\"QbiQ Wall Systems\",\"description\":\"QbiQ geeft iQ de ruimte\",\"publisher\":{\"@id\":\"https:\\\/\\\/www.qbiq.nl\\\/?lang=en\\\/#organization\"},\"potentialAction\":[{\"@type\":\"SearchAction\",\"target\":{\"@type\":\"EntryPoint\",\"urlTemplate\":\"https:\\\/\\\/www.qbiq.nl\\\/?lang=en\\\/?s={search_term_string}\"},\"query-input\":{\"@type\":\"PropertyValueSpecification\",\"valueRequired\":true,\"valueName\":\"search_term_string\"}}],\"inLanguage\":\"fr-FR\"},{\"@type\":\"Organization\",\"@id\":\"https:\\\/\\\/www.qbiq.nl\\\/?lang=en\\\/#organization\",\"name\":\"QbiQ Wall Systems\",\"url\":\"https:\\\/\\\/www.qbiq.nl\\\/fr\\\/\",\"logo\":{\"@type\":\"ImageObject\",\"url\":\"https:\\\/\\\/www.qbiq.nl\\\/wp-content\\\/themes\\\/qbiq\\\/public\\\/img\\\/logo.png\",\"width\":200,\"height\":60},\"image\":{\"@id\":\"https:\\\/\\\/www.qbiq.nl\\\/?lang=en\\\/#\\\/schema\\\/logo\\\/image\\\/\"},\"sameAs\":[\"https:\\\/\\\/www.facebook.com\\\/qbiqwallsystems\\\/\",\"https:\\\/\\\/www.linkedin.com\\\/company\\\/qbiqwallsystems\",\"https:\\\/\\\/www.youtube.com\\\/channel\\\/UC0-xp-sYAd3L3B6q03uvFCQ\",\"https:\\\/\\\/www.instagram.com\\\/qbiqwallsystems\\\/\"],\"telephone\":\"+31 88 50 10 500\",\"address\":{\"@type\":\"PostalAddress\",\"streetAddress\":\"Poppenbouwing 26\",\"addressLocality\":\"Nieuwegein\",\"postalCode\":\"3431 HP\",\"addressCountry\":\"NL\"}}]}<\/script>\n<!-- \/ Yoast SEO plugin. -->","yoast_head_json":{"title":"Postes vacants - QbiQ Wall Systems","robots":{"index":"index","follow":"follow","max-snippet":"max-snippet:-1","max-image-preview":"max-image-preview:large","max-video-preview":"max-video-preview:-1"},"canonical":"https:\/\/www.qbiq.nl\/vacatures\/?lang=fr","og_locale":"fr_FR","og_type":"article","og_title":"Postes vacants - QbiQ Wall Systems","og_description":"Chez QbiQ nous avons de l\u2019espace pour vous Aimeriez-vous travailler pour une soci\u00e9t\u00e9 dynamique et en pleine expansion ? \u00cates-vous quelqu\u2019un qui adore trouver des opportunit\u00e9s et des d\u00e9fis ? Alors, QbiQ est la soci\u00e9t\u00e9 par excellence o\u00f9 vous pourrez d\u00e9velopper vos qualit\u00e9s et vos talents. La flexibilit\u00e9 est notre priorit\u00e9 \u2013 dans nos syst\u00e8mes,...","og_url":"https:\/\/www.qbiq.nl\/vacatures\/?lang=fr","og_site_name":"QbiQ Wall Systems","article_publisher":"https:\/\/www.facebook.com\/qbiqwallsystems","article_modified_time":"2018-05-04T09:30:06+00:00","twitter_card":"summary_large_image","twitter_site":"@QbiQ1","twitter_misc":{"Dur\u00e9e de lecture estim\u00e9e":"1 minute"},"schema":{"@context":"https:\/\/schema.org","@graph":[{"@type":"WebPage","@id":"https:\/\/www.qbiq.nl\/vacatures\/?lang=fr","url":"https:\/\/www.qbiq.nl\/vacatures\/?lang=fr","name":"Postes vacants - QbiQ Wall Systems","isPartOf":{"@id":"https:\/\/www.qbiq.nl\/?lang=en\/#website"},"datePublished":"2018-05-04T09:25:44+00:00","dateModified":"2018-05-04T09:30:06+00:00","breadcrumb":{"@id":"https:\/\/www.qbiq.nl\/vacatures\/?lang=fr#breadcrumb"},"inLanguage":"fr-FR","potentialAction":[{"@type":"ReadAction","target":["https:\/\/www.qbiq.nl\/vacatures\/?lang=fr"]}]},{"@type":"BreadcrumbList","@id":"https:\/\/www.qbiq.nl\/vacatures\/?lang=fr#breadcrumb","itemListElement":[{"@type":"ListItem","position":1,"name":"Home","item":"https:\/\/www.qbiq.nl\/fr\/"},{"@type":"ListItem","position":2,"name":"Postes vacants"}]},{"@type":"WebSite","@id":"https:\/\/www.qbiq.nl\/?lang=en\/#website","url":"https:\/\/www.qbiq.nl\/?lang=en\/","name":"QbiQ Wall Systems","description":"QbiQ geeft iQ de ruimte","publisher":{"@id":"https:\/\/www.qbiq.nl\/?lang=en\/#organization"},"potentialAction":[{"@type":"SearchAction","target":{"@type":"EntryPoint","urlTemplate":"https:\/\/www.qbiq.nl\/?lang=en\/?s={search_term_string}"},"query-input":{"@type":"PropertyValueSpecification","valueRequired":true,"valueName":"search_term_string"}}],"inLanguage":"fr-FR"},{"@type":"Organization","@id":"https:\/\/www.qbiq.nl\/?lang=en\/#organization","name":"QbiQ Wall Systems","url":"https:\/\/www.qbiq.nl\/fr\/","logo":{"@type":"ImageObject","url":"https:\/\/www.qbiq.nl\/wp-content\/themes\/qbiq\/public\/img\/logo.png","width":200,"height":60},"image":{"@id":"https:\/\/www.qbiq.nl\/?lang=en\/#\/schema\/logo\/image\/"},"sameAs":["https:\/\/www.facebook.com\/qbiqwallsystems\/","https:\/\/www.linkedin.com\/company\/qbiqwallsystems","https:\/\/www.youtube.com\/channel\/UC0-xp-sYAd3L3B6q03uvFCQ","https:\/\/www.instagram.com\/qbiqwallsystems\/"],"telephone":"+31 88 50 10 500","address":{"@type":"PostalAddress","streetAddress":"Poppenbouwing 26","addressLocality":"Nieuwegein","postalCode":"3431 HP","addressCountry":"NL"}}]}},"_links":{"self":[{"href":"https:\/\/www.qbiq.nl\/fr\/wp-json\/wp\/v2\/pages\/1863","targetHints":{"allow":["GET"]}}],"collection":[{"href":"https:\/\/www.qbiq.nl\/fr\/wp-json\/wp\/v2\/pages"}],"about":[{"href":"https:\/\/www.qbiq.nl\/fr\/wp-json\/wp\/v2\/types\/page"}],"author":[{"embeddable":true,"href":"https:\/\/www.qbiq.nl\/fr\/wp-json\/wp\/v2\/users\/1"}],"replies":[{"embeddable":true,"href":"https:\/\/www.qbiq.nl\/fr\/wp-json\/wp\/v2\/comments?post=1863"}],"version-history":[{"count":4,"href":"https:\/\/www.qbiq.nl\/fr\/wp-json\/wp\/v2\/pages\/1863\/revisions"}],"predecessor-version":[{"id":1869,"href":"https:\/\/www.qbiq.nl\/fr\/wp-json\/wp\/v2\/pages\/1863\/revisions\/1869"}],"wp:attachment":[{"href":"https:\/\/www.qbiq.nl\/fr\/wp-json\/wp\/v2\/media?parent=1863"}],"curies":[{"name":"wp","href":"https:\/\/api.w.org\/{rel}","templated":true}]}}