{"id":22093,"date":"2024-10-28T17:03:36","date_gmt":"2024-10-28T16:03:36","guid":{"rendered":"https:\/\/www.qbiq.nl\/partner-worden\/"},"modified":"2025-10-15T10:29:14","modified_gmt":"2025-10-15T08:29:14","slug":"partner-worden","status":"publish","type":"page","link":"https:\/\/www.qbiq.nl\/fr\/partner-worden\/","title":{"rendered":"Devenir partenaire ?"},"content":{"rendered":"<h2><strong>Devenez partenaire officiel QbiQ\u00a0!<\/strong><\/h2>\n<p>Envie d&rsquo;\u00e9largir votre gamme de produits avec un concept de cloisons modulaires de haute qualit\u00e9, durable et surtout intelligent\u00a0? Devenez partenaire QbiQ professionnel. En tant que fabricant de cloisons modulaires, QbiQ recherche des partenaires, tels que des installateurs et des concepteurs, pour l&rsquo;achat de nos cloisons et portes et leur commercialisation.<\/p>\n<p>Vous \u00eates l&rsquo;entrepreneur qui prend soin de vos clients. Vous conseillez et \u00e9tablissez des devis pour nos syst\u00e8mes de cloisons modulaires. Vous g\u00e9rez avec pr\u00e9cision les mesures, l&rsquo;installation, la livraison et la facturation.<\/p>\n","protected":false},"excerpt":{"rendered":"<p>Devenez partenaire officiel QbiQ\u00a0! Envie d&rsquo;\u00e9largir votre gamme de produits avec un concept de cloisons modulaires de haute qualit\u00e9, durable et surtout intelligent\u00a0? Devenez partenaire QbiQ professionnel. En tant que fabricant de cloisons modulaires, QbiQ recherche des partenaires, tels que des installateurs et des concepteurs, pour l&rsquo;achat de nos cloisons et portes et leur commercialisation&#8230;.<\/p>\n","protected":false},"author":1,"featured_media":0,"parent":0,"menu_order":0,"comment_status":"closed","ping_status":"closed","template":"page-become-partner.php","meta":{"_acf_changed":false,"footnotes":""},"class_list":["post-22093","page","type-page","status-publish","hentry"],"acf":[],"yoast_head":"<!-- This site is optimized with the Yoast SEO plugin v27.5 - https:\/\/yoast.com\/product\/yoast-seo-wordpress\/ -->\n<title>Devenir partenaire ? - QbiQ Wall Systems<\/title>\n<meta name=\"robots\" content=\"index, follow, max-snippet:-1, max-image-preview:large, max-video-preview:-1\" \/>\n<link rel=\"canonical\" href=\"https:\/\/www.qbiq.nl\/fr\/partner-worden\/\" \/>\n<meta property=\"og:locale\" content=\"fr_FR\" \/>\n<meta property=\"og:type\" content=\"article\" \/>\n<meta property=\"og:title\" content=\"Devenir partenaire ? - QbiQ Wall Systems\" \/>\n<meta property=\"og:description\" content=\"Devenez partenaire officiel QbiQ\u00a0! Envie d&rsquo;\u00e9largir votre gamme de produits avec un concept de cloisons modulaires de haute qualit\u00e9, durable et surtout intelligent\u00a0? Devenez partenaire QbiQ professionnel. En tant que fabricant de cloisons modulaires, QbiQ recherche des partenaires, tels que des installateurs et des concepteurs, pour l&rsquo;achat de nos cloisons et portes et leur commercialisation....\" \/>\n<meta property=\"og:url\" content=\"https:\/\/www.qbiq.nl\/fr\/partner-worden\/\" \/>\n<meta property=\"og:site_name\" content=\"QbiQ Wall Systems\" \/>\n<meta property=\"article:publisher\" content=\"https:\/\/www.facebook.com\/qbiqwallsystems\" \/>\n<meta property=\"article:modified_time\" content=\"2025-10-15T08:29:14+00:00\" \/>\n<meta name=\"twitter:card\" content=\"summary_large_image\" \/>\n<meta name=\"twitter:site\" content=\"@QbiQ1\" \/>\n<meta name=\"twitter:label1\" content=\"Dur\u00e9e de lecture estim\u00e9e\" \/>\n\t<meta name=\"twitter:data1\" content=\"4 minutes\" \/>\n<script type=\"application\/ld+json\" class=\"yoast-schema-graph\">{\"@context\":\"https:\\\/\\\/schema.org\",\"@graph\":[{\"@type\":\"WebPage\",\"@id\":\"https:\\\/\\\/www.qbiq.nl\\\/fr\\\/partner-worden\\\/\",\"url\":\"https:\\\/\\\/www.qbiq.nl\\\/fr\\\/partner-worden\\\/\",\"name\":\"Devenir partenaire ? - QbiQ Wall Systems\",\"isPartOf\":{\"@id\":\"https:\\\/\\\/www.qbiq.nl\\\/?lang=en\\\/#website\"},\"datePublished\":\"2024-10-28T16:03:36+00:00\",\"dateModified\":\"2025-10-15T08:29:14+00:00\",\"breadcrumb\":{\"@id\":\"https:\\\/\\\/www.qbiq.nl\\\/fr\\\/partner-worden\\\/#breadcrumb\"},\"inLanguage\":\"fr-FR\",\"potentialAction\":[{\"@type\":\"ReadAction\",\"target\":[\"https:\\\/\\\/www.qbiq.nl\\\/fr\\\/partner-worden\\\/\"]}]},{\"@type\":\"BreadcrumbList\",\"@id\":\"https:\\\/\\\/www.qbiq.nl\\\/fr\\\/partner-worden\\\/#breadcrumb\",\"itemListElement\":[{\"@type\":\"ListItem\",\"position\":1,\"name\":\"Home\",\"item\":\"https:\\\/\\\/www.qbiq.nl\\\/fr\\\/\"},{\"@type\":\"ListItem\",\"position\":2,\"name\":\"Devenir partenaire ?\"}]},{\"@type\":\"WebSite\",\"@id\":\"https:\\\/\\\/www.qbiq.nl\\\/?lang=en\\\/#website\",\"url\":\"https:\\\/\\\/www.qbiq.nl\\\/?lang=en\\\/\",\"name\":\"QbiQ Wall Systems\",\"description\":\"QbiQ geeft iQ de ruimte\",\"publisher\":{\"@id\":\"https:\\\/\\\/www.qbiq.nl\\\/?lang=en\\\/#organization\"},\"potentialAction\":[{\"@type\":\"SearchAction\",\"target\":{\"@type\":\"EntryPoint\",\"urlTemplate\":\"https:\\\/\\\/www.qbiq.nl\\\/?lang=en\\\/?s={search_term_string}\"},\"query-input\":{\"@type\":\"PropertyValueSpecification\",\"valueRequired\":true,\"valueName\":\"search_term_string\"}}],\"inLanguage\":\"fr-FR\"},{\"@type\":\"Organization\",\"@id\":\"https:\\\/\\\/www.qbiq.nl\\\/?lang=en\\\/#organization\",\"name\":\"QbiQ Wall Systems\",\"url\":\"https:\\\/\\\/www.qbiq.nl\\\/fr\\\/\",\"logo\":{\"@type\":\"ImageObject\",\"url\":\"https:\\\/\\\/www.qbiq.nl\\\/wp-content\\\/themes\\\/qbiq\\\/public\\\/img\\\/logo.png\",\"width\":200,\"height\":60},\"image\":{\"@id\":\"https:\\\/\\\/www.qbiq.nl\\\/?lang=en\\\/#\\\/schema\\\/logo\\\/image\\\/\"},\"sameAs\":[\"https:\\\/\\\/www.facebook.com\\\/qbiqwallsystems\\\/\",\"https:\\\/\\\/www.linkedin.com\\\/company\\\/qbiqwallsystems\",\"https:\\\/\\\/www.youtube.com\\\/channel\\\/UC0-xp-sYAd3L3B6q03uvFCQ\",\"https:\\\/\\\/www.instagram.com\\\/qbiqwallsystems\\\/\"],\"telephone\":\"+31 88 50 10 500\",\"address\":{\"@type\":\"PostalAddress\",\"streetAddress\":\"Poppenbouwing 26\",\"addressLocality\":\"Nieuwegein\",\"postalCode\":\"3431 HP\",\"addressCountry\":\"NL\"}}]}<\/script>\n<!-- \/ Yoast SEO plugin. -->","yoast_head_json":{"title":"Devenir partenaire ? - QbiQ Wall Systems","robots":{"index":"index","follow":"follow","max-snippet":"max-snippet:-1","max-image-preview":"max-image-preview:large","max-video-preview":"max-video-preview:-1"},"canonical":"https:\/\/www.qbiq.nl\/fr\/partner-worden\/","og_locale":"fr_FR","og_type":"article","og_title":"Devenir partenaire ? - QbiQ Wall Systems","og_description":"Devenez partenaire officiel QbiQ\u00a0! Envie d&rsquo;\u00e9largir votre gamme de produits avec un concept de cloisons modulaires de haute qualit\u00e9, durable et surtout intelligent\u00a0? Devenez partenaire QbiQ professionnel. En tant que fabricant de cloisons modulaires, QbiQ recherche des partenaires, tels que des installateurs et des concepteurs, pour l&rsquo;achat de nos cloisons et portes et leur commercialisation....","og_url":"https:\/\/www.qbiq.nl\/fr\/partner-worden\/","og_site_name":"QbiQ Wall Systems","article_publisher":"https:\/\/www.facebook.com\/qbiqwallsystems","article_modified_time":"2025-10-15T08:29:14+00:00","twitter_card":"summary_large_image","twitter_site":"@QbiQ1","twitter_misc":{"Dur\u00e9e de lecture estim\u00e9e":"4 minutes"},"schema":{"@context":"https:\/\/schema.org","@graph":[{"@type":"WebPage","@id":"https:\/\/www.qbiq.nl\/fr\/partner-worden\/","url":"https:\/\/www.qbiq.nl\/fr\/partner-worden\/","name":"Devenir partenaire ? - QbiQ Wall Systems","isPartOf":{"@id":"https:\/\/www.qbiq.nl\/?lang=en\/#website"},"datePublished":"2024-10-28T16:03:36+00:00","dateModified":"2025-10-15T08:29:14+00:00","breadcrumb":{"@id":"https:\/\/www.qbiq.nl\/fr\/partner-worden\/#breadcrumb"},"inLanguage":"fr-FR","potentialAction":[{"@type":"ReadAction","target":["https:\/\/www.qbiq.nl\/fr\/partner-worden\/"]}]},{"@type":"BreadcrumbList","@id":"https:\/\/www.qbiq.nl\/fr\/partner-worden\/#breadcrumb","itemListElement":[{"@type":"ListItem","position":1,"name":"Home","item":"https:\/\/www.qbiq.nl\/fr\/"},{"@type":"ListItem","position":2,"name":"Devenir partenaire ?"}]},{"@type":"WebSite","@id":"https:\/\/www.qbiq.nl\/?lang=en\/#website","url":"https:\/\/www.qbiq.nl\/?lang=en\/","name":"QbiQ Wall Systems","description":"QbiQ geeft iQ de ruimte","publisher":{"@id":"https:\/\/www.qbiq.nl\/?lang=en\/#organization"},"potentialAction":[{"@type":"SearchAction","target":{"@type":"EntryPoint","urlTemplate":"https:\/\/www.qbiq.nl\/?lang=en\/?s={search_term_string}"},"query-input":{"@type":"PropertyValueSpecification","valueRequired":true,"valueName":"search_term_string"}}],"inLanguage":"fr-FR"},{"@type":"Organization","@id":"https:\/\/www.qbiq.nl\/?lang=en\/#organization","name":"QbiQ Wall Systems","url":"https:\/\/www.qbiq.nl\/fr\/","logo":{"@type":"ImageObject","url":"https:\/\/www.qbiq.nl\/wp-content\/themes\/qbiq\/public\/img\/logo.png","width":200,"height":60},"image":{"@id":"https:\/\/www.qbiq.nl\/?lang=en\/#\/schema\/logo\/image\/"},"sameAs":["https:\/\/www.facebook.com\/qbiqwallsystems\/","https:\/\/www.linkedin.com\/company\/qbiqwallsystems","https:\/\/www.youtube.com\/channel\/UC0-xp-sYAd3L3B6q03uvFCQ","https:\/\/www.instagram.com\/qbiqwallsystems\/"],"telephone":"+31 88 50 10 500","address":{"@type":"PostalAddress","streetAddress":"Poppenbouwing 26","addressLocality":"Nieuwegein","postalCode":"3431 HP","addressCountry":"NL"}}]}},"_links":{"self":[{"href":"https:\/\/www.qbiq.nl\/fr\/wp-json\/wp\/v2\/pages\/22093","targetHints":{"allow":["GET"]}}],"collection":[{"href":"https:\/\/www.qbiq.nl\/fr\/wp-json\/wp\/v2\/pages"}],"about":[{"href":"https:\/\/www.qbiq.nl\/fr\/wp-json\/wp\/v2\/types\/page"}],"author":[{"embeddable":true,"href":"https:\/\/www.qbiq.nl\/fr\/wp-json\/wp\/v2\/users\/1"}],"replies":[{"embeddable":true,"href":"https:\/\/www.qbiq.nl\/fr\/wp-json\/wp\/v2\/comments?post=22093"}],"version-history":[{"count":7,"href":"https:\/\/www.qbiq.nl\/fr\/wp-json\/wp\/v2\/pages\/22093\/revisions"}],"predecessor-version":[{"id":23556,"href":"https:\/\/www.qbiq.nl\/fr\/wp-json\/wp\/v2\/pages\/22093\/revisions\/23556"}],"wp:attachment":[{"href":"https:\/\/www.qbiq.nl\/fr\/wp-json\/wp\/v2\/media?parent=22093"}],"curies":[{"name":"wp","href":"https:\/\/api.w.org\/{rel}","templated":true}]}}