{"id":23263,"date":"2025-09-18T12:42:36","date_gmt":"2025-09-18T10:42:36","guid":{"rendered":"https:\/\/www.qbiq.nl\/pefc\/"},"modified":"2025-09-18T12:44:01","modified_gmt":"2025-09-18T10:44:01","slug":"pefc","status":"publish","type":"page","link":"https:\/\/www.qbiq.nl\/fr\/pefc\/","title":{"rendered":"PEFC"},"content":{"rendered":"<p>Afin de pouvoir utiliser les composants en bois dont QbiQ a besoin pour ses cloisons modulaires sous le certificat PEFC, QbiQ a d\u00e9cid\u00e9 de se conformer \u00e0 la norme PEFC Chain of Custody (CoC). Ainsi, toutes les pi\u00e8ces en bois pour les cloisons ferm\u00e9es iQ PRO sont fournies en standard sous le label PEFC. Cette norme garantit que les produits en bois restent s\u00e9par\u00e9s et enti\u00e8rement tra\u00e7ables tout au long de la cha\u00eene, de la for\u00eat au produit fini. Cela signifie que nous devons clairement d\u00e9montrer d&rsquo;o\u00f9 provient notre bois et nous approvisionner uniquement aupr\u00e8s de fournisseurs certifi\u00e9s PEFC. Choisir PEFC, c&rsquo;est choisir du bois respectueux des personnes, de l&rsquo;environnement et de l&rsquo;avenir.<\/p>\n","protected":false},"excerpt":{"rendered":"<p>Afin de pouvoir utiliser les composants en bois dont QbiQ a besoin pour ses cloisons modulaires sous le certificat PEFC, QbiQ a d\u00e9cid\u00e9 de se conformer \u00e0 la norme PEFC Chain of Custody (CoC). Ainsi, toutes les pi\u00e8ces en bois pour les cloisons ferm\u00e9es iQ PRO sont fournies en standard sous le label PEFC. Cette&#8230;<\/p>\n","protected":false},"author":1,"featured_media":0,"parent":0,"menu_order":0,"comment_status":"closed","ping_status":"closed","template":"page-duurzaam.php","meta":{"_acf_changed":false,"footnotes":""},"class_list":["post-23263","page","type-page","status-publish","hentry"],"acf":[],"yoast_head":"<!-- This site is optimized with the Yoast SEO plugin v27.5 - https:\/\/yoast.com\/product\/yoast-seo-wordpress\/ -->\n<title>PEFC - QbiQ Wall Systems<\/title>\n<meta name=\"robots\" content=\"index, follow, max-snippet:-1, max-image-preview:large, max-video-preview:-1\" \/>\n<link rel=\"canonical\" href=\"https:\/\/www.qbiq.nl\/fr\/pefc\/\" \/>\n<meta property=\"og:locale\" content=\"fr_FR\" \/>\n<meta property=\"og:type\" content=\"article\" \/>\n<meta property=\"og:title\" content=\"PEFC - QbiQ Wall Systems\" \/>\n<meta property=\"og:description\" content=\"Afin de pouvoir utiliser les composants en bois dont QbiQ a besoin pour ses cloisons modulaires sous le certificat PEFC, QbiQ a d\u00e9cid\u00e9 de se conformer \u00e0 la norme PEFC Chain of Custody (CoC). Ainsi, toutes les pi\u00e8ces en bois pour les cloisons ferm\u00e9es iQ PRO sont fournies en standard sous le label PEFC. Cette...\" \/>\n<meta property=\"og:url\" content=\"https:\/\/www.qbiq.nl\/fr\/pefc\/\" \/>\n<meta property=\"og:site_name\" content=\"QbiQ Wall Systems\" \/>\n<meta property=\"article:publisher\" content=\"https:\/\/www.facebook.com\/qbiqwallsystems\" \/>\n<meta property=\"article:modified_time\" content=\"2025-09-18T10:44:01+00:00\" \/>\n<meta name=\"twitter:card\" content=\"summary_large_image\" \/>\n<meta name=\"twitter:site\" content=\"@QbiQ1\" \/>\n<meta name=\"twitter:label1\" content=\"Dur\u00e9e de lecture estim\u00e9e\" \/>\n\t<meta name=\"twitter:data1\" content=\"1 minute\" \/>\n<script type=\"application\/ld+json\" class=\"yoast-schema-graph\">{\"@context\":\"https:\\\/\\\/schema.org\",\"@graph\":[{\"@type\":\"WebPage\",\"@id\":\"https:\\\/\\\/www.qbiq.nl\\\/fr\\\/pefc\\\/\",\"url\":\"https:\\\/\\\/www.qbiq.nl\\\/fr\\\/pefc\\\/\",\"name\":\"PEFC - QbiQ Wall Systems\",\"isPartOf\":{\"@id\":\"https:\\\/\\\/www.qbiq.nl\\\/?lang=en\\\/#website\"},\"datePublished\":\"2025-09-18T10:42:36+00:00\",\"dateModified\":\"2025-09-18T10:44:01+00:00\",\"breadcrumb\":{\"@id\":\"https:\\\/\\\/www.qbiq.nl\\\/fr\\\/pefc\\\/#breadcrumb\"},\"inLanguage\":\"fr-FR\",\"potentialAction\":[{\"@type\":\"ReadAction\",\"target\":[\"https:\\\/\\\/www.qbiq.nl\\\/fr\\\/pefc\\\/\"]}]},{\"@type\":\"BreadcrumbList\",\"@id\":\"https:\\\/\\\/www.qbiq.nl\\\/fr\\\/pefc\\\/#breadcrumb\",\"itemListElement\":[{\"@type\":\"ListItem\",\"position\":1,\"name\":\"Home\",\"item\":\"https:\\\/\\\/www.qbiq.nl\\\/fr\\\/\"},{\"@type\":\"ListItem\",\"position\":2,\"name\":\"PEFC\"}]},{\"@type\":\"WebSite\",\"@id\":\"https:\\\/\\\/www.qbiq.nl\\\/?lang=en\\\/#website\",\"url\":\"https:\\\/\\\/www.qbiq.nl\\\/?lang=en\\\/\",\"name\":\"QbiQ Wall Systems\",\"description\":\"QbiQ geeft iQ de ruimte\",\"publisher\":{\"@id\":\"https:\\\/\\\/www.qbiq.nl\\\/?lang=en\\\/#organization\"},\"potentialAction\":[{\"@type\":\"SearchAction\",\"target\":{\"@type\":\"EntryPoint\",\"urlTemplate\":\"https:\\\/\\\/www.qbiq.nl\\\/?lang=en\\\/?s={search_term_string}\"},\"query-input\":{\"@type\":\"PropertyValueSpecification\",\"valueRequired\":true,\"valueName\":\"search_term_string\"}}],\"inLanguage\":\"fr-FR\"},{\"@type\":\"Organization\",\"@id\":\"https:\\\/\\\/www.qbiq.nl\\\/?lang=en\\\/#organization\",\"name\":\"QbiQ Wall Systems\",\"url\":\"https:\\\/\\\/www.qbiq.nl\\\/fr\\\/\",\"logo\":{\"@type\":\"ImageObject\",\"url\":\"https:\\\/\\\/www.qbiq.nl\\\/wp-content\\\/themes\\\/qbiq\\\/public\\\/img\\\/logo.png\",\"width\":200,\"height\":60},\"image\":{\"@id\":\"https:\\\/\\\/www.qbiq.nl\\\/?lang=en\\\/#\\\/schema\\\/logo\\\/image\\\/\"},\"sameAs\":[\"https:\\\/\\\/www.facebook.com\\\/qbiqwallsystems\\\/\",\"https:\\\/\\\/www.linkedin.com\\\/company\\\/qbiqwallsystems\",\"https:\\\/\\\/www.youtube.com\\\/channel\\\/UC0-xp-sYAd3L3B6q03uvFCQ\",\"https:\\\/\\\/www.instagram.com\\\/qbiqwallsystems\\\/\"],\"telephone\":\"+31 88 50 10 500\",\"address\":{\"@type\":\"PostalAddress\",\"streetAddress\":\"Poppenbouwing 26\",\"addressLocality\":\"Nieuwegein\",\"postalCode\":\"3431 HP\",\"addressCountry\":\"NL\"}}]}<\/script>\n<!-- \/ Yoast SEO plugin. -->","yoast_head_json":{"title":"PEFC - QbiQ Wall Systems","robots":{"index":"index","follow":"follow","max-snippet":"max-snippet:-1","max-image-preview":"max-image-preview:large","max-video-preview":"max-video-preview:-1"},"canonical":"https:\/\/www.qbiq.nl\/fr\/pefc\/","og_locale":"fr_FR","og_type":"article","og_title":"PEFC - QbiQ Wall Systems","og_description":"Afin de pouvoir utiliser les composants en bois dont QbiQ a besoin pour ses cloisons modulaires sous le certificat PEFC, QbiQ a d\u00e9cid\u00e9 de se conformer \u00e0 la norme PEFC Chain of Custody (CoC). Ainsi, toutes les pi\u00e8ces en bois pour les cloisons ferm\u00e9es iQ PRO sont fournies en standard sous le label PEFC. Cette...","og_url":"https:\/\/www.qbiq.nl\/fr\/pefc\/","og_site_name":"QbiQ Wall Systems","article_publisher":"https:\/\/www.facebook.com\/qbiqwallsystems","article_modified_time":"2025-09-18T10:44:01+00:00","twitter_card":"summary_large_image","twitter_site":"@QbiQ1","twitter_misc":{"Dur\u00e9e de lecture estim\u00e9e":"1 minute"},"schema":{"@context":"https:\/\/schema.org","@graph":[{"@type":"WebPage","@id":"https:\/\/www.qbiq.nl\/fr\/pefc\/","url":"https:\/\/www.qbiq.nl\/fr\/pefc\/","name":"PEFC - QbiQ Wall Systems","isPartOf":{"@id":"https:\/\/www.qbiq.nl\/?lang=en\/#website"},"datePublished":"2025-09-18T10:42:36+00:00","dateModified":"2025-09-18T10:44:01+00:00","breadcrumb":{"@id":"https:\/\/www.qbiq.nl\/fr\/pefc\/#breadcrumb"},"inLanguage":"fr-FR","potentialAction":[{"@type":"ReadAction","target":["https:\/\/www.qbiq.nl\/fr\/pefc\/"]}]},{"@type":"BreadcrumbList","@id":"https:\/\/www.qbiq.nl\/fr\/pefc\/#breadcrumb","itemListElement":[{"@type":"ListItem","position":1,"name":"Home","item":"https:\/\/www.qbiq.nl\/fr\/"},{"@type":"ListItem","position":2,"name":"PEFC"}]},{"@type":"WebSite","@id":"https:\/\/www.qbiq.nl\/?lang=en\/#website","url":"https:\/\/www.qbiq.nl\/?lang=en\/","name":"QbiQ Wall Systems","description":"QbiQ geeft iQ de ruimte","publisher":{"@id":"https:\/\/www.qbiq.nl\/?lang=en\/#organization"},"potentialAction":[{"@type":"SearchAction","target":{"@type":"EntryPoint","urlTemplate":"https:\/\/www.qbiq.nl\/?lang=en\/?s={search_term_string}"},"query-input":{"@type":"PropertyValueSpecification","valueRequired":true,"valueName":"search_term_string"}}],"inLanguage":"fr-FR"},{"@type":"Organization","@id":"https:\/\/www.qbiq.nl\/?lang=en\/#organization","name":"QbiQ Wall Systems","url":"https:\/\/www.qbiq.nl\/fr\/","logo":{"@type":"ImageObject","url":"https:\/\/www.qbiq.nl\/wp-content\/themes\/qbiq\/public\/img\/logo.png","width":200,"height":60},"image":{"@id":"https:\/\/www.qbiq.nl\/?lang=en\/#\/schema\/logo\/image\/"},"sameAs":["https:\/\/www.facebook.com\/qbiqwallsystems\/","https:\/\/www.linkedin.com\/company\/qbiqwallsystems","https:\/\/www.youtube.com\/channel\/UC0-xp-sYAd3L3B6q03uvFCQ","https:\/\/www.instagram.com\/qbiqwallsystems\/"],"telephone":"+31 88 50 10 500","address":{"@type":"PostalAddress","streetAddress":"Poppenbouwing 26","addressLocality":"Nieuwegein","postalCode":"3431 HP","addressCountry":"NL"}}]}},"_links":{"self":[{"href":"https:\/\/www.qbiq.nl\/fr\/wp-json\/wp\/v2\/pages\/23263","targetHints":{"allow":["GET"]}}],"collection":[{"href":"https:\/\/www.qbiq.nl\/fr\/wp-json\/wp\/v2\/pages"}],"about":[{"href":"https:\/\/www.qbiq.nl\/fr\/wp-json\/wp\/v2\/types\/page"}],"author":[{"embeddable":true,"href":"https:\/\/www.qbiq.nl\/fr\/wp-json\/wp\/v2\/users\/1"}],"replies":[{"embeddable":true,"href":"https:\/\/www.qbiq.nl\/fr\/wp-json\/wp\/v2\/comments?post=23263"}],"version-history":[{"count":1,"href":"https:\/\/www.qbiq.nl\/fr\/wp-json\/wp\/v2\/pages\/23263\/revisions"}],"predecessor-version":[{"id":23264,"href":"https:\/\/www.qbiq.nl\/fr\/wp-json\/wp\/v2\/pages\/23263\/revisions\/23264"}],"wp:attachment":[{"href":"https:\/\/www.qbiq.nl\/fr\/wp-json\/wp\/v2\/media?parent=23263"}],"curies":[{"name":"wp","href":"https:\/\/api.w.org\/{rel}","templated":true}]}}