{"id":23273,"date":"2025-09-18T12:46:37","date_gmt":"2025-09-18T10:46:37","guid":{"rendered":"https:\/\/www.qbiq.nl\/het-nieuwe-normaal\/"},"modified":"2025-09-18T12:48:13","modified_gmt":"2025-09-18T10:48:13","slug":"het-nieuwe-normaal","status":"publish","type":"page","link":"https:\/\/www.qbiq.nl\/fr\/het-nieuwe-normaal\/","title":{"rendered":"Het Nieuwe Normaal"},"content":{"rendered":"<p>La nouvelle norme circulaire<\/p>\n<p>D\u00e9but 2024, QbiQ a franchi une \u00e9tape importante vers la durabilit\u00e9 en signant La nouvelle norme, un manifeste pour la construction circulaire. Ce manifeste est une \u00e9tape importante pour l&rsquo;\u00e9conomie circulaire dans le secteur de la construction, qui confirme l&rsquo;engagement en faveur d&rsquo;objectifs circulaires uniformes et ambitieux dans ce secteur. La nouvelle norme r\u00e9pond au besoin d&rsquo;une approche circulaire standardis\u00e9e. La signature de QbiQ sous ce manifeste souligne notre engagement en faveur d&rsquo;un avenir circulaire.<\/p>\n","protected":false},"excerpt":{"rendered":"<p>La nouvelle norme circulaire D\u00e9but 2024, QbiQ a franchi une \u00e9tape importante vers la durabilit\u00e9 en signant La nouvelle norme, un manifeste pour la construction circulaire. Ce manifeste est une \u00e9tape importante pour l&rsquo;\u00e9conomie circulaire dans le secteur de la construction, qui confirme l&rsquo;engagement en faveur d&rsquo;objectifs circulaires uniformes et ambitieux dans ce secteur. La&#8230;<\/p>\n","protected":false},"author":1,"featured_media":0,"parent":0,"menu_order":0,"comment_status":"closed","ping_status":"closed","template":"page-duurzaam.php","meta":{"_acf_changed":false,"footnotes":""},"class_list":["post-23273","page","type-page","status-publish","hentry"],"acf":[],"yoast_head":"<!-- This site is optimized with the Yoast SEO plugin v27.4 - https:\/\/yoast.com\/product\/yoast-seo-wordpress\/ -->\n<title>Het Nieuwe Normaal - QbiQ Wall Systems<\/title>\n<meta name=\"robots\" content=\"index, follow, max-snippet:-1, max-image-preview:large, max-video-preview:-1\" \/>\n<link rel=\"canonical\" href=\"https:\/\/www.qbiq.nl\/fr\/het-nieuwe-normaal\/\" \/>\n<meta property=\"og:locale\" content=\"fr_FR\" \/>\n<meta property=\"og:type\" content=\"article\" \/>\n<meta property=\"og:title\" content=\"Het Nieuwe Normaal - QbiQ Wall Systems\" \/>\n<meta property=\"og:description\" content=\"La nouvelle norme circulaire D\u00e9but 2024, QbiQ a franchi une \u00e9tape importante vers la durabilit\u00e9 en signant La nouvelle norme, un manifeste pour la construction circulaire. Ce manifeste est une \u00e9tape importante pour l&rsquo;\u00e9conomie circulaire dans le secteur de la construction, qui confirme l&rsquo;engagement en faveur d&rsquo;objectifs circulaires uniformes et ambitieux dans ce secteur. La...\" \/>\n<meta property=\"og:url\" content=\"https:\/\/www.qbiq.nl\/fr\/het-nieuwe-normaal\/\" \/>\n<meta property=\"og:site_name\" content=\"QbiQ Wall Systems\" \/>\n<meta property=\"article:publisher\" content=\"https:\/\/www.facebook.com\/qbiqwallsystems\" \/>\n<meta property=\"article:modified_time\" content=\"2025-09-18T10:48:13+00:00\" \/>\n<meta name=\"twitter:card\" content=\"summary_large_image\" \/>\n<meta name=\"twitter:site\" content=\"@QbiQ1\" \/>\n<meta name=\"twitter:label1\" content=\"Dur\u00e9e de lecture estim\u00e9e\" \/>\n\t<meta name=\"twitter:data1\" content=\"1 minute\" \/>\n<script type=\"application\/ld+json\" class=\"yoast-schema-graph\">{\"@context\":\"https:\\\/\\\/schema.org\",\"@graph\":[{\"@type\":\"WebPage\",\"@id\":\"https:\\\/\\\/www.qbiq.nl\\\/fr\\\/het-nieuwe-normaal\\\/\",\"url\":\"https:\\\/\\\/www.qbiq.nl\\\/fr\\\/het-nieuwe-normaal\\\/\",\"name\":\"Het Nieuwe Normaal - QbiQ Wall Systems\",\"isPartOf\":{\"@id\":\"https:\\\/\\\/www.qbiq.nl\\\/?lang=en\\\/#website\"},\"datePublished\":\"2025-09-18T10:46:37+00:00\",\"dateModified\":\"2025-09-18T10:48:13+00:00\",\"breadcrumb\":{\"@id\":\"https:\\\/\\\/www.qbiq.nl\\\/fr\\\/het-nieuwe-normaal\\\/#breadcrumb\"},\"inLanguage\":\"fr-FR\",\"potentialAction\":[{\"@type\":\"ReadAction\",\"target\":[\"https:\\\/\\\/www.qbiq.nl\\\/fr\\\/het-nieuwe-normaal\\\/\"]}]},{\"@type\":\"BreadcrumbList\",\"@id\":\"https:\\\/\\\/www.qbiq.nl\\\/fr\\\/het-nieuwe-normaal\\\/#breadcrumb\",\"itemListElement\":[{\"@type\":\"ListItem\",\"position\":1,\"name\":\"Home\",\"item\":\"https:\\\/\\\/www.qbiq.nl\\\/fr\\\/\"},{\"@type\":\"ListItem\",\"position\":2,\"name\":\"Het Nieuwe Normaal\"}]},{\"@type\":\"WebSite\",\"@id\":\"https:\\\/\\\/www.qbiq.nl\\\/?lang=en\\\/#website\",\"url\":\"https:\\\/\\\/www.qbiq.nl\\\/?lang=en\\\/\",\"name\":\"QbiQ Wall Systems\",\"description\":\"QbiQ geeft iQ de ruimte\",\"publisher\":{\"@id\":\"https:\\\/\\\/www.qbiq.nl\\\/?lang=en\\\/#organization\"},\"potentialAction\":[{\"@type\":\"SearchAction\",\"target\":{\"@type\":\"EntryPoint\",\"urlTemplate\":\"https:\\\/\\\/www.qbiq.nl\\\/?lang=en\\\/?s={search_term_string}\"},\"query-input\":{\"@type\":\"PropertyValueSpecification\",\"valueRequired\":true,\"valueName\":\"search_term_string\"}}],\"inLanguage\":\"fr-FR\"},{\"@type\":\"Organization\",\"@id\":\"https:\\\/\\\/www.qbiq.nl\\\/?lang=en\\\/#organization\",\"name\":\"QbiQ Wall Systems\",\"url\":\"https:\\\/\\\/www.qbiq.nl\\\/fr\\\/\",\"logo\":{\"@type\":\"ImageObject\",\"url\":\"https:\\\/\\\/www.qbiq.nl\\\/wp-content\\\/themes\\\/qbiq\\\/public\\\/img\\\/logo.png\",\"width\":200,\"height\":60},\"image\":{\"@id\":\"https:\\\/\\\/www.qbiq.nl\\\/?lang=en\\\/#\\\/schema\\\/logo\\\/image\\\/\"},\"sameAs\":[\"https:\\\/\\\/www.facebook.com\\\/qbiqwallsystems\\\/\",\"https:\\\/\\\/www.linkedin.com\\\/company\\\/qbiqwallsystems\",\"https:\\\/\\\/www.youtube.com\\\/channel\\\/UC0-xp-sYAd3L3B6q03uvFCQ\",\"https:\\\/\\\/www.instagram.com\\\/qbiqwallsystems\\\/\"],\"telephone\":\"+31 88 50 10 500\",\"address\":{\"@type\":\"PostalAddress\",\"streetAddress\":\"Poppenbouwing 26\",\"addressLocality\":\"Nieuwegein\",\"postalCode\":\"3431 HP\",\"addressCountry\":\"NL\"}}]}<\/script>\n<!-- \/ Yoast SEO plugin. -->","yoast_head_json":{"title":"Het Nieuwe Normaal - QbiQ Wall Systems","robots":{"index":"index","follow":"follow","max-snippet":"max-snippet:-1","max-image-preview":"max-image-preview:large","max-video-preview":"max-video-preview:-1"},"canonical":"https:\/\/www.qbiq.nl\/fr\/het-nieuwe-normaal\/","og_locale":"fr_FR","og_type":"article","og_title":"Het Nieuwe Normaal - QbiQ Wall Systems","og_description":"La nouvelle norme circulaire D\u00e9but 2024, QbiQ a franchi une \u00e9tape importante vers la durabilit\u00e9 en signant La nouvelle norme, un manifeste pour la construction circulaire. Ce manifeste est une \u00e9tape importante pour l&rsquo;\u00e9conomie circulaire dans le secteur de la construction, qui confirme l&rsquo;engagement en faveur d&rsquo;objectifs circulaires uniformes et ambitieux dans ce secteur. La...","og_url":"https:\/\/www.qbiq.nl\/fr\/het-nieuwe-normaal\/","og_site_name":"QbiQ Wall Systems","article_publisher":"https:\/\/www.facebook.com\/qbiqwallsystems","article_modified_time":"2025-09-18T10:48:13+00:00","twitter_card":"summary_large_image","twitter_site":"@QbiQ1","twitter_misc":{"Dur\u00e9e de lecture estim\u00e9e":"1 minute"},"schema":{"@context":"https:\/\/schema.org","@graph":[{"@type":"WebPage","@id":"https:\/\/www.qbiq.nl\/fr\/het-nieuwe-normaal\/","url":"https:\/\/www.qbiq.nl\/fr\/het-nieuwe-normaal\/","name":"Het Nieuwe Normaal - QbiQ Wall Systems","isPartOf":{"@id":"https:\/\/www.qbiq.nl\/?lang=en\/#website"},"datePublished":"2025-09-18T10:46:37+00:00","dateModified":"2025-09-18T10:48:13+00:00","breadcrumb":{"@id":"https:\/\/www.qbiq.nl\/fr\/het-nieuwe-normaal\/#breadcrumb"},"inLanguage":"fr-FR","potentialAction":[{"@type":"ReadAction","target":["https:\/\/www.qbiq.nl\/fr\/het-nieuwe-normaal\/"]}]},{"@type":"BreadcrumbList","@id":"https:\/\/www.qbiq.nl\/fr\/het-nieuwe-normaal\/#breadcrumb","itemListElement":[{"@type":"ListItem","position":1,"name":"Home","item":"https:\/\/www.qbiq.nl\/fr\/"},{"@type":"ListItem","position":2,"name":"Het Nieuwe Normaal"}]},{"@type":"WebSite","@id":"https:\/\/www.qbiq.nl\/?lang=en\/#website","url":"https:\/\/www.qbiq.nl\/?lang=en\/","name":"QbiQ Wall Systems","description":"QbiQ geeft iQ de ruimte","publisher":{"@id":"https:\/\/www.qbiq.nl\/?lang=en\/#organization"},"potentialAction":[{"@type":"SearchAction","target":{"@type":"EntryPoint","urlTemplate":"https:\/\/www.qbiq.nl\/?lang=en\/?s={search_term_string}"},"query-input":{"@type":"PropertyValueSpecification","valueRequired":true,"valueName":"search_term_string"}}],"inLanguage":"fr-FR"},{"@type":"Organization","@id":"https:\/\/www.qbiq.nl\/?lang=en\/#organization","name":"QbiQ Wall Systems","url":"https:\/\/www.qbiq.nl\/fr\/","logo":{"@type":"ImageObject","url":"https:\/\/www.qbiq.nl\/wp-content\/themes\/qbiq\/public\/img\/logo.png","width":200,"height":60},"image":{"@id":"https:\/\/www.qbiq.nl\/?lang=en\/#\/schema\/logo\/image\/"},"sameAs":["https:\/\/www.facebook.com\/qbiqwallsystems\/","https:\/\/www.linkedin.com\/company\/qbiqwallsystems","https:\/\/www.youtube.com\/channel\/UC0-xp-sYAd3L3B6q03uvFCQ","https:\/\/www.instagram.com\/qbiqwallsystems\/"],"telephone":"+31 88 50 10 500","address":{"@type":"PostalAddress","streetAddress":"Poppenbouwing 26","addressLocality":"Nieuwegein","postalCode":"3431 HP","addressCountry":"NL"}}]}},"_links":{"self":[{"href":"https:\/\/www.qbiq.nl\/fr\/wp-json\/wp\/v2\/pages\/23273","targetHints":{"allow":["GET"]}}],"collection":[{"href":"https:\/\/www.qbiq.nl\/fr\/wp-json\/wp\/v2\/pages"}],"about":[{"href":"https:\/\/www.qbiq.nl\/fr\/wp-json\/wp\/v2\/types\/page"}],"author":[{"embeddable":true,"href":"https:\/\/www.qbiq.nl\/fr\/wp-json\/wp\/v2\/users\/1"}],"replies":[{"embeddable":true,"href":"https:\/\/www.qbiq.nl\/fr\/wp-json\/wp\/v2\/comments?post=23273"}],"version-history":[{"count":1,"href":"https:\/\/www.qbiq.nl\/fr\/wp-json\/wp\/v2\/pages\/23273\/revisions"}],"predecessor-version":[{"id":23274,"href":"https:\/\/www.qbiq.nl\/fr\/wp-json\/wp\/v2\/pages\/23273\/revisions\/23274"}],"wp:attachment":[{"href":"https:\/\/www.qbiq.nl\/fr\/wp-json\/wp\/v2\/media?parent=23273"}],"curies":[{"name":"wp","href":"https:\/\/api.w.org\/{rel}","templated":true}]}}