{"id":23297,"date":"2025-09-18T12:54:52","date_gmt":"2025-09-18T10:54:52","guid":{"rendered":"https:\/\/www.qbiq.nl\/duurzaam-2\/"},"modified":"2025-09-18T13:01:54","modified_gmt":"2025-09-18T11:01:54","slug":"duurzaam-2","status":"publish","type":"page","link":"https:\/\/www.qbiq.nl\/fr\/duurzaam-2\/","title":{"rendered":"Duurzaam"},"content":{"rendered":"<p>Pionniers en mati\u00e8re de durabilit\u00e9, pr\u00e9curseurs en mati\u00e8re de circularit\u00e9<\/p>\n<p>Chez QbiQ Wall Systems, nous sommes fiers de notre r\u00f4le de pionnier en mati\u00e8re de durabilit\u00e9 depuis de nombreuses ann\u00e9es, ainsi que de notre esprit novateur en mati\u00e8re de circularit\u00e9. Tous les syst\u00e8mes de cloisons QbiQ sont 100 % durables et certifi\u00e9s Cradle to Cradle Certified\u00ae Silver, gr\u00e2ce \u00e0 notre expertise et \u00e0 notre capacit\u00e9 d&rsquo;innovation. Pour QbiQ, la durabilit\u00e9 est bien plus qu&rsquo;une simple tendance. Cela fait de nous le seul fabricant de cloisons modulaires qui tient r\u00e9ellement ses promesses en mati\u00e8re de durabilit\u00e9.<\/p>\n","protected":false},"excerpt":{"rendered":"<p>Pionniers en mati\u00e8re de durabilit\u00e9, pr\u00e9curseurs en mati\u00e8re de circularit\u00e9 Chez QbiQ Wall Systems, nous sommes fiers de notre r\u00f4le de pionnier en mati\u00e8re de durabilit\u00e9 depuis de nombreuses ann\u00e9es, ainsi que de notre esprit novateur en mati\u00e8re de circularit\u00e9. Tous les syst\u00e8mes de cloisons QbiQ sont 100 % durables et certifi\u00e9s Cradle to Cradle&#8230;<\/p>\n","protected":false},"author":1,"featured_media":0,"parent":0,"menu_order":0,"comment_status":"closed","ping_status":"closed","template":"page-tussenpagina.php","meta":{"_acf_changed":false,"footnotes":""},"class_list":["post-23297","page","type-page","status-publish","hentry"],"acf":[],"yoast_head":"<!-- This site is optimized with the Yoast SEO plugin v27.5 - https:\/\/yoast.com\/product\/yoast-seo-wordpress\/ -->\n<title>Duurzaam - QbiQ Wall Systems<\/title>\n<meta name=\"robots\" content=\"index, follow, max-snippet:-1, max-image-preview:large, max-video-preview:-1\" \/>\n<link rel=\"canonical\" href=\"https:\/\/www.qbiq.nl\/fr\/duurzaam-2\/\" \/>\n<meta property=\"og:locale\" content=\"fr_FR\" \/>\n<meta property=\"og:type\" content=\"article\" \/>\n<meta property=\"og:title\" content=\"Duurzaam - QbiQ Wall Systems\" \/>\n<meta property=\"og:description\" content=\"Pionniers en mati\u00e8re de durabilit\u00e9, pr\u00e9curseurs en mati\u00e8re de circularit\u00e9 Chez QbiQ Wall Systems, nous sommes fiers de notre r\u00f4le de pionnier en mati\u00e8re de durabilit\u00e9 depuis de nombreuses ann\u00e9es, ainsi que de notre esprit novateur en mati\u00e8re de circularit\u00e9. Tous les syst\u00e8mes de cloisons QbiQ sont 100 % durables et certifi\u00e9s Cradle to Cradle...\" \/>\n<meta property=\"og:url\" content=\"https:\/\/www.qbiq.nl\/fr\/duurzaam-2\/\" \/>\n<meta property=\"og:site_name\" content=\"QbiQ Wall Systems\" \/>\n<meta property=\"article:publisher\" content=\"https:\/\/www.facebook.com\/qbiqwallsystems\" \/>\n<meta property=\"article:modified_time\" content=\"2025-09-18T11:01:54+00:00\" \/>\n<meta name=\"twitter:card\" content=\"summary_large_image\" \/>\n<meta name=\"twitter:site\" content=\"@QbiQ1\" \/>\n<meta name=\"twitter:label1\" content=\"Dur\u00e9e de lecture estim\u00e9e\" \/>\n\t<meta name=\"twitter:data1\" content=\"4 minutes\" \/>\n<script type=\"application\/ld+json\" class=\"yoast-schema-graph\">{\"@context\":\"https:\\\/\\\/schema.org\",\"@graph\":[{\"@type\":\"WebPage\",\"@id\":\"https:\\\/\\\/www.qbiq.nl\\\/fr\\\/duurzaam-2\\\/\",\"url\":\"https:\\\/\\\/www.qbiq.nl\\\/fr\\\/duurzaam-2\\\/\",\"name\":\"Duurzaam - QbiQ Wall Systems\",\"isPartOf\":{\"@id\":\"https:\\\/\\\/www.qbiq.nl\\\/?lang=en\\\/#website\"},\"datePublished\":\"2025-09-18T10:54:52+00:00\",\"dateModified\":\"2025-09-18T11:01:54+00:00\",\"breadcrumb\":{\"@id\":\"https:\\\/\\\/www.qbiq.nl\\\/fr\\\/duurzaam-2\\\/#breadcrumb\"},\"inLanguage\":\"fr-FR\",\"potentialAction\":[{\"@type\":\"ReadAction\",\"target\":[\"https:\\\/\\\/www.qbiq.nl\\\/fr\\\/duurzaam-2\\\/\"]}]},{\"@type\":\"BreadcrumbList\",\"@id\":\"https:\\\/\\\/www.qbiq.nl\\\/fr\\\/duurzaam-2\\\/#breadcrumb\",\"itemListElement\":[{\"@type\":\"ListItem\",\"position\":1,\"name\":\"Home\",\"item\":\"https:\\\/\\\/www.qbiq.nl\\\/fr\\\/\"},{\"@type\":\"ListItem\",\"position\":2,\"name\":\"Duurzaam\"}]},{\"@type\":\"WebSite\",\"@id\":\"https:\\\/\\\/www.qbiq.nl\\\/?lang=en\\\/#website\",\"url\":\"https:\\\/\\\/www.qbiq.nl\\\/?lang=en\\\/\",\"name\":\"QbiQ Wall Systems\",\"description\":\"QbiQ geeft iQ de ruimte\",\"publisher\":{\"@id\":\"https:\\\/\\\/www.qbiq.nl\\\/?lang=en\\\/#organization\"},\"potentialAction\":[{\"@type\":\"SearchAction\",\"target\":{\"@type\":\"EntryPoint\",\"urlTemplate\":\"https:\\\/\\\/www.qbiq.nl\\\/?lang=en\\\/?s={search_term_string}\"},\"query-input\":{\"@type\":\"PropertyValueSpecification\",\"valueRequired\":true,\"valueName\":\"search_term_string\"}}],\"inLanguage\":\"fr-FR\"},{\"@type\":\"Organization\",\"@id\":\"https:\\\/\\\/www.qbiq.nl\\\/?lang=en\\\/#organization\",\"name\":\"QbiQ Wall Systems\",\"url\":\"https:\\\/\\\/www.qbiq.nl\\\/fr\\\/\",\"logo\":{\"@type\":\"ImageObject\",\"url\":\"https:\\\/\\\/www.qbiq.nl\\\/wp-content\\\/themes\\\/qbiq\\\/public\\\/img\\\/logo.png\",\"width\":200,\"height\":60},\"image\":{\"@id\":\"https:\\\/\\\/www.qbiq.nl\\\/?lang=en\\\/#\\\/schema\\\/logo\\\/image\\\/\"},\"sameAs\":[\"https:\\\/\\\/www.facebook.com\\\/qbiqwallsystems\\\/\",\"https:\\\/\\\/www.linkedin.com\\\/company\\\/qbiqwallsystems\",\"https:\\\/\\\/www.youtube.com\\\/channel\\\/UC0-xp-sYAd3L3B6q03uvFCQ\",\"https:\\\/\\\/www.instagram.com\\\/qbiqwallsystems\\\/\"],\"telephone\":\"+31 88 50 10 500\",\"address\":{\"@type\":\"PostalAddress\",\"streetAddress\":\"Poppenbouwing 26\",\"addressLocality\":\"Nieuwegein\",\"postalCode\":\"3431 HP\",\"addressCountry\":\"NL\"}}]}<\/script>\n<!-- \/ Yoast SEO plugin. -->","yoast_head_json":{"title":"Duurzaam - QbiQ Wall Systems","robots":{"index":"index","follow":"follow","max-snippet":"max-snippet:-1","max-image-preview":"max-image-preview:large","max-video-preview":"max-video-preview:-1"},"canonical":"https:\/\/www.qbiq.nl\/fr\/duurzaam-2\/","og_locale":"fr_FR","og_type":"article","og_title":"Duurzaam - QbiQ Wall Systems","og_description":"Pionniers en mati\u00e8re de durabilit\u00e9, pr\u00e9curseurs en mati\u00e8re de circularit\u00e9 Chez QbiQ Wall Systems, nous sommes fiers de notre r\u00f4le de pionnier en mati\u00e8re de durabilit\u00e9 depuis de nombreuses ann\u00e9es, ainsi que de notre esprit novateur en mati\u00e8re de circularit\u00e9. Tous les syst\u00e8mes de cloisons QbiQ sont 100 % durables et certifi\u00e9s Cradle to Cradle...","og_url":"https:\/\/www.qbiq.nl\/fr\/duurzaam-2\/","og_site_name":"QbiQ Wall Systems","article_publisher":"https:\/\/www.facebook.com\/qbiqwallsystems","article_modified_time":"2025-09-18T11:01:54+00:00","twitter_card":"summary_large_image","twitter_site":"@QbiQ1","twitter_misc":{"Dur\u00e9e de lecture estim\u00e9e":"4 minutes"},"schema":{"@context":"https:\/\/schema.org","@graph":[{"@type":"WebPage","@id":"https:\/\/www.qbiq.nl\/fr\/duurzaam-2\/","url":"https:\/\/www.qbiq.nl\/fr\/duurzaam-2\/","name":"Duurzaam - QbiQ Wall Systems","isPartOf":{"@id":"https:\/\/www.qbiq.nl\/?lang=en\/#website"},"datePublished":"2025-09-18T10:54:52+00:00","dateModified":"2025-09-18T11:01:54+00:00","breadcrumb":{"@id":"https:\/\/www.qbiq.nl\/fr\/duurzaam-2\/#breadcrumb"},"inLanguage":"fr-FR","potentialAction":[{"@type":"ReadAction","target":["https:\/\/www.qbiq.nl\/fr\/duurzaam-2\/"]}]},{"@type":"BreadcrumbList","@id":"https:\/\/www.qbiq.nl\/fr\/duurzaam-2\/#breadcrumb","itemListElement":[{"@type":"ListItem","position":1,"name":"Home","item":"https:\/\/www.qbiq.nl\/fr\/"},{"@type":"ListItem","position":2,"name":"Duurzaam"}]},{"@type":"WebSite","@id":"https:\/\/www.qbiq.nl\/?lang=en\/#website","url":"https:\/\/www.qbiq.nl\/?lang=en\/","name":"QbiQ Wall Systems","description":"QbiQ geeft iQ de ruimte","publisher":{"@id":"https:\/\/www.qbiq.nl\/?lang=en\/#organization"},"potentialAction":[{"@type":"SearchAction","target":{"@type":"EntryPoint","urlTemplate":"https:\/\/www.qbiq.nl\/?lang=en\/?s={search_term_string}"},"query-input":{"@type":"PropertyValueSpecification","valueRequired":true,"valueName":"search_term_string"}}],"inLanguage":"fr-FR"},{"@type":"Organization","@id":"https:\/\/www.qbiq.nl\/?lang=en\/#organization","name":"QbiQ Wall Systems","url":"https:\/\/www.qbiq.nl\/fr\/","logo":{"@type":"ImageObject","url":"https:\/\/www.qbiq.nl\/wp-content\/themes\/qbiq\/public\/img\/logo.png","width":200,"height":60},"image":{"@id":"https:\/\/www.qbiq.nl\/?lang=en\/#\/schema\/logo\/image\/"},"sameAs":["https:\/\/www.facebook.com\/qbiqwallsystems\/","https:\/\/www.linkedin.com\/company\/qbiqwallsystems","https:\/\/www.youtube.com\/channel\/UC0-xp-sYAd3L3B6q03uvFCQ","https:\/\/www.instagram.com\/qbiqwallsystems\/"],"telephone":"+31 88 50 10 500","address":{"@type":"PostalAddress","streetAddress":"Poppenbouwing 26","addressLocality":"Nieuwegein","postalCode":"3431 HP","addressCountry":"NL"}}]}},"_links":{"self":[{"href":"https:\/\/www.qbiq.nl\/fr\/wp-json\/wp\/v2\/pages\/23297","targetHints":{"allow":["GET"]}}],"collection":[{"href":"https:\/\/www.qbiq.nl\/fr\/wp-json\/wp\/v2\/pages"}],"about":[{"href":"https:\/\/www.qbiq.nl\/fr\/wp-json\/wp\/v2\/types\/page"}],"author":[{"embeddable":true,"href":"https:\/\/www.qbiq.nl\/fr\/wp-json\/wp\/v2\/users\/1"}],"replies":[{"embeddable":true,"href":"https:\/\/www.qbiq.nl\/fr\/wp-json\/wp\/v2\/comments?post=23297"}],"version-history":[{"count":2,"href":"https:\/\/www.qbiq.nl\/fr\/wp-json\/wp\/v2\/pages\/23297\/revisions"}],"predecessor-version":[{"id":23299,"href":"https:\/\/www.qbiq.nl\/fr\/wp-json\/wp\/v2\/pages\/23297\/revisions\/23299"}],"wp:attachment":[{"href":"https:\/\/www.qbiq.nl\/fr\/wp-json\/wp\/v2\/media?parent=23297"}],"curies":[{"name":"wp","href":"https:\/\/api.w.org\/{rel}","templated":true}]}}